{"id":894,"date":"2018-05-30T11:32:18","date_gmt":"2018-05-30T09:32:18","guid":{"rendered":"http:\/\/www.istium.pro\/web\/?page_id=894"},"modified":"2019-09-20T10:58:44","modified_gmt":"2019-09-20T08:58:44","slug":"login","status":"publish","type":"page","link":"https:\/\/www.istium.pro\/web\/login\/","title":{"rendered":"Connexion"},"content":{"rendered":"[et_pb_section admin_label=\u00a0\u00bbsection\u00a0\u00bb]\n\t\t[et_pb_row admin_label=\u00a0\u00bbrow\u00a0\u00bb]\n\t\t\t[et_pb_column type=\u00a0\u00bb4_4&Prime;][et_pb_text admin_label=\u00a0\u00bbText\u00a0\u00bb]Le site permet aux utilisateurs habilit\u00e9s de se connecter \u00e0 un espace priv\u00e9.<br \/>\nNous respectons la vie priv\u00e9e et la r\u00e9glementation sur la protection des donn\u00e9es personnelles<\/p>\n<h4>Veuillez vous identifier.<\/h4>\n\t<div class=\"lwa lwa-default\">        <form class=\"lwa-form\" action=\"https:\/\/www.istium.pro\/web\/wp-login.php?itsec-hb-token=wplogin&#038;template=default\" method=\"post\">\r\n        \t<div>\r\n        \t<span class=\"lwa-status\"><\/span>\r\n            <table>\r\n                <tr class=\"lwa-username\">\r\n                    <td class=\"lwa-username-label\">\r\n                        <label>Identifiant<\/label>\r\n                    <\/td>\r\n                    <td class=\"lwa-username-input\">\r\n                        <input type=\"text\" name=\"log\" \/>\r\n                    <\/td>\r\n                <\/tr>\r\n                <tr class=\"lwa-password\">\r\n                    <td class=\"lwa-password-label\">\r\n                        <label>Mot de passe<\/label>\r\n                    <\/td>\r\n                    <td class=\"lwa-password-input\">\r\n                        <input type=\"password\" name=\"pwd\" \/>\r\n                    <\/td>\r\n                <\/tr>\r\n                <tr><td colspan=\"2\"><input type=\"hidden\" name=\"lang\" id=\"lang\" value=\"all\" \/><\/td><\/tr>\r\n                <tr class=\"lwa-submit\">\r\n                    <td class=\"lwa-submit-button\">\r\n                        <input type=\"submit\" name=\"wp-submit\" id=\"lwa_wp-submit\" value=\"Connexion\" tabindex=\"100\" \/>\r\n                        <input type=\"hidden\" name=\"lwa_profile_link\" value=\"1\" \/>\r\n                        <input type=\"hidden\" name=\"login-with-ajax\" value=\"login\" \/>\r\n\t\t\t\t\t\t                    <\/td>\r\n                    <td class=\"lwa-submit-links\">\r\n                        <input name=\"rememberme\" type=\"checkbox\" class=\"lwa-rememberme\" value=\"forever\" \/> <label>Se souvenir de moi<\/label>\r\n                        <br \/>\r\n\t\t\t\t\t\t\t\t\t\t\t\t<a class=\"lwa-links-remember\" href=\"https:\/\/www.istium.pro\/web\/wp-login.php?itsec-hb-token=wplogin&#038;action=lostpassword&#038;template=default\" title=\"Mot de passe retrouv\u00e9\">Mot de passe oubli\u00e9 ?<\/a>\r\n\t\t\t\t\t\t                                            <\/td>\r\n                <\/tr>\r\n            <\/table>\r\n            <\/div>\r\n        <\/form>\r\n                <form class=\"lwa-remember\" action=\"https:\/\/www.istium.pro\/web\/wp-login.php?itsec-hb-token=wplogin&#038;action=lostpassword&#038;template=default\" method=\"post\" style=\"display:none;\">\r\n        \t<div>\r\n        \t<span class=\"lwa-status\"><\/span>\r\n            <table>\r\n                <tr>\r\n                    <td>\r\n                        <strong>Mot de passe oubli\u00e9<\/strong>         \r\n                    <\/td>\r\n                <\/tr>\r\n                <tr>\r\n                    <td class=\"lwa-remember-email\">  \r\n                                                <input type=\"text\" name=\"user_login\" class=\"lwa-user-remember\" value=\"Entrez votre identifiant ou votre email\" onfocus=\"if(this.value == 'Entrez votre identifiant ou votre email'){this.value = '';}\" onblur=\"if(this.value == ''){this.value = 'Entrez votre identifiant ou votre email'}\" \/>\r\n                        <input type=\"hidden\" name=\"lang\" id=\"lang\" value=\"all\" \/>                    <\/td>\r\n                <\/tr>\r\n                <tr>\r\n                    <td class=\"lwa-remember-buttons\">\r\n                        <input type=\"submit\" value=\"Obtenir un nouveau mot de passe\" class=\"lwa-button-remember\" \/>\r\n                        <a href=\"#\" class=\"lwa-links-remember-cancel\">Annuler<\/a>\r\n                        <input type=\"hidden\" name=\"login-with-ajax\" value=\"remember\" \/>\r\n                    <\/td>\r\n                <\/tr>\r\n            <\/table>\r\n            <\/div>\r\n        <\/form>\r\n        \t\t\t<\/div>[\/et_pb_text][\/et_pb_column]\n\t\t[\/et_pb_row]\n\t[\/et_pb_section]\n","protected":false},"excerpt":{"rendered":"<p>Le site permet aux utilisateurs habilit\u00e9s de se connecter \u00e0 un espace priv\u00e9. Nous respectons la vie priv\u00e9e et la r\u00e9glementation sur la protection des donn\u00e9es personnelles Veuillez vous identifier. \t<div class=\"lwa lwa-default\">        <form class=\"lwa-form\" action=\"https:\/\/www.istium.pro\/web\/wp-login.php?itsec-hb-token=wplogin&#038;template=default\" method=\"post\">\r\n        \t<div>\r\n        \t<span class=\"lwa-status\"><\/span>\r\n            <table>\r\n                <tr class=\"lwa-username\">\r\n                    <td class=\"lwa-username-label\">\r\n                        <label>Identifiant<\/label>\r\n                    <\/td>\r\n                    <td class=\"lwa-username-input\">\r\n                        <input type=\"text\" name=\"log\" \/>\r\n                    <\/td>\r\n                <\/tr>\r\n                <tr class=\"lwa-password\">\r\n                    <td class=\"lwa-password-label\">\r\n                        <label>Mot de passe<\/label>\r\n                    <\/td>\r\n                    <td class=\"lwa-password-input\">\r\n                        <input type=\"password\" name=\"pwd\" \/>\r\n                    <\/td>\r\n                <\/tr>\r\n                <tr><td colspan=\"2\"><input type=\"hidden\" name=\"lang\" id=\"lang\" value=\"all\" \/><\/td><\/tr>\r\n                <tr class=\"lwa-submit\">\r\n                    <td class=\"lwa-submit-button\">\r\n                        <input type=\"submit\" name=\"wp-submit\" id=\"lwa_wp-submit\" value=\"Connexion\" tabindex=\"100\" \/>\r\n                        <input type=\"hidden\" name=\"lwa_profile_link\" value=\"1\" \/>\r\n                        <input type=\"hidden\" name=\"login-with-ajax\" value=\"login\" \/>\r\n\t\t\t\t\t\t                    <\/td>\r\n                    <td class=\"lwa-submit-links\">\r\n                        <input name=\"rememberme\" type=\"checkbox\" class=\"lwa-rememberme\" value=\"forever\" \/> <label>Se souvenir de moi<\/label>\r\n                        <br \/>\r\n\t\t\t\t\t\t\t\t\t\t\t\t<a class=\"lwa-links-remember\" href=\"https:\/\/www.istium.pro\/web\/wp-login.php?itsec-hb-token=wplogin&#038;action=lostpassword&#038;template=default\" title=\"Mot de passe retrouv\u00e9\">Mot de passe oubli\u00e9 ?<\/a>\r\n\t\t\t\t\t\t                                            <\/td>\r\n                <\/tr>\r\n            <\/table>\r\n            <\/div>\r\n        <\/form>\r\n                <form class=\"lwa-remember\" action=\"https:\/\/www.istium.pro\/web\/wp-login.php?itsec-hb-token=wplogin&#038;action=lostpassword&#038;template=default\" method=\"post\" style=\"display:none;\">\r\n        \t<div>\r\n        \t<span class=\"lwa-status\"><\/span>\r\n            <table>\r\n                <tr>\r\n                    <td>\r\n                        <strong>Mot de passe oubli\u00e9<\/strong>         \r\n                    <\/td>\r\n                <\/tr>\r\n                <tr>\r\n                    <td class=\"lwa-remember-email\">  \r\n                                                <input type=\"text\" name=\"user_login\" class=\"lwa-user-remember\" value=\"Entrez votre identifiant ou votre email\" onfocus=\"if(this.value == 'Entrez votre identifiant ou votre email'){this.value = '';}\" onblur=\"if(this.value == ''){this.value = 'Entrez votre identifiant ou votre email'}\" \/>\r\n                        <input type=\"hidden\" name=\"lang\" id=\"lang\" value=\"all\" \/>                    <\/td>\r\n                <\/tr>\r\n                <tr>\r\n                    <td class=\"lwa-remember-buttons\">\r\n                        <input type=\"submit\" value=\"Obtenir un nouveau mot de passe\" class=\"lwa-button-remember\" \/>\r\n                        <a href=\"#\" class=\"lwa-links-remember-cancel\">Annuler<\/a>\r\n                        <input type=\"hidden\" name=\"login-with-ajax\" value=\"remember\" \/>\r\n                    <\/td>\r\n                <\/tr>\r\n            <\/table>\r\n            <\/div>\r\n        <\/form>\r\n        \t\t\t<\/div><\/p>\n","protected":false},"author":1,"featured_media":0,"parent":0,"menu_order":0,"comment_status":"closed","ping_status":"closed","template":"","meta":{"_et_pb_use_builder":"on","_et_pb_old_content":"Le site permet aux utilisateurs habilit\u00e9s de se connecter \u00e0 un espace priv\u00e9.\r\nNous respectons la vie priv\u00e9e et la r\u00e9glementation sur la protection des donn\u00e9es personnelles\r\n<h4>Veuillez vous identifier.<\/h4>\r\n[lwa]","_et_gb_content_width":"","footnotes":""},"class_list":["post-894","page","type-page","status-publish","hentry"],"aioseo_notices":[],"_links":{"self":[{"href":"https:\/\/www.istium.pro\/web\/wp-json\/wp\/v2\/pages\/894","targetHints":{"allow":["GET"]}}],"collection":[{"href":"https:\/\/www.istium.pro\/web\/wp-json\/wp\/v2\/pages"}],"about":[{"href":"https:\/\/www.istium.pro\/web\/wp-json\/wp\/v2\/types\/page"}],"author":[{"embeddable":true,"href":"https:\/\/www.istium.pro\/web\/wp-json\/wp\/v2\/users\/1"}],"replies":[{"embeddable":true,"href":"https:\/\/www.istium.pro\/web\/wp-json\/wp\/v2\/comments?post=894"}],"version-history":[{"count":6,"href":"https:\/\/www.istium.pro\/web\/wp-json\/wp\/v2\/pages\/894\/revisions"}],"predecessor-version":[{"id":2492,"href":"https:\/\/www.istium.pro\/web\/wp-json\/wp\/v2\/pages\/894\/revisions\/2492"}],"wp:attachment":[{"href":"https:\/\/www.istium.pro\/web\/wp-json\/wp\/v2\/media?parent=894"}],"curies":[{"name":"wp","href":"https:\/\/api.w.org\/{rel}","templated":true}]}}