{"id":86,"date":"2013-04-23T08:55:31","date_gmt":"2013-04-23T06:55:31","guid":{"rendered":"http:\/\/www.istium.pro\/web\/?page_id=86"},"modified":"2019-09-24T15:11:49","modified_gmt":"2019-09-24T13:11:49","slug":"compania","status":"publish","type":"page","link":"https:\/\/www.istium.pro\/web\/compania\/","title":{"rendered":"Compania"},"content":{"rendered":"[et_pb_section fb_built=\u00a0\u00bb1&Prime; _builder_version=\u00a0\u00bb3.29.3&Prime; background_color=\u00a0\u00bb#ffffff\u00a0\u00bb background_image=\u00a0\u00bbhttps:\/\/www.istium.pro\/web\/wp-content\/uploads\/2019\/09\/map-1.png\u00a0\u00bb background_size=\u00a0\u00bbinitial\u00a0\u00bb background_position=\u00a0\u00bbbottom_center\u00a0\u00bb fb_built=\u00a0\u00bb1&Prime; _i=\u00a0\u00bb0&Prime; _address=\u00a0\u00bb0&Prime;][et_pb_row use_custom_gutter=\u00a0\u00bbon\u00a0\u00bb gutter_width=\u00a0\u00bb1&Prime; make_equal=\u00a0\u00bbon\u00a0\u00bb _builder_version=\u00a0\u00bb3.29.2&Prime; background_size=\u00a0\u00bbinitial\u00a0\u00bb background_position=\u00a0\u00bbtop_left\u00a0\u00bb background_repeat=\u00a0\u00bbrepeat\u00a0\u00bb width=\u00a0\u00bb100%\u00a0\u00bb custom_padding=\u00a0\u00bb27px|0px|24px|0px\u00a0\u00bb locked=\u00a0\u00bboff\u00a0\u00bb _i=\u00a0\u00bb0&Prime; _address=\u00a0\u00bb0.0&Prime;][et_pb_column type=\u00a0\u00bb4_4&Prime; _builder_version=\u00a0\u00bb3.25&Prime; custom_padding=\u00a0\u00bb|||\u00a0\u00bb _i=\u00a0\u00bb0&Prime; _address=\u00a0\u00bb0.0.0&Prime; custom_padding__hover=\u00a0\u00bb|||\u00a0\u00bb][et_pb_text admin_label=\u00a0\u00bbQui sommes-nous ?\u00a0\u00bb _builder_version=\u00a0\u00bb3.29.3&Prime; text_text_color=\u00a0\u00bb#495966&Prime; header_font=\u00a0\u00bb||||||||\u00a0\u00bb header_2_font=\u00a0\u00bb|700|||||||\u00a0\u00bb header_2_text_color=\u00a0\u00bb#7272ff\u00a0\u00bb header_2_font_size=\u00a0\u00bb36px\u00a0\u00bb header_2_line_height=\u00a0\u00bb1.3em\u00a0\u00bb background_size=\u00a0\u00bbinitial\u00a0\u00bb background_position=\u00a0\u00bbtop_left\u00a0\u00bb background_repeat=\u00a0\u00bbrepeat\u00a0\u00bb text_orientation=\u00a0\u00bbcenter\u00a0\u00bb module_alignment=\u00a0\u00bbcenter\u00a0\u00bb custom_margin=\u00a0\u00bb||20px|\u00a0\u00bb animation_style=\u00a0\u00bbslide\u00a0\u00bb animation_direction=\u00a0\u00bbbottom\u00a0\u00bb animation_intensity_slide=\u00a0\u00bb10%\u00a0\u00bb hover_enabled=\u00a0\u00bb0&Prime; locked=\u00a0\u00bboff\u00a0\u00bb header_font_size__hover=\u00a0\u00bb30px\u00a0\u00bb header_font_size__hover_enabled=\u00a0\u00bb30px\u00a0\u00bb header_letter_spacing__hover=\u00a0\u00bb0px\u00a0\u00bb header_letter_spacing__hover_enabled=\u00a0\u00bb0px\u00a0\u00bb header_text_shadow_style__hover=\u00a0\u00bbnone\u00a0\u00bb header_text_shadow_style__hover_enabled=\u00a0\u00bbnone\u00a0\u00bb header_text_shadow_color__hover=\u00a0\u00bbrgba(0,0,0,0.4)\u00a0\u00bb header_text_shadow_color__hover_enabled=\u00a0\u00bbrgba(0,0,0,0.4)\u00a0\u00bb _i=\u00a0\u00bb0&Prime; _address=\u00a0\u00bb0.0.0.0&Prime;]\n<h2><span style=\"color: #495966;\">Compania<\/span><\/h2>\n[\/et_pb_text][et_pb_divider divider_weight=\u00a0\u00bb4px\u00a0\u00bb _builder_version=\u00a0\u00bb3.29.2&Prime; background_size=\u00a0\u00bbinitial\u00a0\u00bb background_position=\u00a0\u00bbtop_left\u00a0\u00bb background_repeat=\u00a0\u00bbrepeat\u00a0\u00bb max_width=\u00a0\u00bb40px\u00a0\u00bb module_alignment=\u00a0\u00bbcenter\u00a0\u00bb custom_margin=\u00a0\u00bb||10px|\u00a0\u00bb animation_style=\u00a0\u00bbzoom\u00a0\u00bb animation_direction=\u00a0\u00bbleft\u00a0\u00bb disabled_on=\u00a0\u00bboff|off|off\u00a0\u00bb saved_tabs=\u00a0\u00bball\u00a0\u00bb locked=\u00a0\u00bboff\u00a0\u00bb _i=\u00a0\u00bb1&Prime; _address=\u00a0\u00bb0.0.0.1&Prime;][\/et_pb_divider][\/et_pb_column][\/et_pb_row][et_pb_row column_structure=\u00a0\u00bb2_3,1_3&Prime; _builder_version=\u00a0\u00bb3.25&Prime; background_size=\u00a0\u00bbinitial\u00a0\u00bb background_position=\u00a0\u00bbtop_left\u00a0\u00bb background_repeat=\u00a0\u00bbrepeat\u00a0\u00bb _i=\u00a0\u00bb1&Prime; _address=\u00a0\u00bb0.1&Prime;][et_pb_column type=\u00a0\u00bb2_3&Prime; _builder_version=\u00a0\u00bb3.25&Prime; custom_padding=\u00a0\u00bb|||\u00a0\u00bb _i=\u00a0\u00bb0&Prime; _address=\u00a0\u00bb0.1.0&Prime; custom_padding__hover=\u00a0\u00bb|||\u00a0\u00bb][et_pb_text _builder_version=\u00a0\u00bb3.29.2&Prime; background_size=\u00a0\u00bbinitial\u00a0\u00bb background_position=\u00a0\u00bbtop_left\u00a0\u00bb background_repeat=\u00a0\u00bbrepeat\u00a0\u00bb _i=\u00a0\u00bb0&Prime; _address=\u00a0\u00bb0.1.0.0&Prime;]\n<div id=\"pl-629\" class=\"panel-layout\">\n<div id=\"pg-629-0\" class=\"panel-grid panel-no-style\" data-style=\"{\" data-ratio=\"1\" data-ratio-direction=\"right\">\n<div id=\"pgc-629-0-0\" class=\"panel-grid-cell\" data-weight=\"0.3\">\n<div id=\"panel-629-0-0-0\" class=\"so-panel widget widget_text panel-first-child panel-last-child\" data-index=\"0\" data-style=\"{\">\n<div class=\"panel-widget-style panel-widget-style-for-629-0-0-0\">\n<h2 class=\"widget-title\">Contexte<\/h2>\n<div class=\"textwidget\">\n<p>Le monde num\u00e9rique est en marche et chaque jour notre soci\u00e9t\u00e9 utilise de plus en plus d\u2019outils et g\u00e9n\u00e8re des donn\u00e9es de mani\u00e8re exponentielle. L\u2019un des enjeux de notre soci\u00e9t\u00e9 est de savoir pr\u00e9server le pertinence, l\u2019int\u00e9grit\u00e9, la confidentialit\u00e9 de ces donn\u00e9es pour assurer nos libert\u00e9s et notre d\u00e9veloppement.<\/p>\n<p>Les paiements notamment sont en pleine mutation :<\/p>\n<ul>\n<li>nouvelles m\u00e9thodes de paiements au travers de sans contacts sur mobile ou de virements instantan\u00e9s qui r\u00e9volutionne le mode de fonctionnement<\/li>\n<li>nouvelles r\u00e9glementations incluant de nouveaux acteurs dont les FINTECH<\/li>\n<li>nouveaux moyens de lutte contre la fraude<\/li>\n<li>nouvelles technologies permettant de mieux identifier puis authentifier les acteurs principaux des paiements.<\/li>\n<\/ul>\n<p>&nbsp;<\/p>\n<p><strong>ISTIUM<\/strong> est d\u00e9di\u00e9 \u00e0 la mise en oeuvre de techniques et de syst\u00e8mes innovants dans le domaines de paiements, des \u00e9changes entre entreprises et de la s\u00e9curit\u00e9 de l\u2019information.<br \/> <strong>ISTIUM<\/strong> offre des services de Conseil et de Formation \u00e0 ses clients, institutions financi\u00e8res ou fournisseurs de celles-ci.<\/p>\n<\/div>\n<\/div>\n<\/div>\n<\/div>\n<div id=\"pgc-629-0-1\" class=\"panel-grid-cell\" data-weight=\"0.7\">\n<div id=\"panel-629-0-1-0\" class=\"so-panel widget widget_sow-editor panel-first-child panel-last-child\" data-index=\"1\" data-style=\"{\">\n<div class=\"so-widget-sow-editor so-widget-sow-editor-base\">\n<div class=\"siteorigin-widget-tinymce textwidget\">\n<p><strong>ISTIUM<\/strong> oeuvre dans le domaine de la <strong>transaction \u00e9lectronique s\u00e9curis\u00e9e<\/strong> :<br \/> * Moyens de paiements d\u00e9mat\u00e9rialis\u00e9s : mon\u00e9tique carte, virement, pr\u00e9l\u00e8vement<br \/> * Fid\u00e9lit\u00e9<br \/> * Authentification et suret\u00e9 des transactions<\/p>\n<p><strong>ISTIUM<\/strong> participe \u00e9galement au d\u00e9veloppement de l&rsquo;\u00e9conomie num\u00e9rique : e-Gouvernement, e-Business, e-Sant\u00e9, etc.<br \/> <strong>ISTIUM intervient tant en France qu&rsquo;\u00e0 l&rsquo;international<\/strong>, principalement en Europe de l&rsquo;Ouest, de l&rsquo;Est et en Afrique.<\/p>\n<h2>Un accompagnement personnalis\u00e9<\/h2>\n<p><strong>ISTIUM<\/strong> propose un <strong>accompagnement personnalis\u00e9<\/strong> avec des r\u00e9sultats pour la <strong>r\u00e9ussite <\/strong>de vos projets.<\/p>\n<p>Aux<strong> institutions financi\u00e8res, \u00e9diteurs et producteurs de services financiers<\/strong>, dans le domaine de la transaction s\u00e9curis\u00e9e :<br \/> &#8211; Moyens de paiements \u00e9lectroniques (cartes, virements, pr\u00e9l\u00e8vements), Fid\u00e9lit\u00e9, Services mobiles, etc&#8230;<br \/> Aux <strong>administrations et entreprises,<\/strong> en favorisant le d\u00e9veloppement de l&rsquo;\u00e9conomie num\u00e9rique notamment pour les TPE PME.<br \/> &#8211; Gagner en productivit\u00e9 gr\u00e2ce \u00e0 la d\u00e9mat\u00e9rialisation des services pour tous, partout, de mani\u00e8re s\u00e9curis\u00e9e.<\/p>\n<p>Nous intervenons en <strong>3 langues<\/strong> : Fran\u00e7ais, Anglais et\u00a0 Espagnol.<\/p>\n<p><strong>ISTIUM <\/strong>est membre de plusieurs associations : <a href=\"https:\/\/www.eestel.com\/wp\/fr\/home-fr\/\" target=\"_blank\" rel=\"noopener noreferrer\">EESTEL<\/a> &#8211; <a href=\"http:\/\/www.cpc-provence.fr\/\" target=\"_blank\" rel=\"noopener noreferrer\">CPC PROVENCE<\/a> &#8211; <a href=\"https:\/\/www.clusir-paca.fr\/\" target=\"_blank\" rel=\"noopener noreferrer\">CLUSIR PACA<\/a><\/p>\n<\/div>\n<\/div>\n<\/div>\n<\/div>\n<\/div>\n<\/div>\n[\/et_pb_text][\/et_pb_column][et_pb_column type=\u00a0\u00bb1_3&Prime; _builder_version=\u00a0\u00bb3.25&Prime; custom_padding=\u00a0\u00bb|||\u00a0\u00bb _i=\u00a0\u00bb1&Prime; _address=\u00a0\u00bb0.1.1&Prime; custom_padding__hover=\u00a0\u00bb|||\u00a0\u00bb][et_pb_sidebar show_border=\u00a0\u00bboff\u00a0\u00bb _builder_version=\u00a0\u00bb3.29.2&Prime; header_font=\u00a0\u00bb||||||||\u00a0\u00bb header_text_align=\u00a0\u00bbjustify\u00a0\u00bb header_text_color=\u00a0\u00bb#f7a736&Prime; header_font_size=\u00a0\u00bb24px\u00a0\u00bb header_line_height=\u00a0\u00bb1.1em\u00a0\u00bb body_text_color=\u00a0\u00bb#495966&Prime; body_line_height=\u00a0\u00bb1em\u00a0\u00bb background_color=\u00a0\u00bb#ededed\u00a0\u00bb text_orientation=\u00a0\u00bbleft\u00a0\u00bb width=\u00a0\u00bb266px\u00a0\u00bb max_width=\u00a0\u00bb100%\u00a0\u00bb module_alignment=\u00a0\u00bbleft\u00a0\u00bb min_height=\u00a0\u00bb680px\u00a0\u00bb custom_margin=\u00a0\u00bb|292px|0px|0px|false|false\u00a0\u00bb custom_padding=\u00a0\u00bb15px|12px|15px|19px|false|false\u00a0\u00bb border_radii=\u00a0\u00bbon|1px|1px|1px|1px\u00a0\u00bb border_color_all=\u00a0\u00bb#f7a736&Prime; border_width_left=\u00a0\u00bb3px\u00a0\u00bb border_color_left=\u00a0\u00bb#f7a736&Prime; box_shadow_style=\u00a0\u00bbpreset2&Prime; locked=\u00a0\u00bboff\u00a0\u00bb _i=\u00a0\u00bb0&Prime; _address=\u00a0\u00bb0.1.1.0&Prime;][\/et_pb_sidebar][et_pb_text _builder_version=\u00a0\u00bb3.29.2&Prime; custom_padding=\u00a0\u00bb41px|||||\u00a0\u00bb _i=\u00a0\u00bb1&Prime; _address=\u00a0\u00bb0.1.1.1&Prime;]\n<h2>Nos partenaires<\/h2>\n[\/et_pb_text][et_pb_code _builder_version=\u00a0\u00bb3.29.2&Prime; width=\u00a0\u00bb100%\u00a0\u00bb max_width=\u00a0\u00bb100%\u00a0\u00bb _i=\u00a0\u00bb2&Prime; _address=\u00a0\u00bb0.1.1.2&Prime;][logocarousel id=\u00a0\u00bb1038&Prime;][\/et_pb_code][\/et_pb_column][\/et_pb_row][\/et_pb_section]\n","protected":false},"excerpt":{"rendered":"<p>Compania Contexte Le monde num\u00e9rique est en marche et chaque jour notre soci\u00e9t\u00e9 utilise de plus en plus d\u2019outils et g\u00e9n\u00e8re des donn\u00e9es de mani\u00e8re exponentielle. L\u2019un des enjeux de notre soci\u00e9t\u00e9 est de savoir pr\u00e9server le pertinence, l\u2019int\u00e9grit\u00e9, la confidentialit\u00e9 de ces donn\u00e9es pour assurer nos libert\u00e9s et notre d\u00e9veloppement. Les paiements notamment sont [&hellip;]<\/p>\n","protected":false},"author":1,"featured_media":0,"parent":0,"menu_order":5,"comment_status":"closed","ping_status":"closed","template":"","meta":{"_et_pb_use_builder":"on","_et_pb_old_content":"<p><span style=\"color: #ff0000;\"><em><strong>TO BE TRANSLATED<\/strong><\/em><\/span><\/p><p>\u00a0<\/p><p><strong>ISTIUM<\/strong>\u00a0is advising and training financial institutions or theirs suppliers (editors, data processors, etc.).<\/p><p><strong>ISTIUM<\/strong>\u00a0area is secured electronic transaction:<\/p><ul><li>Electronic payments: cards, credit transfer, direct debit<\/li><li>Loyalty<\/li><li>Strong authentication and transaction safety<\/li><\/ul><p>ISTIUM also deals with digital economy: e-Governement, e-Business, e-Health, etc.<\/p><p>ISTIUM territories are worldwide and mainly in Western Europe, Eastern Europe, Africa.<\/p>","_et_gb_content_width":"","footnotes":""},"class_list":["post-86","page","type-page","status-publish","hentry"],"aioseo_notices":[],"_links":{"self":[{"href":"https:\/\/www.istium.pro\/web\/wp-json\/wp\/v2\/pages\/86","targetHints":{"allow":["GET"]}}],"collection":[{"href":"https:\/\/www.istium.pro\/web\/wp-json\/wp\/v2\/pages"}],"about":[{"href":"https:\/\/www.istium.pro\/web\/wp-json\/wp\/v2\/types\/page"}],"author":[{"embeddable":true,"href":"https:\/\/www.istium.pro\/web\/wp-json\/wp\/v2\/users\/1"}],"replies":[{"embeddable":true,"href":"https:\/\/www.istium.pro\/web\/wp-json\/wp\/v2\/comments?post=86"}],"version-history":[{"count":6,"href":"https:\/\/www.istium.pro\/web\/wp-json\/wp\/v2\/pages\/86\/revisions"}],"predecessor-version":[{"id":2626,"href":"https:\/\/www.istium.pro\/web\/wp-json\/wp\/v2\/pages\/86\/revisions\/2626"}],"wp:attachment":[{"href":"https:\/\/www.istium.pro\/web\/wp-json\/wp\/v2\/media?parent=86"}],"curies":[{"name":"wp","href":"https:\/\/api.w.org\/{rel}","templated":true}]}}