{"id":804,"date":"2018-05-28T18:12:07","date_gmt":"2018-05-28T16:12:07","guid":{"rendered":"http:\/\/www.istium.pro\/web\/?page_id=804"},"modified":"2019-09-20T14:11:57","modified_gmt":"2019-09-20T12:11:57","slug":"la-transaction-securisee-ailleurs","status":"publish","type":"page","link":"https:\/\/www.istium.pro\/web\/la-transaction-securisee-ailleurs\/","title":{"rendered":"D&rsquo;autres types de transactions s\u00e9curis\u00e9es"},"content":{"rendered":"[et_pb_section fb_built=\u00a0\u00bb1&Prime; _builder_version=\u00a0\u00bb3.29.3&Prime; background_image=\u00a0\u00bbhttps:\/\/www.istium.pro\/web\/wp-content\/uploads\/2019\/09\/map-1.png\u00a0\u00bb background_size=\u00a0\u00bbinitial\u00a0\u00bb background_position=\u00a0\u00bbbottom_center\u00a0\u00bb fb_built=\u00a0\u00bb1&Prime; _i=\u00a0\u00bb0&Prime; _address=\u00a0\u00bb0&Prime;][et_pb_row use_custom_gutter=\u00a0\u00bbon\u00a0\u00bb gutter_width=\u00a0\u00bb1&Prime; make_equal=\u00a0\u00bbon\u00a0\u00bb _builder_version=\u00a0\u00bb3.29.2&Prime; background_size=\u00a0\u00bbinitial\u00a0\u00bb background_position=\u00a0\u00bbtop_left\u00a0\u00bb background_repeat=\u00a0\u00bbrepeat\u00a0\u00bb width=\u00a0\u00bb100%\u00a0\u00bb custom_padding=\u00a0\u00bb27px|0px|24px|0px\u00a0\u00bb locked=\u00a0\u00bboff\u00a0\u00bb _i=\u00a0\u00bb0&Prime; _address=\u00a0\u00bb0.0&Prime;][et_pb_column type=\u00a0\u00bb4_4&Prime; _builder_version=\u00a0\u00bb3.25&Prime; custom_padding=\u00a0\u00bb|||\u00a0\u00bb _i=\u00a0\u00bb0&Prime; _address=\u00a0\u00bb0.0.0&Prime; custom_padding__hover=\u00a0\u00bb|||\u00a0\u00bb][et_pb_text admin_label=\u00a0\u00bbD&rsquo;autres types de transactions s\u00e9curis\u00e9es\u00a0\u00bb _builder_version=\u00a0\u00bb3.29.2&Prime; text_text_color=\u00a0\u00bb#495966&Prime; header_font=\u00a0\u00bb||||||||\u00a0\u00bb header_2_font=\u00a0\u00bb|700|||||||\u00a0\u00bb header_2_text_color=\u00a0\u00bb#7272ff\u00a0\u00bb header_2_font_size=\u00a0\u00bb36px\u00a0\u00bb header_2_line_height=\u00a0\u00bb1.3em\u00a0\u00bb background_size=\u00a0\u00bbinitial\u00a0\u00bb background_position=\u00a0\u00bbtop_left\u00a0\u00bb background_repeat=\u00a0\u00bbrepeat\u00a0\u00bb text_orientation=\u00a0\u00bbcenter\u00a0\u00bb module_alignment=\u00a0\u00bbcenter\u00a0\u00bb custom_margin=\u00a0\u00bb||20px|\u00a0\u00bb animation_style=\u00a0\u00bbslide\u00a0\u00bb animation_direction=\u00a0\u00bbbottom\u00a0\u00bb animation_intensity_slide=\u00a0\u00bb10%\u00a0\u00bb locked=\u00a0\u00bboff\u00a0\u00bb header_font_size__hover=\u00a0\u00bb30px\u00a0\u00bb header_font_size__hover_enabled=\u00a0\u00bb30px\u00a0\u00bb header_letter_spacing__hover=\u00a0\u00bb0px\u00a0\u00bb header_letter_spacing__hover_enabled=\u00a0\u00bb0px\u00a0\u00bb header_text_shadow_style__hover=\u00a0\u00bbnone\u00a0\u00bb header_text_shadow_style__hover_enabled=\u00a0\u00bbnone\u00a0\u00bb header_text_shadow_color__hover=\u00a0\u00bbrgba(0,0,0,0.4)\u00a0\u00bb header_text_shadow_color__hover_enabled=\u00a0\u00bbrgba(0,0,0,0.4)\u00a0\u00bb _i=\u00a0\u00bb0&Prime; _address=\u00a0\u00bb0.0.0.0&Prime;]\n<h2><span style=\"color: #495966;\">D&rsquo;autres types de transactions s\u00e9curis\u00e9es<\/span><\/h2>\n[\/et_pb_text][et_pb_divider divider_weight=\u00a0\u00bb4px\u00a0\u00bb disabled_on=\u00a0\u00bboff|off|off\u00a0\u00bb _builder_version=\u00a0\u00bb3.29.2&Prime; background_size=\u00a0\u00bbinitial\u00a0\u00bb background_position=\u00a0\u00bbtop_left\u00a0\u00bb background_repeat=\u00a0\u00bbrepeat\u00a0\u00bb max_width=\u00a0\u00bb40px\u00a0\u00bb module_alignment=\u00a0\u00bbcenter\u00a0\u00bb custom_margin=\u00a0\u00bb||10px|599px||\u00a0\u00bb animation_style=\u00a0\u00bbzoom\u00a0\u00bb animation_direction=\u00a0\u00bbleft\u00a0\u00bb saved_tabs=\u00a0\u00bball\u00a0\u00bb locked=\u00a0\u00bboff\u00a0\u00bb _i=\u00a0\u00bb1&Prime; _address=\u00a0\u00bb0.0.0.1&Prime;][\/et_pb_divider][et_pb_text _builder_version=\u00a0\u00bb3.29.2&Prime; text_text_color=\u00a0\u00bb#495966&Prime; text_font_size=\u00a0\u00bb16px\u00a0\u00bb text_line_height=\u00a0\u00bb1.9em\u00a0\u00bb text_orientation=\u00a0\u00bbcenter\u00a0\u00bb max_width=\u00a0\u00bb850px\u00a0\u00bb module_alignment=\u00a0\u00bbcenter\u00a0\u00bb custom_margin=\u00a0\u00bb|267px||21px||\u00a0\u00bb custom_padding=\u00a0\u00bb|0px||||\u00a0\u00bb animation_style=\u00a0\u00bbzoom\u00a0\u00bb animation_intensity_zoom=\u00a0\u00bb6%\u00a0\u00bb locked=\u00a0\u00bboff\u00a0\u00bb _i=\u00a0\u00bb2&Prime; _address=\u00a0\u00bb0.0.0.2&Prime;]\n<p style=\"text-align: center;\">La\u00a0<strong>transaction s\u00e9curis\u00e9e<\/strong>, combin\u00e9e \u00e0 l\u2019<strong>authentification<\/strong>\u00a0des acteurs et l\u2019<strong>identit\u00e9 num\u00e9rique<\/strong>,<br \/>est un pilier fondamental de l\u2019<strong>\u00e9conomique num\u00e9rique<\/strong> moderne.<br \/> Ces \u00e9volutions technologiques changent les usages et les comportements.<\/p>\n[\/et_pb_text][\/et_pb_column][\/et_pb_row][et_pb_row column_structure=\u00a0\u00bb1_3,1_3,1_3&Prime; admin_label=\u00a0\u00bbLigne\u00a0\u00bb _builder_version=\u00a0\u00bb3.29.2&Prime; background_size=\u00a0\u00bbinitial\u00a0\u00bb background_position=\u00a0\u00bbtop_left\u00a0\u00bb background_repeat=\u00a0\u00bbrepeat\u00a0\u00bb min_height=\u00a0\u00bb262px\u00a0\u00bb custom_padding=\u00a0\u00bb42px|0px|0px|0px|false|false\u00a0\u00bb locked=\u00a0\u00bboff\u00a0\u00bb _i=\u00a0\u00bb1&Prime; _address=\u00a0\u00bb0.1&Prime;][et_pb_column type=\u00a0\u00bb1_3&Prime; _builder_version=\u00a0\u00bb3.25&Prime; custom_padding=\u00a0\u00bb|||\u00a0\u00bb _i=\u00a0\u00bb0&Prime; _address=\u00a0\u00bb0.1.0&Prime; custom_padding__hover=\u00a0\u00bb|||\u00a0\u00bb][et_pb_blurb title=\u00a0\u00bbAutres moyens de paiement \u00e9lectroniques\u00a0\u00bb url=\u00a0\u00bb#\u00a0\u00bb use_icon=\u00a0\u00bbon\u00a0\u00bb font_icon=\u00a0\u00bb%%104%%\u00a0\u00bb admin_label=\u00a0\u00bbAutres moyens de paiement \u00e9lectroniques\u00a0\u00bb _builder_version=\u00a0\u00bb3.29.2&Prime; min_height=\u00a0\u00bb249px\u00a0\u00bb custom_margin=\u00a0\u00bb20px||20px||false|false\u00a0\u00bb custom_padding=\u00a0\u00bb20px|40px|20px|40px|false|false\u00a0\u00bb locked=\u00a0\u00bboff\u00a0\u00bb _i=\u00a0\u00bb0&Prime; _address=\u00a0\u00bb0.1.0.0&Prime;]\n<ul>\n<li>Virement classique<\/li>\n<li>Virement instantan\u00e9 (Transfert d\u2019argent de compte \u00e0 compte, paiement, \u2026)<\/li>\n<li>Pr\u00e9l\u00e8vement avec diff\u00e9rents types de mandat<\/li>\n<\/ul>\n[\/et_pb_blurb][\/et_pb_column][et_pb_column type=\u00a0\u00bb1_3&Prime; _builder_version=\u00a0\u00bb3.25&Prime; custom_padding=\u00a0\u00bb|||\u00a0\u00bb _i=\u00a0\u00bb1&Prime; _address=\u00a0\u00bb0.1.1&Prime; custom_padding__hover=\u00a0\u00bb|||\u00a0\u00bb][et_pb_blurb title=\u00a0\u00bbSyst\u00e8mes de fid\u00e9lit\u00e9\u00a0\u00bb url=\u00a0\u00bb#\u00a0\u00bb use_icon=\u00a0\u00bbon\u00a0\u00bb font_icon=\u00a0\u00bb%%113%%\u00a0\u00bb admin_label=\u00a0\u00bbSyst\u00e8mes de fid\u00e9lit\u00e9\u00a0\u00bb _builder_version=\u00a0\u00bb3.29.2&Prime; min_height=\u00a0\u00bb136px\u00a0\u00bb custom_margin=\u00a0\u00bb20px||23px||false|false\u00a0\u00bb custom_padding=\u00a0\u00bb20px|40px|26px|40px|false|false\u00a0\u00bb locked=\u00a0\u00bboff\u00a0\u00bb _i=\u00a0\u00bb0&Prime; _address=\u00a0\u00bb0.1.1.0&Prime;]\n<p>En relation ou non avec les syst\u00e8mes de paiement<\/p>\n[\/et_pb_blurb][et_pb_blurb title=\u00a0\u00bbEchanges s\u00e9curis\u00e9s\u00a0\u00bb url=\u00a0\u00bb#\u00a0\u00bb use_icon=\u00a0\u00bbon\u00a0\u00bb font_icon=\u00a0\u00bb%%302%%\u00a0\u00bb admin_label=\u00a0\u00bbEchanges s\u00e9curis\u00e9s\u00a0\u00bb _builder_version=\u00a0\u00bb3.29.2&Prime; custom_margin=\u00a0\u00bb20px||22px||false|false\u00a0\u00bb custom_padding=\u00a0\u00bb20px|40px|21px|40px|false|false\u00a0\u00bb locked=\u00a0\u00bboff\u00a0\u00bb _i=\u00a0\u00bb1&Prime; _address=\u00a0\u00bb0.1.1.1&Prime;][\/et_pb_blurb][et_pb_text _builder_version=\u00a0\u00bb3.29.3&Prime; background_size=\u00a0\u00bbinitial\u00a0\u00bb background_position=\u00a0\u00bbtop_left\u00a0\u00bb background_repeat=\u00a0\u00bbrepeat\u00a0\u00bb hover_enabled=\u00a0\u00bb0&Prime; _i=\u00a0\u00bb2&Prime; _address=\u00a0\u00bb0.1.0.2&Prime; custom_margin=\u00a0\u00bb50px||||false|false\u00a0\u00bb]\n<h2 style=\"text-align: center;\">En compl\u00e9ment, ISTIUM assure l&rsquo;accompagnement juridique et r\u00e9glementaire des institutions concern\u00e9es<\/h2>\n[\/et_pb_text][et_pb_button button_url=\u00a0\u00bb#\u00a0\u00bb button_text=\u00a0\u00bbContactez-nous\u00a0\u00bb button_alignment=\u00a0\u00bbcenter\u00a0\u00bb _builder_version=\u00a0\u00bb3.29.2&Prime; button_text_size=\u00a0\u00bb16px\u00a0\u00bb button_text_color=\u00a0\u00bb#ffffff\u00a0\u00bb button_bg_color=\u00a0\u00bb#495966&Prime; button_border_width=\u00a0\u00bb10px\u00a0\u00bb button_border_color=\u00a0\u00bb#495966&Prime; button_border_radius=\u00a0\u00bb100px\u00a0\u00bb button_letter_spacing=\u00a0\u00bb1px\u00a0\u00bb button_font=\u00a0\u00bb|on||on|\u00a0\u00bb button_icon=\u00a0\u00bb%%36%%\u00a0\u00bb button_icon_color=\u00a0\u00bb#f7a736&Prime; button_on_hover=\u00a0\u00bboff\u00a0\u00bb custom_margin=\u00a0\u00bb20px|||\u00a0\u00bb animation_style=\u00a0\u00bbzoom\u00a0\u00bb animation_delay=\u00a0\u00bb100ms\u00a0\u00bb animation_intensity_zoom=\u00a0\u00bb10%\u00a0\u00bb box_shadow_style=\u00a0\u00bbpreset1&Prime; box_shadow_vertical=\u00a0\u00bb10px\u00a0\u00bb box_shadow_blur=\u00a0\u00bb50px\u00a0\u00bb box_shadow_spread=\u00a0\u00bb-80px\u00a0\u00bb box_shadow_color=\u00a0\u00bbrgba(0,188,160,0.6)\u00a0\u00bb button_letter_spacing_hover=\u00a0\u00bb2px\u00a0\u00bb saved_tabs=\u00a0\u00bball\u00a0\u00bb locked=\u00a0\u00bboff\u00a0\u00bb button_text_size__hover_enabled=\u00a0\u00bboff\u00a0\u00bb button_text_size__hover=\u00a0\u00bbnull\u00a0\u00bb button_one_text_size__hover_enabled=\u00a0\u00bboff\u00a0\u00bb button_one_text_size__hover=\u00a0\u00bbnull\u00a0\u00bb button_two_text_size__hover_enabled=\u00a0\u00bboff\u00a0\u00bb button_two_text_size__hover=\u00a0\u00bbnull\u00a0\u00bb button_text_color__hover_enabled=\u00a0\u00bboff\u00a0\u00bb button_text_color__hover=\u00a0\u00bbnull\u00a0\u00bb button_one_text_color__hover_enabled=\u00a0\u00bboff\u00a0\u00bb button_one_text_color__hover=\u00a0\u00bbnull\u00a0\u00bb button_two_text_color__hover_enabled=\u00a0\u00bboff\u00a0\u00bb button_two_text_color__hover=\u00a0\u00bbnull\u00a0\u00bb button_border_width__hover_enabled=\u00a0\u00bboff\u00a0\u00bb button_border_width__hover=\u00a0\u00bbnull\u00a0\u00bb button_one_border_width__hover_enabled=\u00a0\u00bboff\u00a0\u00bb button_one_border_width__hover=\u00a0\u00bbnull\u00a0\u00bb button_two_border_width__hover_enabled=\u00a0\u00bboff\u00a0\u00bb button_two_border_width__hover=\u00a0\u00bbnull\u00a0\u00bb button_border_color__hover_enabled=\u00a0\u00bboff\u00a0\u00bb button_border_color__hover=\u00a0\u00bbnull\u00a0\u00bb button_one_border_color__hover_enabled=\u00a0\u00bboff\u00a0\u00bb button_one_border_color__hover=\u00a0\u00bbnull\u00a0\u00bb button_two_border_color__hover_enabled=\u00a0\u00bboff\u00a0\u00bb button_two_border_color__hover=\u00a0\u00bbnull\u00a0\u00bb button_border_radius__hover_enabled=\u00a0\u00bboff\u00a0\u00bb button_border_radius__hover=\u00a0\u00bbnull\u00a0\u00bb button_one_border_radius__hover_enabled=\u00a0\u00bboff\u00a0\u00bb button_one_border_radius__hover=\u00a0\u00bbnull\u00a0\u00bb button_two_border_radius__hover_enabled=\u00a0\u00bboff\u00a0\u00bb button_two_border_radius__hover=\u00a0\u00bbnull\u00a0\u00bb button_letter_spacing__hover_enabled=\u00a0\u00bbon\u00a0\u00bb button_letter_spacing__hover=\u00a0\u00bb2px\u00a0\u00bb button_one_letter_spacing__hover_enabled=\u00a0\u00bboff\u00a0\u00bb button_one_letter_spacing__hover=\u00a0\u00bbnull\u00a0\u00bb button_two_letter_spacing__hover_enabled=\u00a0\u00bboff\u00a0\u00bb button_two_letter_spacing__hover=\u00a0\u00bbnull\u00a0\u00bb button_bg_color__hover_enabled=\u00a0\u00bboff\u00a0\u00bb button_bg_color__hover=\u00a0\u00bbnull\u00a0\u00bb button_one_bg_color__hover_enabled=\u00a0\u00bboff\u00a0\u00bb button_one_bg_color__hover=\u00a0\u00bbnull\u00a0\u00bb button_two_bg_color__hover_enabled=\u00a0\u00bboff\u00a0\u00bb button_two_bg_color__hover=\u00a0\u00bbnull\u00a0\u00bb _i=\u00a0\u00bb2&Prime; _address=\u00a0\u00bb0.1.1.2&Prime; button_bg_enable_color=\u00a0\u00bbon\u00a0\u00bb][\/et_pb_button][\/et_pb_column][et_pb_column type=\u00a0\u00bb1_3&Prime; _builder_version=\u00a0\u00bb3.25&Prime; custom_padding=\u00a0\u00bb|||\u00a0\u00bb _i=\u00a0\u00bb2&Prime; _address=\u00a0\u00bb0.1.2&Prime; custom_padding__hover=\u00a0\u00bb|||\u00a0\u00bb][et_pb_sidebar show_border=\u00a0\u00bboff\u00a0\u00bb _builder_version=\u00a0\u00bb3.29.2&Prime; header_font=\u00a0\u00bb||||||||\u00a0\u00bb header_text_align=\u00a0\u00bbjustify\u00a0\u00bb header_text_color=\u00a0\u00bb#f7a736&Prime; header_font_size=\u00a0\u00bb24px\u00a0\u00bb header_line_height=\u00a0\u00bb1.1em\u00a0\u00bb body_text_color=\u00a0\u00bb#495966&Prime; body_line_height=\u00a0\u00bb1em\u00a0\u00bb background_color=\u00a0\u00bb#ededed\u00a0\u00bb text_orientation=\u00a0\u00bbleft\u00a0\u00bb width=\u00a0\u00bb266px\u00a0\u00bb max_width=\u00a0\u00bb100%\u00a0\u00bb module_alignment=\u00a0\u00bbleft\u00a0\u00bb min_height=\u00a0\u00bb701px\u00a0\u00bb custom_margin=\u00a0\u00bb|292px|0px|0px|false|false\u00a0\u00bb custom_padding=\u00a0\u00bb15px|12px|15px|19px|false|false\u00a0\u00bb border_radii=\u00a0\u00bbon|1px|1px|1px|1px\u00a0\u00bb border_color_all=\u00a0\u00bb#f7a736&Prime; border_width_left=\u00a0\u00bb3px\u00a0\u00bb border_color_left=\u00a0\u00bb#f7a736&Prime; box_shadow_style=\u00a0\u00bbpreset2&Prime; locked=\u00a0\u00bboff\u00a0\u00bb _i=\u00a0\u00bb0&Prime; _address=\u00a0\u00bb0.1.2.0&Prime;][\/et_pb_sidebar][\/et_pb_column][\/et_pb_row][\/et_pb_section]\n","protected":false},"excerpt":{"rendered":"<p>D&rsquo;autres types de transactions s\u00e9curis\u00e9esLa\u00a0transaction s\u00e9curis\u00e9e, combin\u00e9e \u00e0 l\u2019authentification\u00a0des acteurs et l\u2019identit\u00e9 num\u00e9rique,est un pilier fondamental de l\u2019\u00e9conomique num\u00e9rique moderne. Ces \u00e9volutions technologiques changent les usages et les comportements. Virement classique Virement instantan\u00e9 (Transfert d\u2019argent de compte \u00e0 compte, paiement, \u2026) Pr\u00e9l\u00e8vement avec diff\u00e9rents types de mandat En relation ou non avec les syst\u00e8mes de [&hellip;]<\/p>\n","protected":false},"author":4,"featured_media":0,"parent":0,"menu_order":0,"comment_status":"closed","ping_status":"closed","template":"","meta":{"_et_pb_use_builder":"on","_et_pb_old_content":"<div id=\"pl-804\" class=\"panel-layout\"><div id=\"pg-804-0\" class=\"panel-grid panel-no-style\" data-style=\"{\"cell_alignment\":\"flex-start\",\"vertical_gutter\":\"default\",\"background_image\":false,\"background_image_position\":\"center top\",\"background_image_style\":\"cover\",\"row_separator\":\"none\"}\" data-ratio=\"1\" data-ratio-direction=\"right\"><div id=\"pgc-804-0-0\" class=\"panel-grid-cell\" data-weight=\"0.5\"><div id=\"panel-804-0-0-0\" class=\"so-panel widget widget_media_image panel-first-child panel-last-child\" data-index=\"0\" data-style=\"{\"background_image_attachment\":false,\"background_display\":\"tile\",\"kt_animation_duration\":\"default\",\"kt_animation_delay\":\"default\"}\">[siteorigin_widget class=\"WP_Widget_Media_Image\"]<input type=\"hidden\" value=\"{\"instance\":{\"attachment_id\":1249,\"url\":\"http:\\\/\\\/www.istium.pro\\\/web\\\/wp-content\\\/uploads\\\/2018\\\/06\\\/ISTIUM-securite-numerique.jpg\",\"title\":\"\",\"size\":\"full\",\"width\":800,\"height\":600,\"caption\":\"\",\"alt\":\"\",\"link_type\":\"none\",\"link_url\":\"\",\"image_classes\":\"\",\"link_classes\":\"\",\"link_rel\":\"\",\"link_target_blank\":false,\"image_title\":\"\",\"so_sidebar_emulator_id\":\"media_image-80410000\",\"option_name\":\"widget_media_image\"},\"args\":{\"before_widget\":\"<div id=\\\"panel-804-0-0-0\\\" class=\\\"so-panel widget widget_media_image panel-first-child panel-last-child\\\" data-index=\\\"0\\\" data-style=\\\"{\"background_image_attachment\":false,\"background_display\":\"tile\",\"kt_animation_duration\":\"default\",\"kt_animation_delay\":\"default\"}\\\" >\",\"after_widget\":\"<\\\/div>\",\"before_title\":\"<h3 class=\\\"widget-title\\\">\",\"after_title\":\"<\\\/h3>\",\"widget_id\":\"widget-0-0-0\"}}\" \/>[\/siteorigin_widget]<\/div><\/div><div id=\"pgc-804-0-1\" class=\"panel-grid-cell\" data-weight=\"0.5\"><div id=\"panel-804-0-1-0\" class=\"so-panel widget widget_sow-editor panel-first-child\" data-index=\"1\" data-style=\"{\"background\":\"#465866\",\"background_image_attachment\":false,\"background_display\":\"tile\",\"kt_animation_duration\":\"default\",\"kt_animation_delay\":\"default\",\"font_color\":\"#ffffff\"}\"><div class=\"panel-widget-style panel-widget-style-for-804-0-1-0\"><div class=\"so-widget-sow-editor so-widget-sow-editor-base\"><div class=\"siteorigin-widget-tinymce textwidget\"><p style=\"text-align: center;\"><strong>Autres moyens de paiement \u00e9lectroniques <\/strong><\/p><\/div><\/div><\/div><\/div><div id=\"panel-804-0-1-1\" class=\"so-panel widget widget_sow-editor\" data-index=\"2\" data-style=\"{\"background_image_attachment\":false,\"background_display\":\"tile\",\"kt_animation_duration\":\"default\",\"kt_animation_delay\":\"default\"}\"><div class=\"so-widget-sow-editor so-widget-sow-editor-base\"><div class=\"siteorigin-widget-tinymce textwidget\"><ul><li>Virement classique<\/li><li>Virement instantan\u00e9 (Transfert d\u2019argent de compte \u00e0 compte, paiement, ...)<\/li><li>Pr\u00e9l\u00e8vement avec diff\u00e9rents types de mandat<\/li><\/ul><\/div><\/div><\/div><div id=\"panel-804-0-1-2\" class=\"so-panel widget widget_sow-editor\" data-index=\"3\" data-style=\"{\"background\":\"#465866\",\"background_image_attachment\":false,\"background_display\":\"tile\",\"kt_animation_duration\":\"default\",\"kt_animation_delay\":\"default\",\"font_color\":\"#ffffff\"}\"><div class=\"panel-widget-style panel-widget-style-for-804-0-1-2\"><div class=\"so-widget-sow-editor so-widget-sow-editor-base\"><div class=\"siteorigin-widget-tinymce textwidget\"><p style=\"text-align: center;\"><strong>Syst\u00e8mes de fid\u00e9lit\u00e9<\/strong><\/p><\/div><\/div><\/div><\/div><div id=\"panel-804-0-1-3\" class=\"so-panel widget widget_sow-editor\" data-index=\"4\" data-style=\"{\"background_image_attachment\":false,\"background_display\":\"tile\",\"kt_animation_duration\":\"default\",\"kt_animation_delay\":\"default\"}\"><div class=\"so-widget-sow-editor so-widget-sow-editor-base\"><div class=\"siteorigin-widget-tinymce textwidget\"><p>En relation ou non avec les syst\u00e8mes de paiement<\/p><\/div><\/div><\/div><div id=\"panel-804-0-1-4\" class=\"so-panel widget widget_sow-editor\" data-index=\"5\" data-style=\"{\"background\":\"#465866\",\"background_image_attachment\":false,\"background_display\":\"tile\",\"kt_animation_duration\":\"default\",\"kt_animation_delay\":\"default\",\"font_color\":\"#ffffff\"}\"><div class=\"panel-widget-style panel-widget-style-for-804-0-1-4\"><div class=\"so-widget-sow-editor so-widget-sow-editor-base\"><div class=\"siteorigin-widget-tinymce textwidget\"><p style=\"text-align: center;\"><strong>Echanges s\u00e9curis\u00e9s<\/strong><\/p><\/div><\/div><\/div><\/div><div id=\"panel-804-0-1-5\" class=\"so-panel widget widget_text\" data-index=\"6\" data-style=\"{\"background_image_attachment\":false,\"background_display\":\"tile\",\"kt_animation_duration\":\"default\",\"kt_animation_delay\":\"default\"}\"><div class=\"textwidget\">\u00a0<\/div><\/div><div id=\"panel-804-0-1-6\" class=\"so-panel widget widget_sow-button panel-last-child\" data-index=\"7\" data-style=\"{\"background_image_attachment\":false,\"background_display\":\"tile\",\"kt_animation_duration\":\"default\",\"kt_animation_delay\":\"default\"}\">[siteorigin_widget class=\"SiteOrigin_Widget_Button_Widget\"]<input type=\"hidden\" value=\"{\"instance\":{\"text\":\"CONTACTEZ NOS EXPERTS\",\"url\":\"http:\\\/\\\/www.istium.pro\\\/web\\\/contact-experts\\\/\",\"button_icon\":{\"icon_selected\":\"fontawesome-angle-double-right\",\"icon_color\":\"#ffffff\",\"icon\":0,\"icon_placement\":\"left\",\"so_field_container_state\":\"open\"},\"design\":{\"width\":false,\"width_unit\":\"px\",\"align\":\"center\",\"theme\":\"flat\",\"button_color\":false,\"text_color\":false,\"hover\":true,\"font\":\"eurofence\",\"font_size\":\"1\",\"rounding\":\"0.25\",\"padding\":\"1\",\"so_field_container_state\":\"open\"},\"attributes\":{\"id\":\"\",\"classes\":\"\",\"title\":\"\",\"onclick\":\"\",\"rel\":\"\",\"so_field_container_state\":\"closed\"},\"_sow_form_id\":\"1351560495b276e4c24fbf975582275\",\"_sow_form_timestamp\":\"1529310825106\",\"new_window\":false,\"so_sidebar_emulator_id\":\"sow-button-80410007\",\"option_name\":\"widget_sow-button\"},\"args\":{\"before_widget\":\"<div id=\\\"panel-804-0-1-6\\\" class=\\\"so-panel widget widget_sow-button panel-last-child\\\" data-index=\\\"7\\\" data-style=\\\"{\"background_image_attachment\":false,\"background_display\":\"tile\",\"kt_animation_duration\":\"default\",\"kt_animation_delay\":\"default\"}\\\" >\",\"after_widget\":\"<\\\/div>\",\"before_title\":\"<h3 class=\\\"widget-title\\\">\",\"after_title\":\"<\\\/h3>\",\"widget_id\":\"widget-0-1-6\"}}\" \/>[\/siteorigin_widget]<\/div><\/div><\/div><div id=\"pg-804-1\" class=\"panel-grid panel-no-style\" data-style=\"{\"cell_alignment\":\"flex-start\",\"vertical_gutter\":\"default\",\"background_image\":false,\"background_image_position\":\"center top\",\"background_image_style\":\"cover\",\"row_separator\":\"none\"}\" data-ratio=\"1\" data-ratio-direction=\"right\"><div id=\"pgc-804-1-0\" class=\"panel-grid-cell\" data-weight=\"1\"><div id=\"panel-804-1-0-0\" class=\"so-panel widget widget_sow-editor panel-first-child panel-last-child\" data-index=\"8\" data-style=\"{\"mobile_padding\":\"10px 10px 10px 10px\",\"background\":\"#dd9933\",\"background_image_attachment\":false,\"background_display\":\"tile\",\"kt_animation_duration\":\"default\",\"kt_animation_delay\":\"default\",\"margin\":\"10px 10px 10px 10px\",\"font_color\":\"#ffffff\"}\"><div class=\"panel-widget-style panel-widget-style-for-804-1-0-0\"><div class=\"so-widget-sow-editor so-widget-sow-editor-base\"><div class=\"siteorigin-widget-tinymce textwidget\"><h3 style=\"text-align: center;\">En compl\u00e9ment, ISTIUM assure l'accompagnement juridique et r\u00e9glementaire des institutions concern\u00e9es<\/h3><\/div><\/div><\/div><\/div><\/div><\/div><\/div>","_et_gb_content_width":"","footnotes":""},"class_list":["post-804","page","type-page","status-publish","hentry"],"aioseo_notices":[],"_links":{"self":[{"href":"https:\/\/www.istium.pro\/web\/wp-json\/wp\/v2\/pages\/804","targetHints":{"allow":["GET"]}}],"collection":[{"href":"https:\/\/www.istium.pro\/web\/wp-json\/wp\/v2\/pages"}],"about":[{"href":"https:\/\/www.istium.pro\/web\/wp-json\/wp\/v2\/types\/page"}],"author":[{"embeddable":true,"href":"https:\/\/www.istium.pro\/web\/wp-json\/wp\/v2\/users\/4"}],"replies":[{"embeddable":true,"href":"https:\/\/www.istium.pro\/web\/wp-json\/wp\/v2\/comments?post=804"}],"version-history":[{"count":39,"href":"https:\/\/www.istium.pro\/web\/wp-json\/wp\/v2\/pages\/804\/revisions"}],"predecessor-version":[{"id":2542,"href":"https:\/\/www.istium.pro\/web\/wp-json\/wp\/v2\/pages\/804\/revisions\/2542"}],"wp:attachment":[{"href":"https:\/\/www.istium.pro\/web\/wp-json\/wp\/v2\/media?parent=804"}],"curies":[{"name":"wp","href":"https:\/\/api.w.org\/{rel}","templated":true}]}}