{"id":765,"date":"2018-05-28T17:30:24","date_gmt":"2018-05-28T15:30:24","guid":{"rendered":"http:\/\/www.istium.pro\/web\/?page_id=765"},"modified":"2019-09-20T14:08:23","modified_gmt":"2019-09-20T12:08:23","slug":"la-transaction-securisee-dans-la-monetique-cartes","status":"publish","type":"page","link":"https:\/\/www.istium.pro\/web\/la-transaction-securisee-dans-la-monetique-cartes\/","title":{"rendered":"La transaction s\u00e9curis\u00e9e dans la mon\u00e9tique (cartes)"},"content":{"rendered":"[et_pb_section fb_built=\u00a0\u00bb1&Prime; _builder_version=\u00a0\u00bb3.22&Prime; fb_built=\u00a0\u00bb1&Prime; _i=\u00a0\u00bb0&Prime; _address=\u00a0\u00bb0&Prime;][et_pb_row use_custom_gutter=\u00a0\u00bbon\u00a0\u00bb gutter_width=\u00a0\u00bb1&Prime; make_equal=\u00a0\u00bbon\u00a0\u00bb _builder_version=\u00a0\u00bb3.29.2&Prime; background_size=\u00a0\u00bbinitial\u00a0\u00bb background_position=\u00a0\u00bbtop_left\u00a0\u00bb background_repeat=\u00a0\u00bbrepeat\u00a0\u00bb width=\u00a0\u00bb100%\u00a0\u00bb custom_padding=\u00a0\u00bb27px|0px|24px|0px\u00a0\u00bb locked=\u00a0\u00bboff\u00a0\u00bb _i=\u00a0\u00bb0&Prime; _address=\u00a0\u00bb0.0&Prime;][et_pb_column type=\u00a0\u00bb4_4&Prime; _builder_version=\u00a0\u00bb3.25&Prime; custom_padding=\u00a0\u00bb|||\u00a0\u00bb _i=\u00a0\u00bb0&Prime; _address=\u00a0\u00bb0.0.0&Prime; custom_padding__hover=\u00a0\u00bb|||\u00a0\u00bb][et_pb_text admin_label=\u00a0\u00bbLa transaction s\u00e9curis\u00e9e dans la mon\u00e9tique\u00a0\u00bb _builder_version=\u00a0\u00bb3.29.2&Prime; text_text_color=\u00a0\u00bb#495966&Prime; header_font=\u00a0\u00bb||||||||\u00a0\u00bb header_2_font=\u00a0\u00bb|700|||||||\u00a0\u00bb header_2_text_color=\u00a0\u00bb#7272ff\u00a0\u00bb header_2_font_size=\u00a0\u00bb36px\u00a0\u00bb header_2_line_height=\u00a0\u00bb1.3em\u00a0\u00bb background_size=\u00a0\u00bbinitial\u00a0\u00bb background_position=\u00a0\u00bbtop_left\u00a0\u00bb background_repeat=\u00a0\u00bbrepeat\u00a0\u00bb text_orientation=\u00a0\u00bbcenter\u00a0\u00bb module_alignment=\u00a0\u00bbcenter\u00a0\u00bb custom_margin=\u00a0\u00bb||20px|\u00a0\u00bb animation_style=\u00a0\u00bbslide\u00a0\u00bb animation_direction=\u00a0\u00bbbottom\u00a0\u00bb animation_intensity_slide=\u00a0\u00bb10%\u00a0\u00bb locked=\u00a0\u00bboff\u00a0\u00bb header_font_size__hover=\u00a0\u00bb30px\u00a0\u00bb header_font_size__hover_enabled=\u00a0\u00bb30px\u00a0\u00bb header_letter_spacing__hover=\u00a0\u00bb0px\u00a0\u00bb header_letter_spacing__hover_enabled=\u00a0\u00bb0px\u00a0\u00bb header_text_shadow_style__hover=\u00a0\u00bbnone\u00a0\u00bb header_text_shadow_style__hover_enabled=\u00a0\u00bbnone\u00a0\u00bb header_text_shadow_color__hover=\u00a0\u00bbrgba(0,0,0,0.4)\u00a0\u00bb header_text_shadow_color__hover_enabled=\u00a0\u00bbrgba(0,0,0,0.4)\u00a0\u00bb _i=\u00a0\u00bb0&Prime; _address=\u00a0\u00bb0.0.0.0&Prime;]\n<h2><span style=\"color: #495966;\">La transaction s\u00e9curis\u00e9e dans la mon\u00e9tique<\/span><\/h2>\n[\/et_pb_text][et_pb_divider divider_weight=\u00a0\u00bb4px\u00a0\u00bb disabled_on=\u00a0\u00bboff|off|off\u00a0\u00bb _builder_version=\u00a0\u00bb3.29.2&Prime; background_size=\u00a0\u00bbinitial\u00a0\u00bb background_position=\u00a0\u00bbtop_left\u00a0\u00bb background_repeat=\u00a0\u00bbrepeat\u00a0\u00bb max_width=\u00a0\u00bb40px\u00a0\u00bb module_alignment=\u00a0\u00bbcenter\u00a0\u00bb custom_margin=\u00a0\u00bb||10px|\u00a0\u00bb animation_style=\u00a0\u00bbzoom\u00a0\u00bb animation_direction=\u00a0\u00bbleft\u00a0\u00bb saved_tabs=\u00a0\u00bball\u00a0\u00bb locked=\u00a0\u00bboff\u00a0\u00bb _i=\u00a0\u00bb1&Prime; _address=\u00a0\u00bb0.0.0.1&Prime;][\/et_pb_divider][et_pb_text _builder_version=\u00a0\u00bb3.29.2&Prime; background_size=\u00a0\u00bbinitial\u00a0\u00bb background_position=\u00a0\u00bbtop_left\u00a0\u00bb background_repeat=\u00a0\u00bbrepeat\u00a0\u00bb _i=\u00a0\u00bb2&Prime; _address=\u00a0\u00bb0.0.0.2&Prime;]\n<div id=\"pl-495\" class=\"panel-layout\">\n<div id=\"pg-495-0\" class=\"panel-grid panel-no-style\" data-style=\"{&quot;cell_alignment&quot;:&quot;flex-start&quot;,&quot;vertical_gutter&quot;:&quot;default&quot;,&quot;background_image&quot;:false,&quot;background_image_position&quot;:&quot;center top&quot;,&quot;background_image_style&quot;:&quot;cover&quot;,&quot;row_separator&quot;:&quot;none&quot;}\" data-ratio=\"1\" data-ratio-direction=\"right\">\n<div id=\"pgc-495-0-0\" class=\"panel-grid-cell\" data-weight=\"0.5\">\n<div id=\"panel-495-0-0-0\" class=\"so-panel widget widget_text panel-first-child\" data-index=\"0\" data-style=\"{&quot;background_image_attachment&quot;:false,&quot;background_display&quot;:&quot;tile&quot;,&quot;kt_animation_duration&quot;:&quot;default&quot;,&quot;kt_animation_delay&quot;:&quot;default&quot;}\">\n<div class=\"textwidget\"><\/div>\n<\/div>\n<div id=\"panel-495-0-0-1\" class=\"so-panel widget widget_text panel-last-child\" data-index=\"1\" data-style=\"{&quot;class&quot;:&quot;rect&quot;,&quot;widget_css&quot;:&quot;rect&quot;,&quot;background&quot;:&quot;#dd9933&quot;,&quot;background_image_attachment&quot;:false,&quot;background_display&quot;:&quot;tile&quot;,&quot;kt_animation_duration&quot;:&quot;default&quot;,&quot;kt_animation_delay&quot;:&quot;default&quot;,&quot;font_color&quot;:&quot;#ffffff&quot;}\">\n<div class=\"rect panel-widget-style panel-widget-style-for-495-0-0-1\">\n<div class=\"textwidget\">\n<h2 align=\"center\">Apporter des services de confiance pour une \u00e9conomie num\u00e9rique adapt\u00e9e<br \/> aux entreprises et aux consommateurs.<\/h2>\n<\/div>\n<\/div>\n<\/div>\n<\/div>\n<\/div>\n<\/div>\n[\/et_pb_text][\/et_pb_column][\/et_pb_row][et_pb_row column_structure=\u00a0\u00bb1_3,1_3,1_3&Prime; admin_label=\u00a0\u00bbLigne\u00a0\u00bb _builder_version=\u00a0\u00bb3.29.3&Prime; background_color=\u00a0\u00bbrgba(0,0,0,0)\u00a0\u00bb background_size=\u00a0\u00bbinitial\u00a0\u00bb background_position=\u00a0\u00bbbottom_center\u00a0\u00bb background_repeat=\u00a0\u00bbrepeat\u00a0\u00bb width=\u00a0\u00bb100%\u00a0\u00bb module_alignment=\u00a0\u00bbcenter\u00a0\u00bb custom_padding=\u00a0\u00bb27px|0px|24px|0px\u00a0\u00bb hover_enabled=\u00a0\u00bb0&Prime; locked=\u00a0\u00bboff\u00a0\u00bb _i=\u00a0\u00bb1&Prime; _address=\u00a0\u00bb0.1&Prime; background_image=\u00a0\u00bbhttps:\/\/www.istium.pro\/web\/wp-content\/uploads\/2019\/09\/map-1.png\u00a0\u00bb][et_pb_column type=\u00a0\u00bb1_3&Prime; _builder_version=\u00a0\u00bb3.25&Prime; custom_padding=\u00a0\u00bb|||\u00a0\u00bb _i=\u00a0\u00bb0&Prime; _address=\u00a0\u00bb0.1.0&Prime; custom_padding__hover=\u00a0\u00bb|||\u00a0\u00bb][et_pb_blurb title=\u00a0\u00bbSyst\u00e8mes accepteurs\u00a0\u00bb url=\u00a0\u00bb#\u00a0\u00bb use_icon=\u00a0\u00bbon\u00a0\u00bb font_icon=\u00a0\u00bb%%104%%\u00a0\u00bb admin_label=\u00a0\u00bbSyst\u00e8mes accepteurs\u00a0\u00bb _builder_version=\u00a0\u00bb3.29.2&Prime; custom_margin=\u00a0\u00bb20px||20px||false|false\u00a0\u00bb custom_padding=\u00a0\u00bb20px|40px|20px|40px|false|false\u00a0\u00bb locked=\u00a0\u00bboff\u00a0\u00bb _i=\u00a0\u00bb0&Prime; _address=\u00a0\u00bb0.1.0.0&Prime;]\n<ul>\n<li>TPE<\/li>\n<li>Smartphones, tablettes,<\/li>\n<li>Terminaux virtuels,<br \/>etc\u2026<\/li>\n<\/ul>\n[\/et_pb_blurb][et_pb_blurb title=\u00a0\u00bbSyst\u00e8mes d\u2019\u00e9mission de carte\u00a0\u00bb url=\u00a0\u00bb#\u00a0\u00bb use_icon=\u00a0\u00bbon\u00a0\u00bb font_icon=\u00a0\u00bb%%113%%\u00a0\u00bb admin_label=\u00a0\u00bbSyst\u00e8mes d\u2019\u00e9mission de carte\u00a0\u00bb _builder_version=\u00a0\u00bb3.29.2&Prime; custom_margin=\u00a0\u00bb20px||20px||false|false\u00a0\u00bb custom_padding=\u00a0\u00bb20px|40px|20px|40px|false|false\u00a0\u00bb locked=\u00a0\u00bboff\u00a0\u00bb _i=\u00a0\u00bb1&Prime; _address=\u00a0\u00bb0.1.0.1&Prime;]\n<ul>\n<li>Autorisation avec services \u00e0 valeurs ajout\u00e9es,<\/li>\n<li>PIN online, connexion aux h\u00f4tels et loueurs de transport, etc\u2026<\/li>\n<li>Multidevises<\/li>\n<li>Syst\u00e8mes de compensation et r\u00e8glement<\/li>\n<\/ul>\n[\/et_pb_blurb][et_pb_blurb title=\u00a0\u00bbSyst\u00e8mes interbancaires\u00a0\u00bb url=\u00a0\u00bb#\u00a0\u00bb use_icon=\u00a0\u00bbon\u00a0\u00bb font_icon=\u00a0\u00bb%%302%%\u00a0\u00bb admin_label=\u00a0\u00bbSyst\u00e8mes interbancaires\u00a0\u00bb _builder_version=\u00a0\u00bb3.29.2&Prime; custom_margin=\u00a0\u00bb20px||22px||false|false\u00a0\u00bb custom_padding=\u00a0\u00bb20px|40px|58px|40px|false|false\u00a0\u00bb locked=\u00a0\u00bboff\u00a0\u00bb _i=\u00a0\u00bb2&Prime; _address=\u00a0\u00bb0.1.0.2&Prime;]\n<ul>\n<li>Piste, puce EMV, Mobile,<\/li>\n<li>Workflow personnalisation et distribution,<\/li>\n<li>Impl\u00e9mentation<\/li>\n<\/ul>\n[\/et_pb_blurb][\/et_pb_column][et_pb_column type=\u00a0\u00bb1_3&Prime; _builder_version=\u00a0\u00bb3.25&Prime; custom_padding=\u00a0\u00bb|||\u00a0\u00bb _i=\u00a0\u00bb1&Prime; _address=\u00a0\u00bb0.1.1&Prime; custom_padding__hover=\u00a0\u00bb|||\u00a0\u00bb][et_pb_blurb title=\u00a0\u00bbSyst\u00e8mes d\u2019acquisition de transactions\u00a0\u00bb url=\u00a0\u00bb#\u00a0\u00bb use_icon=\u00a0\u00bbon\u00a0\u00bb font_icon=\u00a0\u00bb%%113%%\u00a0\u00bb admin_label=\u00a0\u00bbSyst\u00e8mes d\u2019acquisition de transactions\u00a0\u00bb _builder_version=\u00a0\u00bb3.29.2&Prime; custom_margin=\u00a0\u00bb20px||23px||false|false\u00a0\u00bb custom_padding=\u00a0\u00bb20px|40px|1px|40px|false|false\u00a0\u00bb locked=\u00a0\u00bboff\u00a0\u00bb _i=\u00a0\u00bb0&Prime; _address=\u00a0\u00bb0.1.1.0&Prime;]\n<p>Omni canaux :<\/p>\n<ul>\n<li>GAB,<\/li>\n<li>TPE,<\/li>\n<li>Mobiles,<\/li>\n<li>Internet,\u2026<\/li>\n<\/ul>\n[\/et_pb_blurb][et_pb_blurb title=\u00a0\u00bbLutte contre la fraude\u00a0\u00bb url=\u00a0\u00bb#\u00a0\u00bb use_icon=\u00a0\u00bbon\u00a0\u00bb font_icon=\u00a0\u00bb%%287%%\u00a0\u00bb admin_label=\u00a0\u00bbLutte contre la fraude\u00a0\u00bb _builder_version=\u00a0\u00bb3.29.2&Prime; custom_margin=\u00a0\u00bb20px||20px||false|false\u00a0\u00bb custom_padding=\u00a0\u00bb20px|40px|0px|40px|false|false\u00a0\u00bb locked=\u00a0\u00bboff\u00a0\u00bb _i=\u00a0\u00bb1&Prime; _address=\u00a0\u00bb0.1.1.1&Prime;]\n<ul>\n<li>Anti-blanchiment d\u2019argent<\/li>\n<\/ul>\n[\/et_pb_blurb][et_pb_blurb title=\u00a0\u00bbCyber S\u00e9curit\u00e9\u00a0\u00bb url=\u00a0\u00bb#\u00a0\u00bb use_icon=\u00a0\u00bbon\u00a0\u00bb font_icon=\u00a0\u00bb%%165%%\u00a0\u00bb admin_label=\u00a0\u00bbCYBER S\u00c9CURIT\u00c9\u00a0\u00bb _builder_version=\u00a0\u00bb3.29.2&Prime; custom_margin=\u00a0\u00bb20px||20px||false|false\u00a0\u00bb custom_padding=\u00a0\u00bb18px|40px|7px|40px|false|false\u00a0\u00bb locked=\u00a0\u00bboff\u00a0\u00bb _i=\u00a0\u00bb2&Prime; _address=\u00a0\u00bb0.1.1.2&Prime;]\n<ul>\n<li>3D Secure, Authentification forte, Tokenisation,\u2026<\/li>\n<\/ul>\n[\/et_pb_blurb][et_pb_blurb title=\u00a0\u00bbGestion des risques\u00a0\u00bb url=\u00a0\u00bb#\u00a0\u00bb use_icon=\u00a0\u00bbon\u00a0\u00bb font_icon=\u00a0\u00bb%%162%%\u00a0\u00bb admin_label=\u00a0\u00bbGestion des risques\u00a0\u00bb _builder_version=\u00a0\u00bb3.29.2&Prime; custom_margin=\u00a0\u00bb20px||20px||false|false\u00a0\u00bb custom_padding=\u00a0\u00bb20px|40px|2px|40px|false|false\u00a0\u00bb locked=\u00a0\u00bboff\u00a0\u00bb _i=\u00a0\u00bb3&Prime; _address=\u00a0\u00bb0.1.1.3&Prime;]\n<ul>\n<li>Porteurs \u2013 Commer\u00e7ants<\/li>\n<\/ul>\n[\/et_pb_blurb][\/et_pb_column][et_pb_column type=\u00a0\u00bb1_3&Prime; _builder_version=\u00a0\u00bb3.25&Prime; custom_padding=\u00a0\u00bb|||\u00a0\u00bb _i=\u00a0\u00bb2&Prime; _address=\u00a0\u00bb0.1.2&Prime; custom_padding__hover=\u00a0\u00bb|||\u00a0\u00bb][et_pb_sidebar orientation=\u00a0\u00bbright\u00a0\u00bb show_border=\u00a0\u00bboff\u00a0\u00bb _builder_version=\u00a0\u00bb3.29.3&Prime; header_font=\u00a0\u00bb||||||||\u00a0\u00bb header_text_align=\u00a0\u00bbjustify\u00a0\u00bb header_text_color=\u00a0\u00bb#f7a736&Prime; header_font_size=\u00a0\u00bb24px\u00a0\u00bb header_line_height=\u00a0\u00bb1.1em\u00a0\u00bb body_text_color=\u00a0\u00bb#495966&Prime; body_line_height=\u00a0\u00bb1em\u00a0\u00bb background_color=\u00a0\u00bb#ededed\u00a0\u00bb text_orientation=\u00a0\u00bbleft\u00a0\u00bb width=\u00a0\u00bb286px\u00a0\u00bb max_width=\u00a0\u00bb100%\u00a0\u00bb module_alignment=\u00a0\u00bbleft\u00a0\u00bb min_height=\u00a0\u00bb701px\u00a0\u00bb custom_margin=\u00a0\u00bb|-52px|0px|0px|false|false\u00a0\u00bb custom_padding=\u00a0\u00bb15px|12px|15px|19px|false|false\u00a0\u00bb border_radii=\u00a0\u00bbon|1px|1px|1px|1px\u00a0\u00bb border_color_all=\u00a0\u00bb#f7a736&Prime; border_width_left=\u00a0\u00bb3px\u00a0\u00bb border_color_left=\u00a0\u00bb#f7a736&Prime; box_shadow_style=\u00a0\u00bbpreset2&Prime; locked=\u00a0\u00bboff\u00a0\u00bb _i=\u00a0\u00bb0&Prime; _address=\u00a0\u00bb0.1.2.0&Prime;][\/et_pb_sidebar][\/et_pb_column][\/et_pb_row][\/et_pb_section]\n","protected":false},"excerpt":{"rendered":"<p>La transaction s\u00e9curis\u00e9e dans la mon\u00e9tique Apporter des services de confiance pour une \u00e9conomie num\u00e9rique adapt\u00e9e aux entreprises et aux consommateurs. TPE Smartphones, tablettes, Terminaux virtuels,etc\u2026 Autorisation avec services \u00e0 valeurs ajout\u00e9es, PIN online, connexion aux h\u00f4tels et loueurs de transport, etc\u2026 Multidevises Syst\u00e8mes de compensation et r\u00e8glement Piste, puce EMV, Mobile, Workflow personnalisation et [&hellip;]<\/p>\n","protected":false},"author":4,"featured_media":0,"parent":0,"menu_order":0,"comment_status":"closed","ping_status":"closed","template":"","meta":{"_et_pb_use_builder":"on","_et_pb_old_content":"<div id=\"pl-765\" class=\"panel-layout\"><div id=\"pg-765-0\" class=\"panel-grid panel-no-style\" data-style=\"{\"cell_alignment\":\"flex-start\",\"vertical_gutter\":\"default\",\"background_image\":false,\"background_image_position\":\"center top\",\"background_image_style\":\"cover\",\"row_separator\":\"none\"}\" data-ratio=\"1\" data-ratio-direction=\"right\"><div id=\"pgc-765-0-0\" class=\"panel-grid-cell panel-grid-cell-empty\" data-weight=\"0.5\">\u00a0<\/div><\/div><div id=\"pg-765-1\" class=\"panel-grid panel-no-style\" data-style=\"{\"cell_alignment\":\"flex-start\",\"vertical_gutter\":\"default\",\"background_image\":false,\"background_image_position\":\"center top\",\"background_image_style\":\"cover\",\"row_separator\":\"none\"}\" data-ratio=\"1\" data-ratio-direction=\"right\"><div id=\"pgc-765-1-0\" class=\"panel-grid-cell panel-grid-cell-empty\" data-weight=\"1\">\u00a0<\/div><\/div><div id=\"pg-765-2\" class=\"panel-grid panel-no-style\" data-style=\"{\"cell_alignment\":\"flex-start\",\"vertical_gutter\":\"default\",\"background_image\":false,\"background_image_position\":\"center top\",\"background_image_style\":\"cover\",\"row_separator\":\"none\"}\" data-ratio=\"1\" data-ratio-direction=\"right\"><div id=\"pgc-765-2-0\" class=\"panel-grid-cell\" data-weight=\"0.33333333333333\"><div id=\"panel-765-2-0-0\" class=\"so-panel widget widget_sow-editor panel-first-child\" data-index=\"0\" data-style=\"{\"padding\":\"0px 0px 0px 0px\",\"background\":\"#465866\",\"background_image_attachment\":false,\"background_display\":\"tile\",\"kt_animation_duration\":\"default\",\"kt_animation_delay\":\"default\",\"margin\":\"0px 10px 10px 10px\",\"font_color\":\"#ffffff\"}\"><div class=\"panel-widget-style panel-widget-style-for-765-2-0-0\"><div class=\"so-widget-sow-editor so-widget-sow-editor-base\"><div class=\"siteorigin-widget-tinymce textwidget\"><p style=\"text-align: center;\">Syst\u00e8mes<br \/><strong>accepteurs<\/strong><\/p><\/div><\/div><\/div><\/div><div id=\"panel-765-2-0-1\" class=\"so-panel widget widget_sow-editor\" data-index=\"1\" data-style=\"{\"background_image_attachment\":false,\"background_display\":\"tile\",\"kt_animation_duration\":\"default\",\"kt_animation_delay\":\"default\"}\"><div class=\"so-widget-sow-editor so-widget-sow-editor-base\"><div class=\"siteorigin-widget-tinymce textwidget\"><ul><li>TPE<\/li><li>Smartphones, tablettes,<\/li><li>Terminaux virtuels,<br \/>etc...<\/li><\/ul><\/div><\/div><\/div><div id=\"panel-765-2-0-2\" class=\"so-panel widget widget_sow-editor\" data-index=\"2\" data-style=\"{\"background\":\"#2aa6c8\",\"background_image_attachment\":false,\"background_display\":\"tile\",\"kt_animation_duration\":\"default\",\"kt_animation_delay\":\"default\",\"font_color\":\"#ffffff\"}\"><div class=\"panel-widget-style panel-widget-style-for-765-2-0-2\"><div class=\"so-widget-sow-editor so-widget-sow-editor-base\"><div class=\"siteorigin-widget-tinymce textwidget\"><p style=\"text-align: center;\">Syst\u00e8mes<br \/>d'<strong>acquisition<\/strong> de transactions<\/p><\/div><\/div><\/div><\/div><div id=\"panel-765-2-0-3\" class=\"so-panel widget widget_sow-editor panel-last-child\" data-index=\"3\" data-style=\"{\"background_image_attachment\":false,\"background_display\":\"tile\",\"kt_animation_duration\":\"default\",\"kt_animation_delay\":\"default\"}\"><div class=\"so-widget-sow-editor so-widget-sow-editor-base\"><div class=\"siteorigin-widget-tinymce textwidget\"><p>Omni canaux :<\/p><ul><li>GAB,<\/li><li>TPE,<\/li><li>Mobiles,<\/li><li>Internet,...<\/li><\/ul><\/div><\/div><\/div><\/div><div id=\"pgc-765-2-1\" class=\"panel-grid-cell\" data-weight=\"0.33333333333333\"><div id=\"panel-765-2-1-0\" class=\"so-panel widget widget_sow-editor panel-first-child\" data-index=\"4\" data-style=\"{\"background\":\"#f57464\",\"background_image_attachment\":false,\"background_display\":\"tile\",\"kt_animation_duration\":\"default\",\"kt_animation_delay\":\"default\",\"font_color\":\"#ffffff\"}\"><div class=\"panel-widget-style panel-widget-style-for-765-2-1-0\"><div class=\"so-widget-sow-editor so-widget-sow-editor-base\"><div class=\"siteorigin-widget-tinymce textwidget\"><p style=\"text-align: center;\">Syst\u00e8mes<br \/><strong>interbancaires<\/strong><\/p><\/div><\/div><\/div><\/div><div id=\"panel-765-2-1-1\" class=\"so-panel widget widget_sow-editor\" data-index=\"5\" data-style=\"{\"background_image_attachment\":false,\"background_display\":\"tile\",\"kt_animation_duration\":\"default\",\"kt_animation_delay\":\"default\"}\"><div class=\"so-widget-sow-editor so-widget-sow-editor-base\"><div class=\"siteorigin-widget-tinymce textwidget\"><ul><li>Piste, puce EMV, Mobile,<\/li><li>Workflow personnalisation et distribution,<\/li><li>Impl\u00e9mentation<\/li><\/ul><\/div><\/div><\/div><div id=\"panel-765-2-1-2\" class=\"so-panel widget widget_sow-editor\" data-index=\"6\" data-style=\"{\"background\":\"#f1a63c\",\"background_image_attachment\":false,\"background_display\":\"tile\",\"kt_animation_duration\":\"default\",\"kt_animation_delay\":\"default\",\"font_color\":\"#ffffff\"}\"><div class=\"panel-widget-style panel-widget-style-for-765-2-1-2\"><div class=\"so-widget-sow-editor so-widget-sow-editor-base\"><div class=\"siteorigin-widget-tinymce textwidget\"><p style=\"text-align: center;\">Syst\u00e8mes<br \/>d'<strong>\u00e9mission\u00a0<\/strong>de carte<\/p><\/div><\/div><\/div><\/div><div id=\"panel-765-2-1-3\" class=\"so-panel widget widget_sow-editor panel-last-child\" data-index=\"7\" data-style=\"{\"background_image_attachment\":false,\"background_display\":\"tile\",\"kt_animation_duration\":\"default\",\"kt_animation_delay\":\"default\"}\"><div class=\"so-widget-sow-editor so-widget-sow-editor-base\"><div class=\"siteorigin-widget-tinymce textwidget\"><ul><li>Autorisation avec services \u00e0 valeurs ajout\u00e9es,<\/li><li>PIN online, connexion aux h\u00f4tels et loueurs de transport, etc...<\/li><li>Multidevises<\/li><li>Syst\u00e8mes de compensation et r\u00e8glement<\/li><\/ul><\/div><\/div><\/div><\/div><div id=\"pgc-765-2-2\" class=\"panel-grid-cell\" data-weight=\"0.33333333333333\"><div id=\"panel-765-2-2-0\" class=\"so-panel widget widget_sow-editor panel-first-child\" data-index=\"8\" data-style=\"{\"padding\":\"0px 0px 30px 0px\",\"mobile_padding\":\"20px 20px 20px 20px\",\"background\":\"#f1a63c\",\"background_image_attachment\":\"860\",\"background_image_attachment_fallback\":false,\"background_display\":\"cover\",\"kt_animation_type\":\"fadeInUp\",\"kt_animation_duration\":\"300\",\"kt_animation_delay\":\"default\",\"margin\":\"0px 0px 0px 0px\",\"font_color\":\"#ffffff\"}\"><div class=\"kt-pb-animation kt-pb-fadeInUp kt-pb-duration-300 kt-pb-delay-0 panel-widget-style panel-widget-style-for-765-2-2-0\"><div class=\"so-widget-sow-editor so-widget-sow-editor-base\"><div class=\"siteorigin-widget-tinymce textwidget\"><p>\u00a0<\/p><p style=\"text-align: center;\"><strong>LUTTE CONTRE LA FRAUDE<\/strong><\/p><p style=\"text-align: center;\">Anti-blanchiment d'argent<\/p><p style=\"text-align: center;\"><strong>GESTION DES RISQUES<\/strong><\/p><p style=\"text-align: center;\">Porteurs - Commer\u00e7ants<\/p><p style=\"text-align: center;\"><strong>CYBER S\u00c9CURIT\u00c9<\/strong><\/p><p style=\"text-align: center;\">3D Secure, Authentification forte, Tokenisation,...<\/p><\/div><\/div><\/div><\/div><div id=\"panel-765-2-2-1\" class=\"so-panel widget widget_media_image\" data-index=\"9\" data-style=\"{\"background_image_attachment\":false,\"background_display\":\"tile\",\"kt_animation_duration\":\"default\",\"kt_animation_delay\":\"default\"}\">[siteorigin_widget class=\"WP_Widget_Media_Image\"]<input type=\"hidden\" value=\"{\"instance\":{\"attachment_id\":0,\"url\":\"\",\"title\":\"\",\"size\":\"medium\",\"width\":0,\"height\":0,\"caption\":\"\",\"alt\":\"\",\"link_type\":\"custom\",\"link_url\":\"\",\"image_classes\":\"\",\"link_classes\":\"\",\"link_rel\":\"\",\"link_target_blank\":false,\"image_title\":\"\"},\"args\":{\"before_widget\":\"<div id=\\\"panel-765-2-2-1\\\" class=\\\"so-panel widget widget_media_image\\\" data-index=\\\"9\\\" data-style=\\\"{\"background_image_attachment\":false,\"background_display\":\"tile\",\"kt_animation_duration\":\"default\",\"kt_animation_delay\":\"default\"}\\\" >\",\"after_widget\":\"<\\\/div>\",\"before_title\":\"<h3 class=\\\"widget-title\\\">\",\"after_title\":\"<\\\/h3>\",\"widget_id\":\"widget-2-2-1\"}}\" \/>[\/siteorigin_widget]<\/div><div id=\"panel-765-2-2-2\" class=\"so-panel widget widget_text\" data-index=\"10\" data-style=\"{\"background_image_attachment\":false,\"background_display\":\"tile\",\"kt_animation_duration\":\"default\",\"kt_animation_delay\":\"default\"}\"><div class=\"textwidget\">\u00a0<\/div><\/div><div id=\"panel-765-2-2-3\" class=\"so-panel widget widget_sow-button panel-last-child\" data-index=\"11\" data-style=\"{\"background_image_attachment\":false,\"background_display\":\"tile\",\"kt_animation_duration\":\"default\",\"kt_animation_delay\":\"default\",\"margin\":\"50pxpx 50pxpx 50pxpx 50pxpx\"}\">[siteorigin_widget class=\"SiteOrigin_Widget_Button_Widget\"]<input type=\"hidden\" value=\"{\"instance\":{\"text\":\"CONTACTEZ NOS EXPERTS\",\"url\":\"http:\\\/\\\/www.istium.pro\\\/web\\\/contact-experts\\\/\",\"button_icon\":{\"icon_selected\":\"fontawesome-angle-double-right\",\"icon_color\":\"#ffffff\",\"icon\":0,\"icon_placement\":\"left\",\"so_field_container_state\":\"open\"},\"design\":{\"width\":false,\"width_unit\":\"px\",\"align\":\"center\",\"theme\":\"flat\",\"button_color\":false,\"text_color\":false,\"hover\":true,\"font\":\"eurofence\",\"font_size\":\"1\",\"rounding\":\"0.25\",\"padding\":\"1\",\"so_field_container_state\":\"open\"},\"attributes\":{\"id\":\"\",\"classes\":\"\",\"title\":\"\",\"onclick\":\"\",\"rel\":\"\",\"so_field_container_state\":\"closed\"},\"_sow_form_id\":\"1136602355b276c71b092d010683919\",\"_sow_form_timestamp\":\"1529310361974\",\"new_window\":false},\"args\":{\"before_widget\":\"<div id=\\\"panel-765-2-2-3\\\" class=\\\"so-panel widget widget_sow-button panel-last-child\\\" data-index=\\\"11\\\" data-style=\\\"{\"background_image_attachment\":false,\"background_display\":\"tile\",\"kt_animation_duration\":\"default\",\"kt_animation_delay\":\"default\",\"margin\":\"50pxpx 50pxpx 50pxpx 50pxpx\"}\\\" >\",\"after_widget\":\"<\\\/div>\",\"before_title\":\"<h3 class=\\\"widget-title\\\">\",\"after_title\":\"<\\\/h3>\",\"widget_id\":\"widget-2-2-3\"}}\" \/>[\/siteorigin_widget]<\/div><\/div><\/div><\/div>","_et_gb_content_width":"","footnotes":""},"class_list":["post-765","page","type-page","status-publish","hentry"],"aioseo_notices":[],"_links":{"self":[{"href":"https:\/\/www.istium.pro\/web\/wp-json\/wp\/v2\/pages\/765","targetHints":{"allow":["GET"]}}],"collection":[{"href":"https:\/\/www.istium.pro\/web\/wp-json\/wp\/v2\/pages"}],"about":[{"href":"https:\/\/www.istium.pro\/web\/wp-json\/wp\/v2\/types\/page"}],"author":[{"embeddable":true,"href":"https:\/\/www.istium.pro\/web\/wp-json\/wp\/v2\/users\/4"}],"replies":[{"embeddable":true,"href":"https:\/\/www.istium.pro\/web\/wp-json\/wp\/v2\/comments?post=765"}],"version-history":[{"count":89,"href":"https:\/\/www.istium.pro\/web\/wp-json\/wp\/v2\/pages\/765\/revisions"}],"predecessor-version":[{"id":2534,"href":"https:\/\/www.istium.pro\/web\/wp-json\/wp\/v2\/pages\/765\/revisions\/2534"}],"wp:attachment":[{"href":"https:\/\/www.istium.pro\/web\/wp-json\/wp\/v2\/media?parent=765"}],"curies":[{"name":"wp","href":"https:\/\/api.w.org\/{rel}","templated":true}]}}