{"id":753,"date":"2018-05-28T17:03:57","date_gmt":"2018-05-28T15:03:57","guid":{"rendered":"http:\/\/www.istium.pro\/web\/?page_id=753"},"modified":"2019-09-20T14:16:33","modified_gmt":"2019-09-20T12:16:33","slug":"la-formation-et-le-transfert-de-competences","status":"publish","type":"page","link":"https:\/\/www.istium.pro\/web\/la-formation-et-le-transfert-de-competences\/","title":{"rendered":"La formation et le transfert de comp\u00e9tences"},"content":{"rendered":"[et_pb_section fb_built=\u00a0\u00bb1&Prime; _builder_version=\u00a0\u00bb3.29.3&Prime; background_color=\u00a0\u00bb#ffffff\u00a0\u00bb background_image=\u00a0\u00bbhttps:\/\/www.istium.pro\/web\/wp-content\/uploads\/2019\/09\/map-1.png\u00a0\u00bb background_size=\u00a0\u00bbinitial\u00a0\u00bb background_position=\u00a0\u00bbbottom_center\u00a0\u00bb hover_enabled=\u00a0\u00bb0&Prime; fb_built=\u00a0\u00bb1&Prime; _i=\u00a0\u00bb0&Prime; _address=\u00a0\u00bb0&Prime;][et_pb_row use_custom_gutter=\u00a0\u00bbon\u00a0\u00bb gutter_width=\u00a0\u00bb1&Prime; make_equal=\u00a0\u00bbon\u00a0\u00bb _builder_version=\u00a0\u00bb3.29.3&Prime; background_color=\u00a0\u00bbrgba(0,0,0,0)\u00a0\u00bb background_size=\u00a0\u00bbinitial\u00a0\u00bb background_position=\u00a0\u00bbtop_left\u00a0\u00bb background_repeat=\u00a0\u00bbrepeat\u00a0\u00bb width=\u00a0\u00bb100%\u00a0\u00bb custom_padding=\u00a0\u00bb27px|0px|24px|0px\u00a0\u00bb locked=\u00a0\u00bboff\u00a0\u00bb _i=\u00a0\u00bb0&Prime; _address=\u00a0\u00bb0.0&Prime;][et_pb_column type=\u00a0\u00bb4_4&Prime; _builder_version=\u00a0\u00bb3.25&Prime; custom_padding=\u00a0\u00bb|||\u00a0\u00bb _i=\u00a0\u00bb0&Prime; _address=\u00a0\u00bb0.0.0&Prime; custom_padding__hover=\u00a0\u00bb|||\u00a0\u00bb][et_pb_text admin_label=\u00a0\u00bbAccompagnement op\u00e9rationnel des ma\u00eetres d\u2019\u0153uvre\u00a0\u00bb _builder_version=\u00a0\u00bb3.29.2&Prime; header_font=\u00a0\u00bb||||||||\u00a0\u00bb header_2_font=\u00a0\u00bb|700|||||||\u00a0\u00bb header_2_text_color=\u00a0\u00bb#7272ff\u00a0\u00bb header_2_font_size=\u00a0\u00bb36px\u00a0\u00bb header_2_line_height=\u00a0\u00bb1.3em\u00a0\u00bb background_size=\u00a0\u00bbinitial\u00a0\u00bb background_position=\u00a0\u00bbtop_left\u00a0\u00bb background_repeat=\u00a0\u00bbrepeat\u00a0\u00bb text_orientation=\u00a0\u00bbcenter\u00a0\u00bb module_alignment=\u00a0\u00bbcenter\u00a0\u00bb custom_margin=\u00a0\u00bb||20px|\u00a0\u00bb animation_style=\u00a0\u00bbslide\u00a0\u00bb animation_direction=\u00a0\u00bbbottom\u00a0\u00bb animation_intensity_slide=\u00a0\u00bb10%\u00a0\u00bb locked=\u00a0\u00bboff\u00a0\u00bb header_font_size__hover=\u00a0\u00bb30px\u00a0\u00bb header_font_size__hover_enabled=\u00a0\u00bb30px\u00a0\u00bb header_letter_spacing__hover=\u00a0\u00bb0px\u00a0\u00bb header_letter_spacing__hover_enabled=\u00a0\u00bb0px\u00a0\u00bb header_text_shadow_style__hover=\u00a0\u00bbnone\u00a0\u00bb header_text_shadow_style__hover_enabled=\u00a0\u00bbnone\u00a0\u00bb header_text_shadow_color__hover=\u00a0\u00bbrgba(0,0,0,0.4)\u00a0\u00bb header_text_shadow_color__hover_enabled=\u00a0\u00bbrgba(0,0,0,0.4)\u00a0\u00bb _i=\u00a0\u00bb0&Prime; _address=\u00a0\u00bb0.0.0.0&Prime;]\n<h2><span style=\"color: #495966;\">La formation et le transfert de comp\u00e9tences<\/span><\/h2>\n[\/et_pb_text][et_pb_divider divider_weight=\u00a0\u00bb4px\u00a0\u00bb disabled_on=\u00a0\u00bboff|off|off\u00a0\u00bb _builder_version=\u00a0\u00bb3.29.2&Prime; background_size=\u00a0\u00bbinitial\u00a0\u00bb background_position=\u00a0\u00bbtop_left\u00a0\u00bb background_repeat=\u00a0\u00bbrepeat\u00a0\u00bb max_width=\u00a0\u00bb40px\u00a0\u00bb module_alignment=\u00a0\u00bbcenter\u00a0\u00bb custom_margin=\u00a0\u00bb||10px|\u00a0\u00bb animation_style=\u00a0\u00bbzoom\u00a0\u00bb animation_direction=\u00a0\u00bbleft\u00a0\u00bb saved_tabs=\u00a0\u00bball\u00a0\u00bb locked=\u00a0\u00bboff\u00a0\u00bb _i=\u00a0\u00bb1&Prime; _address=\u00a0\u00bb0.0.0.1&Prime;][\/et_pb_divider][\/et_pb_column][\/et_pb_row][et_pb_row column_structure=\u00a0\u00bb1_4,1_2,1_4&Prime; _builder_version=\u00a0\u00bb3.29.3&Prime; background_color=\u00a0\u00bbrgba(0,0,0,0)\u00a0\u00bb background_size=\u00a0\u00bbinitial\u00a0\u00bb background_position=\u00a0\u00bbtop_left\u00a0\u00bb background_repeat=\u00a0\u00bbrepeat\u00a0\u00bb _i=\u00a0\u00bb1&Prime; _address=\u00a0\u00bb0.1&Prime;][et_pb_column type=\u00a0\u00bb1_4&Prime; _builder_version=\u00a0\u00bb3.25&Prime; custom_padding=\u00a0\u00bb|||\u00a0\u00bb _i=\u00a0\u00bb0&Prime; _address=\u00a0\u00bb0.1.0&Prime; custom_padding__hover=\u00a0\u00bb|||\u00a0\u00bb][et_pb_image src=\u00a0\u00bbhttps:\/\/www.istium.pro\/web\/wp-content\/uploads\/2018\/06\/formation-securite-numerique-protection-des-donnees-300&#215;200.jpg\u00a0\u00bb _builder_version=\u00a0\u00bb3.29.2&Prime; _i=\u00a0\u00bb0&Prime; _address=\u00a0\u00bb0.1.0.0&Prime;][\/et_pb_image][et_pb_text _builder_version=\u00a0\u00bb3.29.2&Prime; background_color=\u00a0\u00bbrgba(247,167,54,0.21)\u00a0\u00bb custom_padding=\u00a0\u00bb20px|20px|20px|20px|false|false\u00a0\u00bb border_width_bottom=\u00a0\u00bb3px\u00a0\u00bb border_color_bottom=\u00a0\u00bb#f7a736&Prime; _i=\u00a0\u00bb1&Prime; _address=\u00a0\u00bb0.1.0.1&Prime;]\n<div id=\"panel-753-1-1-1\" class=\"so-panel widget widget_sow-editor\" data-index=\"5\" data-style=\"{&quot;background_image_attachment&quot;:false,&quot;background_display&quot;:&quot;tile&quot;,&quot;kt_animation_duration&quot;:&quot;default&quot;,&quot;kt_animation_delay&quot;:&quot;default&quot;}\">\n<div class=\"so-widget-sow-editor so-widget-sow-editor-base\">\n<div class=\"siteorigin-widget-tinymce textwidget\">\n<p><strong style=\"font-size: 14px;\">Istium<\/strong><span style=\"font-size: 14px;\"> \u00e9dite annuellement un catalogue formation autour des th\u00e8mes suivants :<\/span><\/p>\n<ul>\n<li>Module 1 : <strong>SYST\u00c8MES FINANCIERS<\/strong><\/li>\n<li>Module 2 : <strong>SYST\u00c8MES DE PAIEMENTS<\/strong><\/li>\n<li>Module\u00a03 : <strong><strong>GESTION DU RISQUE &#8211; S\u00c9CURIT\u00c9<br \/><\/strong><\/strong><strong><strong> <\/strong><\/strong>\n<p><strong><strong><\/strong><\/strong><\/p>\n<\/li>\n<\/ul>\n<\/div>\n<\/div>\n<\/div>\n[\/et_pb_text][\/et_pb_column][et_pb_column type=\u00a0\u00bb1_2&Prime; _builder_version=\u00a0\u00bb3.25&Prime; custom_padding=\u00a0\u00bb|||\u00a0\u00bb _i=\u00a0\u00bb1&Prime; _address=\u00a0\u00bb0.1.1&Prime; custom_padding__hover=\u00a0\u00bb|||\u00a0\u00bb][et_pb_text _builder_version=\u00a0\u00bb3.29.2&Prime; background_size=\u00a0\u00bbinitial\u00a0\u00bb background_position=\u00a0\u00bbtop_left\u00a0\u00bb background_repeat=\u00a0\u00bbrepeat\u00a0\u00bb _i=\u00a0\u00bb0&Prime; _address=\u00a0\u00bb0.1.1.0&Prime;]\n<p><strong>ISTIUM<\/strong> propose en Europe, Afrique et Am\u00e9riques des formations adapt\u00e9es aux nouvelles technologies et aux syst\u00e8mes \u00e9lectroniques de transactions s\u00e9curis\u00e9es tels que la Mon\u00e9tique ou la Fid\u00e9lit\u00e9. La rapidit\u00e9 d\u2019\u00e9volution des usages et des technologies (r\u00e9seaux, objets connect\u00e9s, mobiles, etc.) impose aux acteurs de la Transaction Electronique S\u00e9curis\u00e9e de savoir maintenir et am\u00e9liorer la comp\u00e9tence des \u00e9quipes pour la satisfaction des clients.<\/p>\n<p>&nbsp;<\/p>\n<h2 style=\"text-align: center;\">La formation est d\u00e9sormais un enjeu strat\u00e9gique de premier plan consid\u00e9r\u00e9<br \/> comme facteur cl\u00e9 de r\u00e9ussite et de d\u00e9veloppement.<\/h2>\n[\/et_pb_text][et_pb_text _builder_version=\u00a0\u00bb3.29.2&Prime; background_size=\u00a0\u00bbinitial\u00a0\u00bb background_position=\u00a0\u00bbtop_left\u00a0\u00bb background_repeat=\u00a0\u00bbrepeat\u00a0\u00bb custom_margin=\u00a0\u00bb||49px|||\u00a0\u00bb _i=\u00a0\u00bb1&Prime; _address=\u00a0\u00bb0.1.1.1&Prime;]\n<div id=\"pl-753\" class=\"panel-layout\">\n<div id=\"pg-753-0\" class=\"panel-grid panel-no-style\" data-ratio=\"1\" data-ratio-direction=\"right\">\n<div id=\"pgc-753-0-0\" class=\"panel-grid-cell\" data-weight=\"1\">\n<div id=\"panel-753-0-0-0\" class=\"so-panel widget widget_sow-editor panel-first-child\" data-index=\"0\" data-style=\"{&quot;background_image_attachment&quot;:false,&quot;background_display&quot;:&quot;tile&quot;,&quot;kt_animation_duration&quot;:&quot;default&quot;,&quot;kt_animation_delay&quot;:&quot;default&quot;}\">\n<div class=\"so-widget-sow-editor so-widget-sow-editor-base\">\n<div class=\"siteorigin-widget-tinymce textwidget\">\u00a0<strong style=\"font-size: 14px;\">Les formations ISTIUM s\u2019adressent aux D\u00e9cideurs, aux Commerciaux, Marqueteurs, Ing\u00e9nieurs, Techniciens, Chefs de Projets, et aussi aux Juristes. Elles couvrent les aspects organisationnels,\u00a0r\u00e9glementaires, fonctionnels et techniques de la mise en oeuvre des solutions.<\/strong><\/div>\n<\/div>\n<\/div>\n<\/div>\n<\/div>\n<div id=\"pg-753-1\" class=\"panel-grid panel-no-style\" data-style=\"{&quot;cell_alignment&quot;:&quot;flex-start&quot;,&quot;vertical_gutter&quot;:&quot;default&quot;,&quot;background_image&quot;:false,&quot;background_image_position&quot;:&quot;center top&quot;,&quot;background_image_style&quot;:&quot;cover&quot;,&quot;row_separator&quot;:&quot;none&quot;}\" data-ratio=\"1\" data-ratio-direction=\"right\">\n<div id=\"pgc-753-1-0\" class=\"panel-grid-cell\" data-weight=\"0.5\">\n<div id=\"panel-753-1-0-1\" class=\"so-panel widget widget_text panel-last-child\" data-index=\"3\" data-style=\"{&quot;background_image_attachment&quot;:false,&quot;background_display&quot;:&quot;tile&quot;,&quot;kt_animation_duration&quot;:&quot;default&quot;,&quot;kt_animation_delay&quot;:&quot;default&quot;}\">\n<div class=\"textwidget\">\n<p>Les sessions se d\u00e9roulent en fran\u00e7ais, en anglais ou en espagnol selon le contexte.<\/p>\n<\/div>\n<\/div>\n<\/div>\n<div id=\"pgc-753-1-1\" class=\"panel-grid-cell\" data-weight=\"0.5\">\n<div id=\"panel-753-1-1-0\" class=\"so-panel widget widget_sow-editor panel-first-child\" data-index=\"4\" data-style=\"{&quot;background&quot;:&quot;#ffffff&quot;,&quot;background_image_attachment&quot;:false,&quot;background_display&quot;:&quot;tile&quot;,&quot;kt_animation_duration&quot;:&quot;default&quot;,&quot;kt_animation_delay&quot;:&quot;default&quot;,&quot;font_color&quot;:&quot;#dd9933&quot;}\">\n<div class=\"panel-widget-style panel-widget-style-for-753-1-1-0\">\n<div class=\"so-widget-sow-editor so-widget-sow-editor-base\">\n<div class=\"siteorigin-widget-tinymce textwidget\">\n<p>L\u2019application des bonnes pratiques conditionne la qualit\u00e9 des services rendus \u00e0 la client\u00e8le.<\/p>\n<\/div>\n<\/div>\n<\/div>\n<\/div>\n<div id=\"panel-753-1-1-1\" class=\"so-panel widget widget_sow-editor\" data-index=\"5\" data-style=\"{&quot;background_image_attachment&quot;:false,&quot;background_display&quot;:&quot;tile&quot;,&quot;kt_animation_duration&quot;:&quot;default&quot;,&quot;kt_animation_delay&quot;:&quot;default&quot;}\">\n<div class=\"so-widget-sow-editor so-widget-sow-editor-base\">\n<div class=\"siteorigin-widget-tinymce textwidget\">\n<p><strong>ISTIUM tire son exp\u00e9rience de projets concrets et diversifi\u00e9s.<\/strong><br \/>\u2022 Nombreuses installations de syst\u00e8mes mon\u00e9tiques en Europe et \u00e0 l\u2019international.<br \/>\u2022 Mise en place de centres interbancaires internationaux (G\u00e9orgie, Alg\u00e9rie, Afrique de l\u2019Ouest).<br \/>\u2022 Connaissance r\u00e9elle et concr\u00e8te de la banque (CREDIT AGRICOLE, BNP PARIBAS, BANQUES POPULAIRES), de la microfinance (CICM, CCA), d\u2019\u00e9diteurs de progiciels (SCITERTIA \/ SOPRA, CIME \/ MAGELLAN \/ ACI \/ HPS) et de soci\u00e9t\u00e9s de services de renom (EXPERIAN, MONEXT)<\/p>\n<\/div>\n<\/div>\n<\/div>\n<\/div>\n<\/div>\n<\/div>\n[\/et_pb_text][et_pb_text _builder_version=\u00a0\u00bb3.29.2&Prime; background_color=\u00a0\u00bbrgba(247,167,54,0.21)\u00a0\u00bb custom_padding=\u00a0\u00bb20px|20px|20px|20px|false|false\u00a0\u00bb border_width_bottom=\u00a0\u00bb3px\u00a0\u00bb border_color_bottom=\u00a0\u00bb#f7a736&Prime; _i=\u00a0\u00bb2&Prime; _address=\u00a0\u00bb0.1.1.2&Prime;]\n<div id=\"panel-753-1-1-1\" class=\"so-panel widget widget_sow-editor\" data-index=\"5\" data-style=\"{&quot;background_image_attachment&quot;:false,&quot;background_display&quot;:&quot;tile&quot;,&quot;kt_animation_duration&quot;:&quot;default&quot;,&quot;kt_animation_delay&quot;:&quot;default&quot;}\">\n<div class=\"so-widget-sow-editor so-widget-sow-editor-base\">\n<div class=\"siteorigin-widget-tinymce textwidget\">\n<p><strong>Formation interentreprises :<br \/><\/strong>En France : Paris et Aix-en-Provence principalement<br \/>En Afrique : Dakar<\/p>\n<p><strong>Formation sur site :<\/strong><br \/>L\u2019organisation est sous la responsabilit\u00e9 client dans ses propres locaux. Le client fourni la salle et les moyens de projection. De pr\u00e9f\u00e9rence, le client aura pr\u00e9vu un environnement sp\u00e9cifique \u00e0 la formation.<\/p>\n<\/div>\n<\/div>\n<\/div>\n[\/et_pb_text][\/et_pb_column][et_pb_column type=\u00a0\u00bb1_4&Prime; _builder_version=\u00a0\u00bb3.25&Prime; custom_padding=\u00a0\u00bb|||\u00a0\u00bb _i=\u00a0\u00bb2&Prime; _address=\u00a0\u00bb0.1.2&Prime; custom_padding__hover=\u00a0\u00bb|||\u00a0\u00bb][et_pb_sidebar show_border=\u00a0\u00bboff\u00a0\u00bb _builder_version=\u00a0\u00bb3.29.2&Prime; header_font=\u00a0\u00bb||||||||\u00a0\u00bb header_text_align=\u00a0\u00bbjustify\u00a0\u00bb header_text_color=\u00a0\u00bb#f7a736&Prime; header_font_size=\u00a0\u00bb24px\u00a0\u00bb header_line_height=\u00a0\u00bb1.1em\u00a0\u00bb body_text_color=\u00a0\u00bb#495966&Prime; body_line_height=\u00a0\u00bb1em\u00a0\u00bb background_color=\u00a0\u00bb#ededed\u00a0\u00bb text_orientation=\u00a0\u00bbleft\u00a0\u00bb width=\u00a0\u00bb266px\u00a0\u00bb max_width=\u00a0\u00bb100%\u00a0\u00bb module_alignment=\u00a0\u00bbleft\u00a0\u00bb min_height=\u00a0\u00bb701px\u00a0\u00bb custom_margin=\u00a0\u00bb|292px|0px|0px|false|false\u00a0\u00bb custom_padding=\u00a0\u00bb15px|12px|15px|19px|false|false\u00a0\u00bb border_radii=\u00a0\u00bbon|1px|1px|1px|1px\u00a0\u00bb border_color_all=\u00a0\u00bb#f7a736&Prime; border_width_left=\u00a0\u00bb3px\u00a0\u00bb border_color_left=\u00a0\u00bb#f7a736&Prime; box_shadow_style=\u00a0\u00bbpreset2&Prime; locked=\u00a0\u00bboff\u00a0\u00bb _i=\u00a0\u00bb0&Prime; _address=\u00a0\u00bb0.1.2.0&Prime;][\/et_pb_sidebar][\/et_pb_column][\/et_pb_row][\/et_pb_section]\n","protected":false},"excerpt":{"rendered":"<p>La formation et le transfert de comp\u00e9tences Istium \u00e9dite annuellement un catalogue formation autour des th\u00e8mes suivants : Module 1 : SYST\u00c8MES FINANCIERS Module 2 : SYST\u00c8MES DE PAIEMENTS Module\u00a03 : GESTION DU RISQUE &#8211; S\u00c9CURIT\u00c9 ISTIUM propose en Europe, Afrique et Am\u00e9riques des formations adapt\u00e9es aux nouvelles technologies et aux syst\u00e8mes \u00e9lectroniques de transactions [&hellip;]<\/p>\n","protected":false},"author":4,"featured_media":0,"parent":0,"menu_order":0,"comment_status":"closed","ping_status":"closed","template":"","meta":{"_et_pb_use_builder":"on","_et_pb_old_content":"<div id=\"pl-753\" class=\"panel-layout\"><div id=\"pg-753-0\" class=\"panel-grid panel-no-style\" data-ratio=\"1\" data-ratio-direction=\"right\"><div id=\"pgc-753-0-0\" class=\"panel-grid-cell\" data-weight=\"1\"><div id=\"panel-753-0-0-0\" class=\"so-panel widget widget_sow-editor panel-first-child\" data-index=\"0\" data-style=\"{\"background_image_attachment\":false,\"background_display\":\"tile\",\"kt_animation_duration\":\"default\",\"kt_animation_delay\":\"default\"}\"><div class=\"so-widget-sow-editor so-widget-sow-editor-base\"><div class=\"siteorigin-widget-tinymce textwidget\"><p>ISTIUM propose en <strong>Europe<\/strong>,<strong> Afrique<\/strong> et <strong>Am\u00e9riques<\/strong> des formations adapt\u00e9es aux nouvelles technologies et aux syst\u00e8mes \u00e9lectroniques de transactions s\u00e9curis\u00e9es tels que la Mon\u00e9tique ou la Fid\u00e9lit\u00e9.\u00a0La rapidit\u00e9 d\u2019\u00e9volution des usages et des technologies (r\u00e9seaux, objets connect\u00e9s, mobiles, etc.) impose aux acteurs de la Transaction Electronique S\u00e9curis\u00e9e de savoir maintenir et am\u00e9liorer la comp\u00e9tence des \u00e9quipes pour la satisfaction des clients.<\/p><p>\u00a0<\/p><\/div><\/div><\/div><div id=\"panel-753-0-0-1\" class=\"so-panel widget widget_sow-editor panel-last-child\" data-index=\"1\" data-style=\"{\"background\":\"#dd9933\",\"background_image_attachment\":false,\"background_display\":\"tile\",\"kt_animation_duration\":\"default\",\"kt_animation_delay\":\"default\",\"font_color\":\"#ffffff\"}\"><div class=\"panel-widget-style panel-widget-style-for-753-0-0-1\"><div class=\"so-widget-sow-editor so-widget-sow-editor-base\"><div class=\"siteorigin-widget-tinymce textwidget\"><h3 style=\"text-align: center;\">La formation est d\u00e9sormais un enjeu strat\u00e9gique de premier plan consid\u00e9r\u00e9 comme facteur cl\u00e9 de r\u00e9ussite et de d\u00e9veloppement.<\/h3><\/div><\/div><\/div><\/div><\/div><\/div><div id=\"pg-753-1\" class=\"panel-grid panel-no-style\" data-style=\"{\"cell_alignment\":\"flex-start\",\"vertical_gutter\":\"default\",\"background_image\":false,\"background_image_position\":\"center top\",\"background_image_style\":\"cover\",\"row_separator\":\"none\"}\" data-ratio=\"1\" data-ratio-direction=\"right\"><div id=\"pgc-753-1-0\" class=\"panel-grid-cell\" data-weight=\"0.5\"><div id=\"panel-753-1-0-0\" class=\"so-panel widget widget_sow-editor panel-first-child\" data-index=\"2\" data-style=\"{\"background_image_attachment\":false,\"background_display\":\"tile\",\"kt_animation_duration\":\"default\",\"kt_animation_delay\":\"default\"}\"><div class=\"so-widget-sow-editor so-widget-sow-editor-base\"><div class=\"siteorigin-widget-tinymce textwidget\"><p><img class=\"aligncenter wp-image-1252 size-full\" src=\"http:\/\/www.istium.pro\/web\/wp-content\/uploads\/2018\/06\/formation-securite-numerique-protection-des-donnees.jpg\" sizes=\"(max-width: 849px) 100vw, 849px\" srcset=\"https:\/\/www.istium.pro\/web\/wp-content\/uploads\/2018\/06\/formation-securite-numerique-protection-des-donnees.jpg 849w, https:\/\/www.istium.pro\/web\/wp-content\/uploads\/2018\/06\/formation-securite-numerique-protection-des-donnees-300x200.jpg 300w, https:\/\/www.istium.pro\/web\/wp-content\/uploads\/2018\/06\/formation-securite-numerique-protection-des-donnees-768x512.jpg 768w, https:\/\/www.istium.pro\/web\/wp-content\/uploads\/2018\/06\/formation-securite-numerique-protection-des-donnees-600x400.jpg 600w, https:\/\/www.istium.pro\/web\/wp-content\/uploads\/2018\/06\/formation-securite-numerique-protection-des-donnees-272x182.jpg 272w\" alt=\"\" width=\"849\" height=\"566\" \/><\/p><\/div><\/div><\/div><div id=\"panel-753-1-0-1\" class=\"so-panel widget widget_text panel-last-child\" data-index=\"3\" data-style=\"{\"background_image_attachment\":false,\"background_display\":\"tile\",\"kt_animation_duration\":\"default\",\"kt_animation_delay\":\"default\"}\"><div class=\"textwidget\"><p><strong>Les formations ISTIUM s\u2019adressent aux D\u00e9cideurs, aux Commerciaux, Marqueteurs, Ing\u00e9nieurs, Techniciens, Chefs de Projets, et aussi aux Juristes. Elles couvrent les aspects organisationnels,\u00a0r\u00e9glementaires, fonctionnels et techniques de la mise en oeuvre des solutions.<\/strong><\/p><p>Les sessions se d\u00e9roulent en fran\u00e7ais, en anglais ou en espagnol selon le contexte.<\/p><\/div><\/div><\/div><div id=\"pgc-753-1-1\" class=\"panel-grid-cell\" data-weight=\"0.5\"><div id=\"panel-753-1-1-0\" class=\"so-panel widget widget_sow-editor panel-first-child\" data-index=\"4\" data-style=\"{\"background\":\"#ffffff\",\"background_image_attachment\":false,\"background_display\":\"tile\",\"kt_animation_duration\":\"default\",\"kt_animation_delay\":\"default\",\"font_color\":\"#dd9933\"}\"><div class=\"panel-widget-style panel-widget-style-for-753-1-1-0\"><div class=\"so-widget-sow-editor so-widget-sow-editor-base\"><div class=\"siteorigin-widget-tinymce textwidget\"><p>L\u2019application des bonnes pratiques conditionne la qualit\u00e9 des services rendus \u00e0 la client\u00e8le.<\/p><\/div><\/div><\/div><\/div><div id=\"panel-753-1-1-1\" class=\"so-panel widget widget_sow-editor\" data-index=\"5\" data-style=\"{\"background_image_attachment\":false,\"background_display\":\"tile\",\"kt_animation_duration\":\"default\",\"kt_animation_delay\":\"default\"}\"><div class=\"so-widget-sow-editor so-widget-sow-editor-base\"><div class=\"siteorigin-widget-tinymce textwidget\"><p><strong>ISTIUM tire son exp\u00e9rience de projets concrets et diversifi\u00e9s.<\/strong><br \/>\u2022 Nombreuses installations de syst\u00e8mes mon\u00e9tiques en Europe et \u00e0 l\u2019international.<br \/>\u2022 Mise en place de centres interbancaires internationaux (G\u00e9orgie, Alg\u00e9rie, Afrique de l\u2019Ouest).<br \/>\u2022 Connaissance r\u00e9elle et concr\u00e8te de la banque (CREDIT AGRICOLE, BNP PARIBAS, BANQUES POPULAIRES), de la microfinance (CICM, CCA), d\u2019\u00e9diteurs de progiciels (SCITERTIA \/ SOPRA, CIME \/ MAGELLAN \/ ACI \/ HPS) et de soci\u00e9t\u00e9s de services de renom (EXPERIAN, MONEXT)<\/p><p><strong>Formation interentreprises :<\/strong><br \/>En France : Paris et Aix-en-Provence principalement<br \/>En Afrique : Dakar<\/p><p><strong>Formation sur site :<\/strong><br \/>L\u2019organisation est sous la responsabilit\u00e9 client dans ses propres locaux. Le client fourni la salle et les moyens de projection. De pr\u00e9f\u00e9rence, le client aura pr\u00e9vu un environnement sp\u00e9cifique \u00e0 la formation.<\/p><p>\u00a0<\/p><p><strong>Istium<\/strong> \u00e9dite annuellement un catalogue formation autour des th\u00e8mes suivants :<\/p><ul><li>Module 1 : <strong>SYST\u00c8MES FINANCIERS<\/strong><\/li><li>Module 2 : <strong>SYST\u00c8MES DE PAIEMENTS<\/strong><\/li><li>Module\u00a03 : <strong>GESTION DU RISQUE - S\u00c9CURIT\u00c9<\/strong><\/li><\/ul><\/div><\/div><\/div><div id=\"panel-753-1-1-2\" class=\"so-panel widget widget_sow-button panel-last-child\" data-index=\"6\" data-style=\"{\"background_image_attachment\":false,\"background_display\":\"tile\",\"kt_animation_duration\":\"default\",\"kt_animation_delay\":\"default\"}\">[siteorigin_widget class=\"SiteOrigin_Widget_Button_Widget\"]<input type=\"hidden\" value=\"{\"instance\":{\"text\":\"Une question ? Une r\\u00e9servation ? Contactez-nous pour toutes questions.\",\"url\":\"http:\\\/\\\/www.istium.pro\\\/web\\\/contacts\\\/\",\"button_icon\":{\"icon_selected\":\"fontawesome-weixin\",\"icon_color\":\"#ffffff\",\"icon\":0,\"icon_placement\":\"left\",\"so_field_container_state\":\"open\"},\"design\":{\"width\":false,\"width_unit\":\"px\",\"align\":\"left\",\"theme\":\"atom\",\"button_color\":\"#dd9933\",\"text_color\":\"#ffffff\",\"hover\":true,\"font\":\"default\",\"font_size\":\"1\",\"rounding\":\"0.25\",\"padding\":\"1\",\"so_field_container_state\":\"open\"},\"attributes\":{\"id\":\"\",\"classes\":\"\",\"title\":\"\",\"onclick\":\"\",\"rel\":\"\",\"so_field_container_state\":\"closed\"},\"_sow_form_id\":\"4983223925b27b6a0c6e4c586823911\",\"_sow_form_timestamp\":\"1529329410879\",\"new_window\":false,\"so_sidebar_emulator_id\":\"sow-button-75310006\",\"option_name\":\"widget_sow-button\"},\"args\":{\"before_widget\":\"<div id=\\\"panel-753-1-1-2\\\" class=\\\"so-panel widget widget_sow-button panel-last-child\\\" data-index=\\\"6\\\" data-style=\\\"{\"background_image_attachment\":false,\"background_display\":\"tile\",\"kt_animation_duration\":\"default\",\"kt_animation_delay\":\"default\"}\\\" >\",\"after_widget\":\"<\\\/div>\",\"before_title\":\"<h3 class=\\\"widget-title\\\">\",\"after_title\":\"<\\\/h3>\",\"widget_id\":\"widget-1-1-2\"}}\" \/>[\/siteorigin_widget]<\/div><\/div><\/div><\/div>","_et_gb_content_width":"","footnotes":""},"class_list":["post-753","page","type-page","status-publish","hentry"],"aioseo_notices":[],"_links":{"self":[{"href":"https:\/\/www.istium.pro\/web\/wp-json\/wp\/v2\/pages\/753","targetHints":{"allow":["GET"]}}],"collection":[{"href":"https:\/\/www.istium.pro\/web\/wp-json\/wp\/v2\/pages"}],"about":[{"href":"https:\/\/www.istium.pro\/web\/wp-json\/wp\/v2\/types\/page"}],"author":[{"embeddable":true,"href":"https:\/\/www.istium.pro\/web\/wp-json\/wp\/v2\/users\/4"}],"replies":[{"embeddable":true,"href":"https:\/\/www.istium.pro\/web\/wp-json\/wp\/v2\/comments?post=753"}],"version-history":[{"count":49,"href":"https:\/\/www.istium.pro\/web\/wp-json\/wp\/v2\/pages\/753\/revisions"}],"predecessor-version":[{"id":2555,"href":"https:\/\/www.istium.pro\/web\/wp-json\/wp\/v2\/pages\/753\/revisions\/2555"}],"wp:attachment":[{"href":"https:\/\/www.istium.pro\/web\/wp-json\/wp\/v2\/media?parent=753"}],"curies":[{"name":"wp","href":"https:\/\/api.w.org\/{rel}","templated":true}]}}