{"id":667,"date":"2018-05-21T22:54:08","date_gmt":"2018-05-21T20:54:08","guid":{"rendered":"http:\/\/www.istium.pro\/web\/?page_id=667"},"modified":"2019-09-20T14:12:50","modified_gmt":"2019-09-20T12:12:50","slug":"accompagnement-strategique-pour-les-maitrises-douvrage-2","status":"publish","type":"page","link":"https:\/\/www.istium.pro\/web\/accompagnement-strategique-pour-les-maitrises-douvrage-2\/","title":{"rendered":"Accompagnement strat\u00e9gique pour les ma\u00eetrises d\u2019ouvrage"},"content":{"rendered":"[et_pb_section fb_built=\u00a0\u00bb1&Prime; _builder_version=\u00a0\u00bb3.29.3&Prime; hover_enabled=\u00a0\u00bb0&Prime; fb_built=\u00a0\u00bb1&Prime; _i=\u00a0\u00bb0&Prime; _address=\u00a0\u00bb0&Prime; background_image=\u00a0\u00bbhttps:\/\/www.istium.pro\/web\/wp-content\/uploads\/2019\/09\/map-1.png\u00a0\u00bb background_size=\u00a0\u00bbinitial\u00a0\u00bb background_position=\u00a0\u00bbbottom_center\u00a0\u00bb][et_pb_row use_custom_gutter=\u00a0\u00bbon\u00a0\u00bb gutter_width=\u00a0\u00bb1&Prime; make_equal=\u00a0\u00bbon\u00a0\u00bb _builder_version=\u00a0\u00bb3.29.2&Prime; background_size=\u00a0\u00bbinitial\u00a0\u00bb background_position=\u00a0\u00bbtop_left\u00a0\u00bb background_repeat=\u00a0\u00bbrepeat\u00a0\u00bb width=\u00a0\u00bb100%\u00a0\u00bb custom_padding=\u00a0\u00bb27px|0px|24px|0px\u00a0\u00bb locked=\u00a0\u00bboff\u00a0\u00bb _i=\u00a0\u00bb0&Prime; _address=\u00a0\u00bb0.0&Prime;][et_pb_column type=\u00a0\u00bb4_4&Prime; _builder_version=\u00a0\u00bb3.25&Prime; custom_padding=\u00a0\u00bb|||\u00a0\u00bb _i=\u00a0\u00bb0&Prime; _address=\u00a0\u00bb0.0.0&Prime; custom_padding__hover=\u00a0\u00bb|||\u00a0\u00bb][et_pb_text _builder_version=\u00a0\u00bb3.29.2&Prime; text_text_color=\u00a0\u00bb#495966&Prime; header_font=\u00a0\u00bb||||||||\u00a0\u00bb header_2_font=\u00a0\u00bb|700|||||||\u00a0\u00bb header_2_text_color=\u00a0\u00bb#7272ff\u00a0\u00bb header_2_font_size=\u00a0\u00bb36px\u00a0\u00bb header_2_line_height=\u00a0\u00bb1.3em\u00a0\u00bb background_size=\u00a0\u00bbinitial\u00a0\u00bb background_position=\u00a0\u00bbtop_left\u00a0\u00bb background_repeat=\u00a0\u00bbrepeat\u00a0\u00bb text_orientation=\u00a0\u00bbcenter\u00a0\u00bb module_alignment=\u00a0\u00bbcenter\u00a0\u00bb custom_margin=\u00a0\u00bb||20px|\u00a0\u00bb animation_style=\u00a0\u00bbslide\u00a0\u00bb animation_direction=\u00a0\u00bbbottom\u00a0\u00bb animation_intensity_slide=\u00a0\u00bb10%\u00a0\u00bb locked=\u00a0\u00bboff\u00a0\u00bb header_font_size__hover=\u00a0\u00bb30px\u00a0\u00bb header_font_size__hover_enabled=\u00a0\u00bb30px\u00a0\u00bb header_letter_spacing__hover=\u00a0\u00bb0px\u00a0\u00bb header_letter_spacing__hover_enabled=\u00a0\u00bb0px\u00a0\u00bb header_text_shadow_style__hover=\u00a0\u00bbnone\u00a0\u00bb header_text_shadow_style__hover_enabled=\u00a0\u00bbnone\u00a0\u00bb header_text_shadow_color__hover=\u00a0\u00bbrgba(0,0,0,0.4)\u00a0\u00bb header_text_shadow_color__hover_enabled=\u00a0\u00bbrgba(0,0,0,0.4)\u00a0\u00bb _i=\u00a0\u00bb0&Prime; _address=\u00a0\u00bb0.0.0.0&Prime;]\n<h2><span style=\"color: #495966;\">Accompagnement strat\u00e9gique pour les ma\u00eetrises d\u2019ouvrage<\/span><\/h2>\n[\/et_pb_text][et_pb_divider divider_weight=\u00a0\u00bb4px\u00a0\u00bb disabled_on=\u00a0\u00bboff|off|off\u00a0\u00bb _builder_version=\u00a0\u00bb3.29.2&Prime; background_size=\u00a0\u00bbinitial\u00a0\u00bb background_position=\u00a0\u00bbtop_left\u00a0\u00bb background_repeat=\u00a0\u00bbrepeat\u00a0\u00bb max_width=\u00a0\u00bb40px\u00a0\u00bb module_alignment=\u00a0\u00bbcenter\u00a0\u00bb custom_margin=\u00a0\u00bb||10px|\u00a0\u00bb animation_style=\u00a0\u00bbzoom\u00a0\u00bb animation_direction=\u00a0\u00bbleft\u00a0\u00bb saved_tabs=\u00a0\u00bball\u00a0\u00bb locked=\u00a0\u00bboff\u00a0\u00bb _i=\u00a0\u00bb1&Prime; _address=\u00a0\u00bb0.0.0.1&Prime;][\/et_pb_divider][\/et_pb_column][\/et_pb_row][et_pb_row column_structure=\u00a0\u00bb1_3,1_3,1_3&Prime; _builder_version=\u00a0\u00bb3.25&Prime; background_size=\u00a0\u00bbinitial\u00a0\u00bb background_position=\u00a0\u00bbtop_left\u00a0\u00bb background_repeat=\u00a0\u00bbrepeat\u00a0\u00bb _i=\u00a0\u00bb1&Prime; _address=\u00a0\u00bb0.1&Prime;][et_pb_column type=\u00a0\u00bb1_3&Prime; _builder_version=\u00a0\u00bb3.25&Prime; custom_padding=\u00a0\u00bb|||\u00a0\u00bb _i=\u00a0\u00bb0&Prime; _address=\u00a0\u00bb0.1.0&Prime; custom_padding__hover=\u00a0\u00bb|||\u00a0\u00bb][et_pb_text _builder_version=\u00a0\u00bb3.29.2&Prime; background_size=\u00a0\u00bbinitial\u00a0\u00bb background_position=\u00a0\u00bbtop_left\u00a0\u00bb background_repeat=\u00a0\u00bbrepeat\u00a0\u00bb _i=\u00a0\u00bb0&Prime; _address=\u00a0\u00bb0.1.0.0&Prime;]\n<div id=\"pl-667\" class=\"panel-layout\">\n<div id=\"pg-667-0\" class=\"panel-grid panel-no-style\" data-style=\"{&quot;cell_alignment&quot;:&quot;flex-start&quot;,&quot;vertical_gutter&quot;:&quot;default&quot;,&quot;background_image&quot;:false,&quot;background_image_position&quot;:&quot;center top&quot;,&quot;background_image_style&quot;:&quot;cover&quot;,&quot;row_separator&quot;:&quot;none&quot;,&quot;next_row_background_color&quot;:&quot;&quot;}\" data-ratio=\"1\" data-ratio-direction=\"right\">\n<div id=\"pgc-667-0-0\" class=\"panel-grid-cell\" data-weight=\"0.5\">\n<div id=\"panel-667-0-0-0\" class=\"so-panel widget widget_sow-editor panel-first-child panel-last-child\" data-index=\"0\" data-style=\"{&quot;background_image_attachment&quot;:false,&quot;background_display&quot;:&quot;tile&quot;,&quot;kt_animation_duration&quot;:&quot;default&quot;,&quot;kt_animation_delay&quot;:&quot;default&quot;}\">\n<div class=\"so-widget-sow-editor so-widget-sow-editor-base\">\n<div class=\"siteorigin-widget-tinymce textwidget\">\n<h2>Sch\u00e9ma directeur<\/h2>\n<ul>\n<li>Etude d\u2019<strong>opportunit\u00e9<\/strong> et de march\u00e9 &#8211; \u00c9laboration de <strong>business plan<\/strong><\/li>\n<li>\u00c9laboration d\u2019offres commerciales -R\u00e9daction de support <strong><strong>marketing <\/strong><\/strong>\n<p><strong><strong> <\/strong><\/strong><\/p>\n<p><strong><strong> <\/strong><\/strong><\/p>\n<p><strong><strong><\/strong><\/strong><\/p>\n<\/li>\n<\/ul>\n<h2>Consultations MOA<\/h2>\n<ul>\n<li>Expressions de <strong>besoins<\/strong><\/li>\n<li><strong>Appels d\u2019offres<\/strong> (cahier des charges) et s\u00e9lection de ma\u00eetrise d\u2019\u0153uvre<\/li>\n<\/ul>\n<h2>\n<p>R\u00e9vision des organisations et \u00e9laboration de proc\u00e9dures internes<\/h2>\n<\/div>\n<\/div>\n<\/div>\n<\/div>\n<\/div>\n<\/div>\n[\/et_pb_text][\/et_pb_column][et_pb_column type=\u00a0\u00bb1_3&Prime; _builder_version=\u00a0\u00bb3.25&Prime; custom_padding=\u00a0\u00bb|||\u00a0\u00bb _i=\u00a0\u00bb1&Prime; _address=\u00a0\u00bb0.1.1&Prime; custom_padding__hover=\u00a0\u00bb|||\u00a0\u00bb][et_pb_text _builder_version=\u00a0\u00bb3.29.2&Prime; background_size=\u00a0\u00bbinitial\u00a0\u00bb background_position=\u00a0\u00bbtop_left\u00a0\u00bb background_repeat=\u00a0\u00bbrepeat\u00a0\u00bb _i=\u00a0\u00bb0&Prime; _address=\u00a0\u00bb0.1.1.0&Prime;]\n<div id=\"pl-667\" class=\"panel-layout\">\n<div id=\"pg-667-0\" class=\"panel-grid panel-no-style\" data-style=\"{&quot;cell_alignment&quot;:&quot;flex-start&quot;,&quot;vertical_gutter&quot;:&quot;default&quot;,&quot;background_image&quot;:false,&quot;background_image_position&quot;:&quot;center top&quot;,&quot;background_image_style&quot;:&quot;cover&quot;,&quot;row_separator&quot;:&quot;none&quot;,&quot;next_row_background_color&quot;:&quot;&quot;}\" data-ratio=\"1\" data-ratio-direction=\"right\">\n<div id=\"pgc-667-0-0\" class=\"panel-grid-cell\" data-weight=\"0.5\">\n<div id=\"panel-667-0-0-0\" class=\"so-panel widget widget_sow-editor panel-first-child panel-last-child\" data-index=\"0\" data-style=\"{&quot;background_image_attachment&quot;:false,&quot;background_display&quot;:&quot;tile&quot;,&quot;kt_animation_duration&quot;:&quot;default&quot;,&quot;kt_animation_delay&quot;:&quot;default&quot;}\">\n<div class=\"so-widget-sow-editor so-widget-sow-editor-base\">\n<div class=\"siteorigin-widget-tinymce textwidget\">\n<h2>Aspects juridiques<\/h2>\n<\/div>\n<\/div>\n<\/div>\n<\/div>\n<div id=\"pgc-667-0-1\" class=\"panel-grid-cell\" data-weight=\"0.5\">\n<div id=\"panel-667-0-1-0\" class=\"so-panel widget widget_sow-editor panel-first-child panel-last-child\" data-index=\"1\" data-style=\"{&quot;background_image_attachment&quot;:false,&quot;background_display&quot;:&quot;tile&quot;,&quot;kt_animation_duration&quot;:&quot;default&quot;,&quot;kt_animation_delay&quot;:&quot;default&quot;}\">\n<div class=\"so-widget-sow-editor so-widget-sow-editor-base\">\n<div class=\"siteorigin-widget-tinymce textwidget\">\n<ul>\n<li>\u00c9laboration de r\u00e9glementation et de normes<\/li>\n<li>D\u00e9finition de contrats client ou de sous-traitance (SLA)<\/li>\n<\/ul>\n<h2>Conduite de projet strat\u00e9giques<\/h2>\n<ul>\n<li>Pilotage<\/li>\n<li>Recettes fonctionnelles et globales<\/li>\n<\/ul>\n<\/div>\n<\/div>\n<\/div>\n<\/div>\n<\/div>\n<\/div>\n[\/et_pb_text][\/et_pb_column][et_pb_column type=\u00a0\u00bb1_3&Prime; _builder_version=\u00a0\u00bb3.25&Prime; custom_padding=\u00a0\u00bb|||\u00a0\u00bb _i=\u00a0\u00bb2&Prime; _address=\u00a0\u00bb0.1.2&Prime; custom_padding__hover=\u00a0\u00bb|||\u00a0\u00bb][et_pb_sidebar show_border=\u00a0\u00bboff\u00a0\u00bb _builder_version=\u00a0\u00bb3.29.2&Prime; header_font=\u00a0\u00bb||||||||\u00a0\u00bb header_text_align=\u00a0\u00bbjustify\u00a0\u00bb header_text_color=\u00a0\u00bb#f7a736&Prime; header_font_size=\u00a0\u00bb24px\u00a0\u00bb header_line_height=\u00a0\u00bb1.1em\u00a0\u00bb body_text_color=\u00a0\u00bb#495966&Prime; body_line_height=\u00a0\u00bb1em\u00a0\u00bb background_color=\u00a0\u00bb#ededed\u00a0\u00bb text_orientation=\u00a0\u00bbleft\u00a0\u00bb width=\u00a0\u00bb266px\u00a0\u00bb max_width=\u00a0\u00bb100%\u00a0\u00bb module_alignment=\u00a0\u00bbleft\u00a0\u00bb min_height=\u00a0\u00bb701px\u00a0\u00bb custom_margin=\u00a0\u00bb|292px|0px|0px|false|false\u00a0\u00bb custom_padding=\u00a0\u00bb15px|12px|15px|19px|false|false\u00a0\u00bb border_radii=\u00a0\u00bbon|1px|1px|1px|1px\u00a0\u00bb border_color_all=\u00a0\u00bb#f7a736&Prime; border_width_left=\u00a0\u00bb3px\u00a0\u00bb border_color_left=\u00a0\u00bb#f7a736&Prime; box_shadow_style=\u00a0\u00bbpreset2&Prime; locked=\u00a0\u00bboff\u00a0\u00bb _i=\u00a0\u00bb0&Prime; _address=\u00a0\u00bb0.1.2.0&Prime;][\/et_pb_sidebar][\/et_pb_column][\/et_pb_row][\/et_pb_section]\n","protected":false},"excerpt":{"rendered":"<p>Accompagnement strat\u00e9gique pour les ma\u00eetrises d\u2019ouvrage Sch\u00e9ma directeur Etude d\u2019opportunit\u00e9 et de march\u00e9 &#8211; \u00c9laboration de business plan \u00c9laboration d\u2019offres commerciales -R\u00e9daction de support marketing Consultations MOA Expressions de besoins Appels d\u2019offres (cahier des charges) et s\u00e9lection de ma\u00eetrise d\u2019\u0153uvre R\u00e9vision des organisations et \u00e9laboration de proc\u00e9dures internes Aspects juridiques \u00c9laboration de r\u00e9glementation et de [&hellip;]<\/p>\n","protected":false},"author":4,"featured_media":0,"parent":0,"menu_order":0,"comment_status":"closed","ping_status":"closed","template":"","meta":{"_et_pb_use_builder":"on","_et_pb_old_content":"<div id=\"pl-667\" class=\"panel-layout\"><div id=\"pg-667-0\" class=\"panel-grid panel-no-style\" data-style=\"{\"cell_alignment\":\"flex-start\",\"vertical_gutter\":\"default\",\"background_image\":false,\"background_image_position\":\"center top\",\"background_image_style\":\"cover\",\"row_separator\":\"none\",\"next_row_background_color\":\"\"}\" data-ratio=\"1\" data-ratio-direction=\"right\"><div id=\"pgc-667-0-0\" class=\"panel-grid-cell\" data-weight=\"0.5\"><div id=\"panel-667-0-0-0\" class=\"so-panel widget widget_sow-editor panel-first-child panel-last-child\" data-index=\"0\" data-style=\"{\"background_image_attachment\":false,\"background_display\":\"tile\",\"kt_animation_duration\":\"default\",\"kt_animation_delay\":\"default\"}\"><div class=\"so-widget-sow-editor so-widget-sow-editor-base\"><div class=\"siteorigin-widget-tinymce textwidget\"><h4>Sch\u00e9ma directeur<\/h4><ul><li>Etude d\u2019<strong>opportunit\u00e9<\/strong> et de march\u00e9 - \u00c9laboration de <strong>business plan<\/strong><\/li><li>\u00c9laboration d\u2019offres commerciales -R\u00e9daction de support <strong><strong>marketing<\/strong><\/strong><p>\u00a0<\/p><\/li><\/ul><h4>Consultations MOA<\/h4><ul><li>Expressions de <strong>besoins<\/strong><\/li><li><strong>Appels d\u2019offres<\/strong> (cahier des charges) et s\u00e9lection de ma\u00eetrise d\u2019\u0153uvre<\/li><\/ul><h4>R\u00e9vision des organisations et \u00e9laboration de proc\u00e9dures internes<\/h4><\/div><\/div><\/div><\/div><div id=\"pgc-667-0-1\" class=\"panel-grid-cell\" data-weight=\"0.5\"><div id=\"panel-667-0-1-0\" class=\"so-panel widget widget_sow-editor panel-first-child panel-last-child\" data-index=\"1\" data-style=\"{\"background_image_attachment\":false,\"background_display\":\"tile\",\"kt_animation_duration\":\"default\",\"kt_animation_delay\":\"default\"}\"><div class=\"so-widget-sow-editor so-widget-sow-editor-base\"><div class=\"siteorigin-widget-tinymce textwidget\"><h4>Aspects juridiques<\/h4><ul><li>\u00c9laboration de r\u00e9glementation et de normes<\/li><li>D\u00e9finition de contrats client ou de sous-traitance (SLA)<\/li><\/ul><h4>Conduite de projet strat\u00e9giques<\/h4><ul><li>Pilotage<\/li><li>Recettes fonctionnelles et globales<\/li><\/ul><\/div><\/div><\/div><\/div><\/div><div id=\"pg-667-1\" class=\"panel-grid panel-no-style\" data-style=\"{\"cell_alignment\":\"flex-start\",\"vertical_gutter\":\"default\",\"background_image\":false,\"background_image_position\":\"center top\",\"background_image_style\":\"cover\",\"row_separator\":\"none\"}\" data-ratio=\"1\" data-ratio-direction=\"right\"><div id=\"pgc-667-1-0\" class=\"panel-grid-cell\" data-weight=\"1\"><div id=\"panel-667-1-0-0\" class=\"so-panel widget widget_media_image panel-first-child panel-last-child\" data-index=\"2\" data-style=\"{\"background_image_attachment\":false,\"background_display\":\"tile\",\"kt_animation_duration\":\"default\",\"kt_animation_delay\":\"default\"}\">[siteorigin_widget class=\"WP_Widget_Media_Image\"]<input type=\"hidden\" value=\"{\"instance\":{\"attachment_id\":963,\"url\":\"http:\\\/\\\/www.istium.pro\\\/web\\\/wp-content\\\/uploads\\\/2018\\\/05\\\/bandeau.jpg\",\"title\":\"\",\"size\":\"full\",\"width\":1359,\"height\":350,\"caption\":\"\",\"alt\":\"\",\"link_type\":\"none\",\"link_url\":\"\",\"image_classes\":\"\",\"link_classes\":\"\",\"link_rel\":\"\",\"link_target_blank\":false,\"image_title\":\"\"},\"args\":{\"before_widget\":\"<div id=\\\"panel-667-1-0-0\\\" class=\\\"so-panel widget widget_media_image panel-first-child panel-last-child\\\" data-index=\\\"2\\\" data-style=\\\"{\"background_image_attachment\":false,\"background_display\":\"tile\",\"kt_animation_duration\":\"default\",\"kt_animation_delay\":\"default\"}\\\" >\",\"after_widget\":\"<\\\/div>\",\"before_title\":\"<h3 class=\\\"widget-title\\\">\",\"after_title\":\"<\\\/h3>\",\"widget_id\":\"widget-1-0-0\"}}\" \/>[\/siteorigin_widget]<\/div><\/div><\/div><\/div>","_et_gb_content_width":"","footnotes":""},"class_list":["post-667","page","type-page","status-publish","hentry"],"aioseo_notices":[],"_links":{"self":[{"href":"https:\/\/www.istium.pro\/web\/wp-json\/wp\/v2\/pages\/667","targetHints":{"allow":["GET"]}}],"collection":[{"href":"https:\/\/www.istium.pro\/web\/wp-json\/wp\/v2\/pages"}],"about":[{"href":"https:\/\/www.istium.pro\/web\/wp-json\/wp\/v2\/types\/page"}],"author":[{"embeddable":true,"href":"https:\/\/www.istium.pro\/web\/wp-json\/wp\/v2\/users\/4"}],"replies":[{"embeddable":true,"href":"https:\/\/www.istium.pro\/web\/wp-json\/wp\/v2\/comments?post=667"}],"version-history":[{"count":14,"href":"https:\/\/www.istium.pro\/web\/wp-json\/wp\/v2\/pages\/667\/revisions"}],"predecessor-version":[{"id":2544,"href":"https:\/\/www.istium.pro\/web\/wp-json\/wp\/v2\/pages\/667\/revisions\/2544"}],"wp:attachment":[{"href":"https:\/\/www.istium.pro\/web\/wp-json\/wp\/v2\/media?parent=667"}],"curies":[{"name":"wp","href":"https:\/\/api.w.org\/{rel}","templated":true}]}}