{"id":545,"date":"2018-05-18T14:47:31","date_gmt":"2018-05-18T12:47:31","guid":{"rendered":"http:\/\/www.istium.pro\/web\/?page_id=545"},"modified":"2019-09-02T10:34:07","modified_gmt":"2019-09-02T08:34:07","slug":"confidentialite-protection-donnees","status":"publish","type":"page","link":"https:\/\/www.istium.pro\/web\/confidentialite-protection-donnees\/","title":{"rendered":"Politique de Confidentialit\u00e9 et de Protection des Donn\u00e9es"},"content":{"rendered":"<p><strong>Introduction<\/strong><\/p>\n<p>ISTIUM s\u2019engage \u00e0 respecter la r\u00e9glementation en vigueur applicable au traitement de donn\u00e9es \u00e0 caract\u00e8re personnel et, en particulier, le r\u00e8glement (UE) 2016\/679 du Parlement Europ\u00e9en et du Conseil du 27 avril 2016 applicable \u00e0 compter du 25 mai 2018 (aussi appel\u00e9 \u00ab R\u00e8glement G\u00e9n\u00e9ral sur la Protection des Donn\u00e9es \u2013 RGPD \u00bb).<\/p>\n<p><strong>1. Collecte de l\u2019information<\/strong><\/p>\n<p>Nous recueillons des informations lorsque vous vous parcourez notre site, vous inscrivez sur notre site. Les informations recueillies incluent votre nom, votre pr\u00e9nom, votre adresse e-mail, votre num\u00e9ro de t\u00e9l\u00e9phone, votre fonction.<\/p>\n<p>En outre, nous recevons et enregistrons automatiquement des informations \u00e0 partir de votre ordinateur et navigateur, y compris votre adresse IP, vos logiciels et votre mat\u00e9riel, et la page que vous demandez.<\/p>\n<p><strong>2. Utilisation des informations<\/strong><\/p>\n<p>Toutes les informations que nous recueillons aupr\u00e8s de vous peuvent \u00eatre utilis\u00e9es pour :<\/p>\n<ul>\n<li>R\u00e9pondre \u00e0 vos demandes de contact<\/li>\n<li>Fournir des informations appropri\u00e9es<\/li>\n<li>Proposer des contenus<\/li>\n<li>Vous contacter par e-mail avec votre consentement, y compris l&rsquo;envoi de lettre d&rsquo;actualit\u00e9<\/li>\n<\/ul>\n<p><strong>3. Confidentialit\u00e9 des donn\u00e9es<\/strong><\/p>\n<p>Nous sommes les seuls propri\u00e9taires des informations recueillies sur ce site.<\/p>\n<p>Vos informations personnelles ne sont ni vendues, ni \u00e9chang\u00e9es, ni transf\u00e9r\u00e9es \u00e0 une autre soci\u00e9t\u00e9, hormis les \u00e9ventuelles tierce parties de confiance avec qui nous collaborons dans le cadre de la r\u00e9alisation de nos missions, \u00e0 condition que ces parties conviennent de garder ces informations confidentielles.<\/p>\n<p><strong>4. Protection des informations<\/strong><\/p>\n<p>Nous mettons en \u0153uvre un ensemble de mesures de s\u00e9curit\u00e9 pour pr\u00e9server la s\u00e9curit\u00e9 de vos informations personnelles. Les ordinateurs et serveurs utilis\u00e9s pour stocker des informations personnelles identifiables sont conserv\u00e9s dans un environnement s\u00e9curis\u00e9.<\/p>\n<p><strong>5. Utilisation de cookies<\/strong><\/p>\n<p>Ce utilise les cookies pour am\u00e9liorer le fonctionnement et la navigation. Ils identifient les visiteurs r\u00e9guliers. En outre, nos cookies am\u00e9liorent l\u2019exp\u00e9rience d\u2019utilisateur gr\u00e2ce au suivi et au ciblage de ses int\u00e9r\u00eats. Cependant, cette utilisation des cookies n\u2019est en aucune fa\u00e7on li\u00e9e \u00e0 des informations personnelles identifiables sur notre site.<\/p>\n<p><strong>6.Droit d\u2019acc\u00e8s, d\u2019opposition et de retrait<\/strong><\/p>\n<p>Nous nous engageons \u00e0 vous offrir un droit d\u2019acc\u00e8s, d\u2019opposition et de retrait quant \u00e0 vos renseignements personnels.<\/p>\n<ul>\n<li>Le droit d\u2019acc\u00e8s s\u2019entend comme \u00e9tant la possibilit\u00e9 offerte aux internautes de consulter, modifier, voire radier les informations les concernant.<\/li>\n<li>Le droit d\u2019opposition s\u2019entend comme \u00e9tant la possibilit\u00e9 offerte aux internautes de refuser que leurs renseignements personnels soient utilis\u00e9s \u00e0 certaines fins mentionn\u00e9es lors de la collecte.<\/li>\n<li>Le droit de retrait s\u2019entend comme \u00e9tant la possibilit\u00e9 offerte aux internautes de demander \u00e0 ce que leurs renseignements personnels ne figurent plus, par exemple, dans une liste de diffusion.<\/li>\n<\/ul>\n<p>Pour pouvoir exercer ces droits, vous pouvez <a href=\"http:\/\/www.istium.pro\/web\/contacts\/\" target=\"_blank\" rel=\"noopener noreferrer\"><u>nous contacter<\/u>.<\/a><\/p>\n<p>Nous nous engageons \u00e0 ce que votre demande soir trait\u00e9e dans les 30 jours \u00e0 compter de la r\u00e9ception de votre demande.<\/p>\n<p><strong>7.S\u00e9curit\u00e9<\/strong><\/p>\n<p>Les renseignements personnels que nous collectons sont conserv\u00e9s dans un environnement s\u00e9curis\u00e9. Les personnes travaillant pour nous sont tenues de respecter la confidentialit\u00e9 de vos informations.<\/p>\n<p>Nous nous engageons \u00e0 maintenir un haut degr\u00e9 de confidentialit\u00e9 concernant vos donn\u00e9es personnelles. Toutefois, comme aucun m\u00e9canisme n\u2019offre une s\u00e9curit\u00e9 maximale, une part de risque est toujours pr\u00e9sente lorsque l\u2019on utilise Internet pour transmettre des renseignements personnels.<\/p>\n","protected":false},"excerpt":{"rendered":"<p>Introduction ISTIUM s\u2019engage \u00e0 respecter la r\u00e9glementation en vigueur applicable au traitement de donn\u00e9es \u00e0 caract\u00e8re personnel et, en particulier, le r\u00e8glement (UE) 2016\/679 du Parlement Europ\u00e9en et du Conseil du 27 avril 2016 applicable \u00e0 compter du 25 mai 2018 (aussi appel\u00e9 \u00ab R\u00e8glement G\u00e9n\u00e9ral sur la Protection des Donn\u00e9es \u2013 RGPD \u00bb). 1. [&hellip;]<\/p>\n","protected":false},"author":4,"featured_media":0,"parent":0,"menu_order":0,"comment_status":"closed","ping_status":"closed","template":"","meta":{"_et_pb_use_builder":"","_et_pb_old_content":"","_et_gb_content_width":"","footnotes":""},"class_list":["post-545","page","type-page","status-publish","hentry"],"aioseo_notices":[],"_links":{"self":[{"href":"https:\/\/www.istium.pro\/web\/wp-json\/wp\/v2\/pages\/545","targetHints":{"allow":["GET"]}}],"collection":[{"href":"https:\/\/www.istium.pro\/web\/wp-json\/wp\/v2\/pages"}],"about":[{"href":"https:\/\/www.istium.pro\/web\/wp-json\/wp\/v2\/types\/page"}],"author":[{"embeddable":true,"href":"https:\/\/www.istium.pro\/web\/wp-json\/wp\/v2\/users\/4"}],"replies":[{"embeddable":true,"href":"https:\/\/www.istium.pro\/web\/wp-json\/wp\/v2\/comments?post=545"}],"version-history":[{"count":6,"href":"https:\/\/www.istium.pro\/web\/wp-json\/wp\/v2\/pages\/545\/revisions"}],"predecessor-version":[{"id":1884,"href":"https:\/\/www.istium.pro\/web\/wp-json\/wp\/v2\/pages\/545\/revisions\/1884"}],"wp:attachment":[{"href":"https:\/\/www.istium.pro\/web\/wp-json\/wp\/v2\/media?parent=545"}],"curies":[{"name":"wp","href":"https:\/\/api.w.org\/{rel}","templated":true}]}}