{"id":508,"date":"2018-05-16T21:31:24","date_gmt":"2018-05-16T19:31:24","guid":{"rendered":"http:\/\/www.istium.pro\/web\/?page_id=508"},"modified":"2018-05-21T23:08:20","modified_gmt":"2018-05-21T21:08:20","slug":"nos-formations","status":"publish","type":"page","link":"https:\/\/www.istium.pro\/web\/nos-formations\/","title":{"rendered":"Nos Formations"},"content":{"rendered":"<div id=\"pl-508\"  class=\"panel-layout\" >\n<div id=\"pg-508-0\"  class=\"panel-grid panel-no-style\" >\n<div id=\"pgc-508-0-0\"  class=\"panel-grid-cell\"  data-weight=\"1\" >\n<div id=\"panel-508-0-0-0\" class=\"so-panel widget widget_sow-editor panel-first-child panel-last-child\" data-index=\"0\" data-style=\"{&quot;background_image_attachment&quot;:false,&quot;background_display&quot;:&quot;tile&quot;,&quot;kt_animation_duration&quot;:&quot;default&quot;,&quot;kt_animation_delay&quot;:&quot;default&quot;}\" >\n<div class=\"so-widget-sow-editor so-widget-sow-editor-base\">\n<h3 class=\"widget-title\">La formation et le transfert de comp\u00e9tences<\/h3>\n<div class=\"siteorigin-widget-tinymce textwidget\">\n<p><strong>ISTIUM attache une grande importance aux formations et aux transferts de comp\u00e9tences.<br \/>\n<\/strong><\/p>\n<ul>\n<li>Elles sont la base de services op\u00e9rationnels utiles aux consommateurs finaux<\/li>\n<li>Elles accompagnent la p\u00e9rennit\u00e9 et l\u2019\u00e9volutivit\u00e9 des services<\/li>\n<li>Elles permettent le renouvellement des \u00e9quipes dans la douceur<\/li>\n<\/ul>\n<p><strong>ISTIUM \u00e9dite annuellement un catalogue formation autour des th\u00e8mes suivants<\/strong>\u00a0:<\/p>\n<ul>\n<li>Mon\u00e9tique<\/li>\n<li>Industrie des paiements<\/li>\n<li>S\u00e9curit\u00e9 et confiance num\u00e9rique<\/li>\n<\/ul>\n<\/div>\n<\/div>\n<\/div>\n<\/div>\n<\/div>\n<\/div>\n","protected":false},"excerpt":{"rendered":"<p>La formation et le transfert de comp\u00e9tences ISTIUM attache une grande importance aux formations et aux transferts de comp\u00e9tences. Elles sont la base de services op\u00e9rationnels utiles aux consommateurs finaux Elles accompagnent la p\u00e9rennit\u00e9 et l\u2019\u00e9volutivit\u00e9 des services Elles permettent le renouvellement des \u00e9quipes dans la douceur ISTIUM \u00e9dite annuellement un catalogue formation autour des [&hellip;]<\/p>\n","protected":false},"author":4,"featured_media":0,"parent":0,"menu_order":0,"comment_status":"closed","ping_status":"closed","template":"","meta":{"_et_pb_use_builder":"","_et_pb_old_content":"","_et_gb_content_width":"","footnotes":""},"class_list":["post-508","page","type-page","status-publish","hentry"],"aioseo_notices":[],"_links":{"self":[{"href":"https:\/\/www.istium.pro\/web\/wp-json\/wp\/v2\/pages\/508","targetHints":{"allow":["GET"]}}],"collection":[{"href":"https:\/\/www.istium.pro\/web\/wp-json\/wp\/v2\/pages"}],"about":[{"href":"https:\/\/www.istium.pro\/web\/wp-json\/wp\/v2\/types\/page"}],"author":[{"embeddable":true,"href":"https:\/\/www.istium.pro\/web\/wp-json\/wp\/v2\/users\/4"}],"replies":[{"embeddable":true,"href":"https:\/\/www.istium.pro\/web\/wp-json\/wp\/v2\/comments?post=508"}],"version-history":[{"count":4,"href":"https:\/\/www.istium.pro\/web\/wp-json\/wp\/v2\/pages\/508\/revisions"}],"predecessor-version":[{"id":679,"href":"https:\/\/www.istium.pro\/web\/wp-json\/wp\/v2\/pages\/508\/revisions\/679"}],"wp:attachment":[{"href":"https:\/\/www.istium.pro\/web\/wp-json\/wp\/v2\/media?parent=508"}],"curies":[{"name":"wp","href":"https:\/\/api.w.org\/{rel}","templated":true}]}}