{"id":505,"date":"2018-05-16T21:30:42","date_gmt":"2018-05-16T19:30:42","guid":{"rendered":"http:\/\/www.istium.pro\/web\/?page_id=505"},"modified":"2019-09-17T16:44:56","modified_gmt":"2019-09-17T14:44:56","slug":"nos-offres","status":"publish","type":"page","link":"https:\/\/www.istium.pro\/web\/nos-offres\/","title":{"rendered":"Offres"},"content":{"rendered":"[et_pb_section fb_built=\u00a0\u00bb1&Prime; _builder_version=\u00a0\u00bb3.22&Prime; fb_built=\u00a0\u00bb1&Prime; _i=\u00a0\u00bb0&Prime; _address=\u00a0\u00bb0&Prime;][et_pb_row _builder_version=\u00a0\u00bb3.25&Prime; background_size=\u00a0\u00bbinitial\u00a0\u00bb background_position=\u00a0\u00bbtop_left\u00a0\u00bb background_repeat=\u00a0\u00bbrepeat\u00a0\u00bb _i=\u00a0\u00bb0&Prime; _address=\u00a0\u00bb0.0&Prime;][et_pb_column type=\u00a0\u00bb4_4&Prime; _builder_version=\u00a0\u00bb3.25&Prime; custom_padding=\u00a0\u00bb|||\u00a0\u00bb _i=\u00a0\u00bb0&Prime; _address=\u00a0\u00bb0.0.0&Prime; custom_padding__hover=\u00a0\u00bb|||\u00a0\u00bb][et_pb_text _builder_version=\u00a0\u00bb3.29.2&Prime; background_size=\u00a0\u00bbinitial\u00a0\u00bb background_position=\u00a0\u00bbtop_left\u00a0\u00bb background_repeat=\u00a0\u00bbrepeat\u00a0\u00bb _i=\u00a0\u00bb0&Prime; _address=\u00a0\u00bb0.0.0.0&Prime;]\n<div id=\"pl-505\" class=\"panel-layout\">\n<div id=\"pg-505-0\" class=\"panel-grid panel-no-style\" data-style=\"{&quot;cell_alignment&quot;:&quot;flex-start&quot;,&quot;vertical_gutter&quot;:&quot;default&quot;,&quot;background_image&quot;:false,&quot;background_image_position&quot;:&quot;center top&quot;,&quot;background_image_style&quot;:&quot;cover&quot;,&quot;row_separator&quot;:&quot;none&quot;}\" data-ratio=\"1\" data-ratio-direction=\"right\">\n<div id=\"pgc-505-0-0\" class=\"panel-grid-cell\" data-weight=\"1\">\n<div id=\"panel-505-0-0-0\" class=\"so-panel widget widget_sow-editor panel-first-child panel-last-child\" data-index=\"0\" data-style=\"{&quot;background_image_attachment&quot;:false,&quot;background_display&quot;:&quot;tile&quot;,&quot;kt_animation_duration&quot;:&quot;default&quot;,&quot;kt_animation_delay&quot;:&quot;default&quot;}\">\n<div class=\"so-widget-sow-editor so-widget-sow-editor-base\">\n<div class=\"siteorigin-widget-tinymce textwidget\">\n<h2 style=\"text-align: center;\">ISTIUM offre une vari\u00e9t\u00e9 de services autour de l&rsquo;\u00e9conomie num\u00e9rique<\/h2>\n<\/div>\n<\/div>\n<\/div>\n<\/div>\n<\/div>\n<\/div>\n[\/et_pb_text][et_pb_divider divider_weight=\u00a0\u00bb4px\u00a0\u00bb disabled_on=\u00a0\u00bboff|off|off\u00a0\u00bb _builder_version=\u00a0\u00bb3.29.2&Prime; background_size=\u00a0\u00bbinitial\u00a0\u00bb background_position=\u00a0\u00bbtop_left\u00a0\u00bb background_repeat=\u00a0\u00bbrepeat\u00a0\u00bb max_width=\u00a0\u00bb40px\u00a0\u00bb module_alignment=\u00a0\u00bbcenter\u00a0\u00bb custom_margin=\u00a0\u00bb||10px|\u00a0\u00bb animation_style=\u00a0\u00bbzoom\u00a0\u00bb animation_direction=\u00a0\u00bbleft\u00a0\u00bb saved_tabs=\u00a0\u00bball\u00a0\u00bb locked=\u00a0\u00bboff\u00a0\u00bb _i=\u00a0\u00bb1&Prime; _address=\u00a0\u00bb0.0.0.1&Prime;][\/et_pb_divider][\/et_pb_column][\/et_pb_row][et_pb_row column_structure=\u00a0\u00bb1_3,1_3,1_3&Prime; _builder_version=\u00a0\u00bb3.29.2&Prime; _i=\u00a0\u00bb1&Prime; _address=\u00a0\u00bb0.1&Prime;][et_pb_column type=\u00a0\u00bb1_3&Prime; _builder_version=\u00a0\u00bb3.29.2&Prime; _i=\u00a0\u00bb0&Prime; _address=\u00a0\u00bb0.1.0&Prime;][et_pb_text _builder_version=\u00a0\u00bb3.29.2&Prime; _i=\u00a0\u00bb0&Prime; _address=\u00a0\u00bb0.1.0.0&Prime;]\n<h4 style=\"color: #465866;\">Conseil strat\u00e9gique<\/h4>\n<ul>\n<li>Sch\u00e9ma directeur<\/li>\n<li>Etude de march\u00e9<\/li>\n<li>Etude d&rsquo;opportunit\u00e9<\/li>\n<li>Pilotage l&rsquo;appel d&rsquo;offre<\/li>\n<li>Direction de projet strat\u00e9gique<\/li>\n<\/ul>\n[\/et_pb_text][et_pb_text _builder_version=\u00a0\u00bb3.29.2&Prime; _i=\u00a0\u00bb1&Prime; _address=\u00a0\u00bb0.1.0.1&Prime;]\n<h4 style=\"color: #f1a63c;\">Accompagnement technique<\/h4>\n<ul>\n<li>Direction de projet d&rsquo;int\u00e9gration<\/li>\n<li>Sp\u00e9cification de solutions<\/li>\n<li>Validations &#8211; Certifications<\/li>\n<li>Mises en production<\/li>\n<\/ul>\n[\/et_pb_text][et_pb_text _builder_version=\u00a0\u00bb3.29.2&Prime; _i=\u00a0\u00bb2&Prime; _address=\u00a0\u00bb0.1.0.2&Prime;]\n<h4 style=\"color: #f57464;\"><span style=\"color: #ff0000;\"><strong>S\u00e9curit\u00e9 des syst\u00e8mes d&rsquo;information<\/strong><\/span><\/h4>\n<ul>\n<li>Audit<\/li>\n<li>Projets s\u00e9curitaires<\/li>\n<li>Impl\u00e9mentation (PCI, ISO 27001)<\/li>\n<li>Certifications<\/li>\n<\/ul>\n[\/et_pb_text][\/et_pb_column][et_pb_column type=\u00a0\u00bb1_3&Prime; _builder_version=\u00a0\u00bb3.29.2&Prime; _i=\u00a0\u00bb1&Prime; _address=\u00a0\u00bb0.1.1&Prime;][et_pb_text _builder_version=\u00a0\u00bb3.29.2&Prime; _i=\u00a0\u00bb0&Prime; _address=\u00a0\u00bb0.1.1.0&Prime;]\n<h4 style=\"color: #2aa6c8;\">Formations et Transfert de comp\u00e9tences<\/h4>\n<ul>\n<li>Mon\u00e9tique &amp; Moyens de paiement<\/li>\n<li>Fid\u00e9lit\u00e9<\/li>\n<li>ERP et SI pour PME<\/li>\n<li>S\u00e9curit\u00e9 et authentification<\/li>\n<li>Lutte contre la fraude<\/li>\n<\/ul>\n[\/et_pb_text][et_pb_image src=\u00a0\u00bbhttps:\/\/www.istium.pro\/web\/wp-content\/uploads\/2018\/05\/schema-securite-numerique-sans.jpg\u00a0\u00bb _builder_version=\u00a0\u00bb3.29.2&Prime; _i=\u00a0\u00bb1&Prime; _address=\u00a0\u00bb0.1.1.1&Prime;][\/et_pb_image][\/et_pb_column][et_pb_column type=\u00a0\u00bb1_3&Prime; _builder_version=\u00a0\u00bb3.29.2&Prime; _i=\u00a0\u00bb2&Prime; _address=\u00a0\u00bb0.1.2&Prime;][et_pb_sidebar show_border=\u00a0\u00bboff\u00a0\u00bb _builder_version=\u00a0\u00bb3.29.2&Prime; header_font=\u00a0\u00bb||||||||\u00a0\u00bb header_text_align=\u00a0\u00bbjustify\u00a0\u00bb header_text_color=\u00a0\u00bb#f7a736&Prime; header_font_size=\u00a0\u00bb24px\u00a0\u00bb header_line_height=\u00a0\u00bb1.1em\u00a0\u00bb body_text_color=\u00a0\u00bb#495966&Prime; body_line_height=\u00a0\u00bb1em\u00a0\u00bb background_color=\u00a0\u00bb#ededed\u00a0\u00bb text_orientation=\u00a0\u00bbleft\u00a0\u00bb width=\u00a0\u00bb266px\u00a0\u00bb max_width=\u00a0\u00bb100%\u00a0\u00bb module_alignment=\u00a0\u00bbleft\u00a0\u00bb min_height=\u00a0\u00bb680px\u00a0\u00bb custom_margin=\u00a0\u00bb|292px|0px|0px|false|false\u00a0\u00bb custom_padding=\u00a0\u00bb15px|12px|15px|19px|false|false\u00a0\u00bb border_radii=\u00a0\u00bbon|1px|1px|1px|1px\u00a0\u00bb border_color_all=\u00a0\u00bb#f7a736&Prime; border_width_left=\u00a0\u00bb3px\u00a0\u00bb border_color_left=\u00a0\u00bb#f7a736&Prime; box_shadow_style=\u00a0\u00bbpreset2&Prime; locked=\u00a0\u00bboff\u00a0\u00bb _i=\u00a0\u00bb0&Prime; _address=\u00a0\u00bb0.1.2.0&Prime;][\/et_pb_sidebar][\/et_pb_column][\/et_pb_row][\/et_pb_section]\n","protected":false},"excerpt":{"rendered":"<p>ISTIUM offre une vari\u00e9t\u00e9 de services autour de l&rsquo;\u00e9conomie num\u00e9rique Conseil strat\u00e9gique Sch\u00e9ma directeur Etude de march\u00e9 Etude d&rsquo;opportunit\u00e9 Pilotage l&rsquo;appel d&rsquo;offre Direction de projet strat\u00e9gique Accompagnement technique Direction de projet d&rsquo;int\u00e9gration Sp\u00e9cification de solutions Validations &#8211; Certifications Mises en production S\u00e9curit\u00e9 des syst\u00e8mes d&rsquo;information Audit Projets s\u00e9curitaires Impl\u00e9mentation (PCI, ISO 27001) Certifications Formations et [&hellip;]<\/p>\n","protected":false},"author":4,"featured_media":0,"parent":0,"menu_order":0,"comment_status":"closed","ping_status":"closed","template":"","meta":{"_et_pb_use_builder":"on","_et_pb_old_content":"<p>[et_pb_section fb_built=\"1\" _builder_version=\"3.22\" _i=\"0\" _address=\"0\"][et_pb_row _builder_version=\"3.25\" background_size=\"initial\" background_position=\"top_left\" background_repeat=\"repeat\" _i=\"0\" _address=\"0.0\"][et_pb_column type=\"4_4\" _builder_version=\"3.25\" custom_padding=\"|||\" _i=\"0\" _address=\"0.0.0\" custom_padding__hover=\"|||\"][et_pb_text _builder_version=\"3.29.2\" background_size=\"initial\" background_position=\"top_left\" background_repeat=\"repeat\" hover_enabled=\"0\" _i=\"0\" _address=\"0.0.0.0\"]<\/p><div id=\"pl-505\" class=\"panel-layout\"><div id=\"pg-505-0\" class=\"panel-grid panel-no-style\" data-style=\"{\"cell_alignment\":\"flex-start\",\"vertical_gutter\":\"default\",\"background_image\":false,\"background_image_position\":\"center top\",\"background_image_style\":\"cover\",\"row_separator\":\"none\"}\" data-ratio=\"1\" data-ratio-direction=\"right\"><div id=\"pgc-505-0-0\" class=\"panel-grid-cell\" data-weight=\"1\"><div id=\"panel-505-0-0-0\" class=\"so-panel widget widget_sow-editor panel-first-child panel-last-child\" data-index=\"0\" data-style=\"{\"background_image_attachment\":false,\"background_display\":\"tile\",\"kt_animation_duration\":\"default\",\"kt_animation_delay\":\"default\"}\"><div class=\"so-widget-sow-editor so-widget-sow-editor-base\"><div class=\"siteorigin-widget-tinymce textwidget\"><h2>ISTIUM offre une vari\u00e9t\u00e9 de services autour de l'\u00e9conomie num\u00e9rique.<\/h2><\/div><\/div><\/div><\/div><\/div><\/div><p>[\/et_pb_text][\/et_pb_column][\/et_pb_row][et_pb_row _builder_version=\"3.29.2\" column_structure=\"1_2,1_2\" hover_enabled=\"0\"][et_pb_column _builder_version=\"3.29.2\" type=\"1_2\"][et_pb_text _builder_version=\"3.29.2\" hover_enabled=\"0\"]<\/p><h4 style=\"color: #465866;\">Conseil strat\u00e9gique\u00a0<\/h4><ul><li>Sch\u00e9ma directeur<\/li><li>Etude de march\u00e9<\/li><li>Etude d'opportunit\u00e9<\/li><li>Pilotage l'appel d'offre<\/li><li>Direction de projet strat\u00e9gique<\/li><\/ul><p>[\/et_pb_text][\/et_pb_column][et_pb_column _builder_version=\"3.29.2\" type=\"1_2\"][et_pb_text _builder_version=\"3.29.2\" hover_enabled=\"0\"]<\/p><h4 style=\"color: #2aa6c8;\">Formations et Transfert de comp\u00e9tences<\/h4><ul><li>Mon\u00e9tique & Moyens de paiement<\/li><li>Fid\u00e9lit\u00e9<\/li><li>ERP et SI pour PME<\/li><li>S\u00e9curit\u00e9 et authentification<\/li><li>Lutte contre la fraude<\/li><\/ul><p>[\/et_pb_text][\/et_pb_column][\/et_pb_row][et_pb_row _builder_version=\"3.29.2\" column_structure=\"1_3,1_3,1_3\"][et_pb_column _builder_version=\"3.29.2\" type=\"1_3\"][\/et_pb_column][et_pb_column _builder_version=\"3.29.2\" type=\"1_3\"][et_pb_image _builder_version=\"3.29.2\" src=\"https:\/\/www.istium.pro\/web\/wp-content\/uploads\/2018\/05\/schema-securite-numerique-sans.jpg\" hover_enabled=\"0\"][\/et_pb_image][\/et_pb_column][et_pb_column _builder_version=\"3.29.2\" type=\"1_3\"][\/et_pb_column][\/et_pb_row][et_pb_row _builder_version=\"3.29.2\" column_structure=\"1_2,1_2\"][et_pb_column _builder_version=\"3.29.2\" type=\"1_2\"][et_pb_text _builder_version=\"3.29.2\" hover_enabled=\"0\"]<\/p><h4 style=\"color: #f1a63c;\">Accompagnement technique<\/h4><ul><li>Direction de projet d'int\u00e9gration<\/li><li>Sp\u00e9cification de solutions<\/li><li>Validations - Certifications<\/li><li>Mises en production<\/li><\/ul><p>[\/et_pb_text][\/et_pb_column][et_pb_column _builder_version=\"3.29.2\" type=\"1_2\"][et_pb_text _builder_version=\"3.29.2\" hover_enabled=\"0\"]<\/p><h4 style=\"color: #f57464;\"><span style=\"color: #ff0000;\"><strong>S\u00e9curit\u00e9 des syst\u00e8mes d'information<\/strong><\/span><\/h4><ul><li>Audit<\/li><li>Projets s\u00e9curitaires<\/li><li>Impl\u00e9mentation (PCI, ISO 27001)<\/li><li>Certifications<\/li><\/ul><p>[\/et_pb_text][\/et_pb_column][\/et_pb_row][\/et_pb_section]<\/p>","_et_gb_content_width":"","footnotes":""},"class_list":["post-505","page","type-page","status-publish","hentry"],"aioseo_notices":[],"_links":{"self":[{"href":"https:\/\/www.istium.pro\/web\/wp-json\/wp\/v2\/pages\/505","targetHints":{"allow":["GET"]}}],"collection":[{"href":"https:\/\/www.istium.pro\/web\/wp-json\/wp\/v2\/pages"}],"about":[{"href":"https:\/\/www.istium.pro\/web\/wp-json\/wp\/v2\/types\/page"}],"author":[{"embeddable":true,"href":"https:\/\/www.istium.pro\/web\/wp-json\/wp\/v2\/users\/4"}],"replies":[{"embeddable":true,"href":"https:\/\/www.istium.pro\/web\/wp-json\/wp\/v2\/comments?post=505"}],"version-history":[{"count":39,"href":"https:\/\/www.istium.pro\/web\/wp-json\/wp\/v2\/pages\/505\/revisions"}],"predecessor-version":[{"id":2460,"href":"https:\/\/www.istium.pro\/web\/wp-json\/wp\/v2\/pages\/505\/revisions\/2460"}],"wp:attachment":[{"href":"https:\/\/www.istium.pro\/web\/wp-json\/wp\/v2\/media?parent=505"}],"curies":[{"name":"wp","href":"https:\/\/api.w.org\/{rel}","templated":true}]}}