{"id":495,"date":"2018-05-16T21:27:52","date_gmt":"2018-05-16T19:27:52","guid":{"rendered":"http:\/\/www.istium.pro\/web\/?page_id=495"},"modified":"2019-09-24T14:37:14","modified_gmt":"2019-09-24T12:37:14","slug":"notre-vocation","status":"publish","type":"page","link":"https:\/\/www.istium.pro\/web\/notre-vocation\/","title":{"rendered":"Vocation"},"content":{"rendered":"[et_pb_section fb_built=\u00a0\u00bb1&Prime; _builder_version=\u00a0\u00bb3.29.3&Prime; background_color=\u00a0\u00bb#ffffff\u00a0\u00bb background_image=\u00a0\u00bbhttps:\/\/www.istium.pro\/web\/wp-content\/uploads\/2019\/09\/map-1.png\u00a0\u00bb background_size=\u00a0\u00bbinitial\u00a0\u00bb background_position=\u00a0\u00bbbottom_center\u00a0\u00bb hover_enabled=\u00a0\u00bb0&Prime; fb_built=\u00a0\u00bb1&Prime; _i=\u00a0\u00bb0&Prime; _address=\u00a0\u00bb0&Prime;][et_pb_row use_custom_gutter=\u00a0\u00bbon\u00a0\u00bb gutter_width=\u00a0\u00bb1&Prime; make_equal=\u00a0\u00bbon\u00a0\u00bb _builder_version=\u00a0\u00bb3.29.2&Prime; background_size=\u00a0\u00bbinitial\u00a0\u00bb background_position=\u00a0\u00bbtop_left\u00a0\u00bb background_repeat=\u00a0\u00bbrepeat\u00a0\u00bb width=\u00a0\u00bb100%\u00a0\u00bb custom_padding=\u00a0\u00bb27px|0px|24px|0px\u00a0\u00bb locked=\u00a0\u00bboff\u00a0\u00bb _i=\u00a0\u00bb0&Prime; _address=\u00a0\u00bb0.0&Prime;][et_pb_column type=\u00a0\u00bb4_4&Prime; _builder_version=\u00a0\u00bb3.25&Prime; custom_padding=\u00a0\u00bb|||\u00a0\u00bb _i=\u00a0\u00bb0&Prime; _address=\u00a0\u00bb0.0.0&Prime; custom_padding__hover=\u00a0\u00bb|||\u00a0\u00bb][et_pb_text admin_label=\u00a0\u00bbnotre vocation\u00a0\u00bb _builder_version=\u00a0\u00bb3.29.2&Prime; text_text_color=\u00a0\u00bb#495966&Prime; header_font=\u00a0\u00bb||||||||\u00a0\u00bb header_2_font=\u00a0\u00bb|700|||||||\u00a0\u00bb header_2_text_color=\u00a0\u00bb#7272ff\u00a0\u00bb header_2_font_size=\u00a0\u00bb36px\u00a0\u00bb header_2_line_height=\u00a0\u00bb1.3em\u00a0\u00bb background_size=\u00a0\u00bbinitial\u00a0\u00bb background_position=\u00a0\u00bbtop_left\u00a0\u00bb background_repeat=\u00a0\u00bbrepeat\u00a0\u00bb text_orientation=\u00a0\u00bbcenter\u00a0\u00bb module_alignment=\u00a0\u00bbcenter\u00a0\u00bb custom_margin=\u00a0\u00bb||20px|\u00a0\u00bb animation_style=\u00a0\u00bbslide\u00a0\u00bb animation_direction=\u00a0\u00bbbottom\u00a0\u00bb animation_intensity_slide=\u00a0\u00bb10%\u00a0\u00bb locked=\u00a0\u00bboff\u00a0\u00bb header_font_size__hover=\u00a0\u00bb30px\u00a0\u00bb header_font_size__hover_enabled=\u00a0\u00bb30px\u00a0\u00bb header_letter_spacing__hover=\u00a0\u00bb0px\u00a0\u00bb header_letter_spacing__hover_enabled=\u00a0\u00bb0px\u00a0\u00bb header_text_shadow_style__hover=\u00a0\u00bbnone\u00a0\u00bb header_text_shadow_style__hover_enabled=\u00a0\u00bbnone\u00a0\u00bb header_text_shadow_color__hover=\u00a0\u00bbrgba(0,0,0,0.4)\u00a0\u00bb header_text_shadow_color__hover_enabled=\u00a0\u00bbrgba(0,0,0,0.4)\u00a0\u00bb _i=\u00a0\u00bb0&Prime; _address=\u00a0\u00bb0.0.0.0&Prime;]\n<h2><span style=\"color: #495966;\">Notre vocation<\/span><\/h2>\n[\/et_pb_text][et_pb_divider divider_weight=\u00a0\u00bb4px\u00a0\u00bb disabled_on=\u00a0\u00bboff|off|off\u00a0\u00bb _builder_version=\u00a0\u00bb3.29.2&Prime; background_size=\u00a0\u00bbinitial\u00a0\u00bb background_position=\u00a0\u00bbtop_left\u00a0\u00bb background_repeat=\u00a0\u00bbrepeat\u00a0\u00bb max_width=\u00a0\u00bb40px\u00a0\u00bb module_alignment=\u00a0\u00bbcenter\u00a0\u00bb custom_margin=\u00a0\u00bb||10px|\u00a0\u00bb animation_style=\u00a0\u00bbzoom\u00a0\u00bb animation_direction=\u00a0\u00bbleft\u00a0\u00bb saved_tabs=\u00a0\u00bball\u00a0\u00bb locked=\u00a0\u00bboff\u00a0\u00bb _i=\u00a0\u00bb1&Prime; _address=\u00a0\u00bb0.0.0.1&Prime;][\/et_pb_divider][et_pb_text _builder_version=\u00a0\u00bb3.29.2&Prime; background_size=\u00a0\u00bbinitial\u00a0\u00bb background_position=\u00a0\u00bbtop_left\u00a0\u00bb background_repeat=\u00a0\u00bbrepeat\u00a0\u00bb _i=\u00a0\u00bb2&Prime; _address=\u00a0\u00bb0.0.0.2&Prime;]\n<div id=\"pl-495\" class=\"panel-layout\">\n<div id=\"pg-495-0\" class=\"panel-grid panel-no-style\" data-style=\"{&quot;cell_alignment&quot;:&quot;flex-start&quot;,&quot;vertical_gutter&quot;:&quot;default&quot;,&quot;background_image&quot;:false,&quot;background_image_position&quot;:&quot;center top&quot;,&quot;background_image_style&quot;:&quot;cover&quot;,&quot;row_separator&quot;:&quot;none&quot;}\" data-ratio=\"1\" data-ratio-direction=\"right\">\n<div id=\"pgc-495-0-0\" class=\"panel-grid-cell\" data-weight=\"0.5\">\n<div id=\"panel-495-0-0-0\" class=\"so-panel widget widget_text panel-first-child\" data-index=\"0\" data-style=\"{&quot;background_image_attachment&quot;:false,&quot;background_display&quot;:&quot;tile&quot;,&quot;kt_animation_duration&quot;:&quot;default&quot;,&quot;kt_animation_delay&quot;:&quot;default&quot;}\">\n<div class=\"textwidget\"><\/div>\n<\/div>\n<div id=\"panel-495-0-0-1\" class=\"so-panel widget widget_text panel-last-child\" data-index=\"1\" data-style=\"{&quot;class&quot;:&quot;rect&quot;,&quot;widget_css&quot;:&quot;rect&quot;,&quot;background&quot;:&quot;#dd9933&quot;,&quot;background_image_attachment&quot;:false,&quot;background_display&quot;:&quot;tile&quot;,&quot;kt_animation_duration&quot;:&quot;default&quot;,&quot;kt_animation_delay&quot;:&quot;default&quot;,&quot;font_color&quot;:&quot;#ffffff&quot;}\">\n<div class=\"rect panel-widget-style panel-widget-style-for-495-0-0-1\">\n<div class=\"textwidget\">\n<h2 align=\"center\">Apporter des services de confiance pour une \u00e9conomie num\u00e9rique adapt\u00e9e<br \/> aux entreprises et aux consommateurs.<\/h2>\n<\/div>\n<\/div>\n<\/div>\n<\/div>\n<\/div>\n<\/div>\n[\/et_pb_text][\/et_pb_column][\/et_pb_row][et_pb_row column_structure=\u00a0\u00bb1_3,1_3,1_3&Prime; _builder_version=\u00a0\u00bb3.25&Prime; background_size=\u00a0\u00bbinitial\u00a0\u00bb background_position=\u00a0\u00bbtop_left\u00a0\u00bb background_repeat=\u00a0\u00bbrepeat\u00a0\u00bb custom_margin=\u00a0\u00bb|auto|64px|auto||\u00a0\u00bb _i=\u00a0\u00bb1&Prime; _address=\u00a0\u00bb0.1&Prime;][et_pb_column type=\u00a0\u00bb1_3&Prime; _builder_version=\u00a0\u00bb3.25&Prime; custom_padding=\u00a0\u00bb|||\u00a0\u00bb _i=\u00a0\u00bb0&Prime; _address=\u00a0\u00bb0.1.0&Prime; custom_padding__hover=\u00a0\u00bb|||\u00a0\u00bb][et_pb_image src=\u00a0\u00bbhttps:\/\/www.istium.pro\/web\/wp-content\/uploads\/2018\/05\/Fotolia_53254180_XS.jpg\u00a0\u00bb show_bottom_space=\u00a0\u00bboff\u00a0\u00bb force_fullwidth=\u00a0\u00bbon\u00a0\u00bb _builder_version=\u00a0\u00bb3.29.3&Prime; min_height=\u00a0\u00bb297px\u00a0\u00bb custom_margin=\u00a0\u00bb|0px|||false|false\u00a0\u00bb _i=\u00a0\u00bb0&Prime; _address=\u00a0\u00bb0.1.0.0&Prime;][\/et_pb_image][\/et_pb_column][et_pb_column type=\u00a0\u00bb1_3&Prime; _builder_version=\u00a0\u00bb3.25&Prime; custom_padding=\u00a0\u00bb|||\u00a0\u00bb _i=\u00a0\u00bb1&Prime; _address=\u00a0\u00bb0.1.1&Prime; custom_padding__hover=\u00a0\u00bb|||\u00a0\u00bb][et_pb_text _builder_version=\u00a0\u00bb3.29.2&Prime; background_size=\u00a0\u00bbinitial\u00a0\u00bb background_position=\u00a0\u00bbtop_left\u00a0\u00bb background_repeat=\u00a0\u00bbrepeat\u00a0\u00bb _i=\u00a0\u00bb0&Prime; _address=\u00a0\u00bb0.1.1.0&Prime;]\n<ul>\n<li>Accompagner ces changements structurels, pour des solutions concr\u00e8tes r\u00e9pondant aux attentes des populations et des entreprises<\/li>\n<li>Rendre simple visible l\u2019usage des technologies du num\u00e9rique<\/li>\n<li>Promouvoir des syst\u00e8mes de paiements fiables, simple et \u00e9lectriques<\/li>\n<\/ul>\n<h3 style=\"text-align: center;\"><strong>Pour n\u2019importe qui, n\u2019importe o\u00f9, n\u2019importe quand<\/strong><\/h3>\n<ul>\n<li>Respecter et faire respecter la protection des donn\u00e9es personnelles tout en authentifiant avec pertinence les acteurs<\/li>\n<\/ul>\n[\/et_pb_text][et_pb_button button_url=\u00a0\u00bb#\u00a0\u00bb button_text=\u00a0\u00bbContactez-nous\u00a0\u00bb button_alignment=\u00a0\u00bbcenter\u00a0\u00bb _builder_version=\u00a0\u00bb3.29.2&Prime; button_text_size=\u00a0\u00bb16px\u00a0\u00bb button_text_color=\u00a0\u00bb#ffffff\u00a0\u00bb button_bg_color=\u00a0\u00bb#495966&Prime; button_border_width=\u00a0\u00bb10px\u00a0\u00bb button_border_color=\u00a0\u00bb#495966&Prime; button_border_radius=\u00a0\u00bb100px\u00a0\u00bb button_letter_spacing=\u00a0\u00bb1px\u00a0\u00bb button_font=\u00a0\u00bb|on||on|\u00a0\u00bb button_icon=\u00a0\u00bb%%36%%\u00a0\u00bb button_icon_color=\u00a0\u00bb#f7a736&Prime; button_on_hover=\u00a0\u00bboff\u00a0\u00bb custom_margin=\u00a0\u00bb20px|||\u00a0\u00bb animation_style=\u00a0\u00bbzoom\u00a0\u00bb animation_delay=\u00a0\u00bb100ms\u00a0\u00bb animation_intensity_zoom=\u00a0\u00bb10%\u00a0\u00bb box_shadow_style=\u00a0\u00bbpreset1&Prime; box_shadow_vertical=\u00a0\u00bb10px\u00a0\u00bb box_shadow_blur=\u00a0\u00bb50px\u00a0\u00bb box_shadow_spread=\u00a0\u00bb-80px\u00a0\u00bb box_shadow_color=\u00a0\u00bbrgba(0,188,160,0.6)\u00a0\u00bb button_letter_spacing_hover=\u00a0\u00bb2px\u00a0\u00bb saved_tabs=\u00a0\u00bball\u00a0\u00bb locked=\u00a0\u00bboff\u00a0\u00bb button_text_size__hover_enabled=\u00a0\u00bboff\u00a0\u00bb button_text_size__hover=\u00a0\u00bbnull\u00a0\u00bb button_one_text_size__hover_enabled=\u00a0\u00bboff\u00a0\u00bb button_one_text_size__hover=\u00a0\u00bbnull\u00a0\u00bb button_two_text_size__hover_enabled=\u00a0\u00bboff\u00a0\u00bb button_two_text_size__hover=\u00a0\u00bbnull\u00a0\u00bb button_text_color__hover_enabled=\u00a0\u00bboff\u00a0\u00bb button_text_color__hover=\u00a0\u00bbnull\u00a0\u00bb button_one_text_color__hover_enabled=\u00a0\u00bboff\u00a0\u00bb button_one_text_color__hover=\u00a0\u00bbnull\u00a0\u00bb button_two_text_color__hover_enabled=\u00a0\u00bboff\u00a0\u00bb button_two_text_color__hover=\u00a0\u00bbnull\u00a0\u00bb button_border_width__hover_enabled=\u00a0\u00bboff\u00a0\u00bb button_border_width__hover=\u00a0\u00bbnull\u00a0\u00bb button_one_border_width__hover_enabled=\u00a0\u00bboff\u00a0\u00bb button_one_border_width__hover=\u00a0\u00bbnull\u00a0\u00bb button_two_border_width__hover_enabled=\u00a0\u00bboff\u00a0\u00bb button_two_border_width__hover=\u00a0\u00bbnull\u00a0\u00bb button_border_color__hover_enabled=\u00a0\u00bboff\u00a0\u00bb button_border_color__hover=\u00a0\u00bbnull\u00a0\u00bb button_one_border_color__hover_enabled=\u00a0\u00bboff\u00a0\u00bb button_one_border_color__hover=\u00a0\u00bbnull\u00a0\u00bb button_two_border_color__hover_enabled=\u00a0\u00bboff\u00a0\u00bb button_two_border_color__hover=\u00a0\u00bbnull\u00a0\u00bb button_border_radius__hover_enabled=\u00a0\u00bboff\u00a0\u00bb button_border_radius__hover=\u00a0\u00bbnull\u00a0\u00bb button_one_border_radius__hover_enabled=\u00a0\u00bboff\u00a0\u00bb button_one_border_radius__hover=\u00a0\u00bbnull\u00a0\u00bb button_two_border_radius__hover_enabled=\u00a0\u00bboff\u00a0\u00bb button_two_border_radius__hover=\u00a0\u00bbnull\u00a0\u00bb button_letter_spacing__hover_enabled=\u00a0\u00bbon\u00a0\u00bb button_letter_spacing__hover=\u00a0\u00bb2px\u00a0\u00bb button_one_letter_spacing__hover_enabled=\u00a0\u00bboff\u00a0\u00bb button_one_letter_spacing__hover=\u00a0\u00bbnull\u00a0\u00bb button_two_letter_spacing__hover_enabled=\u00a0\u00bboff\u00a0\u00bb button_two_letter_spacing__hover=\u00a0\u00bbnull\u00a0\u00bb button_bg_color__hover_enabled=\u00a0\u00bboff\u00a0\u00bb button_bg_color__hover=\u00a0\u00bbnull\u00a0\u00bb button_one_bg_color__hover_enabled=\u00a0\u00bboff\u00a0\u00bb button_one_bg_color__hover=\u00a0\u00bbnull\u00a0\u00bb button_two_bg_color__hover_enabled=\u00a0\u00bboff\u00a0\u00bb button_two_bg_color__hover=\u00a0\u00bbnull\u00a0\u00bb _i=\u00a0\u00bb1&Prime; _address=\u00a0\u00bb0.1.1.1&Prime; button_bg_enable_color=\u00a0\u00bbon\u00a0\u00bb][\/et_pb_button][\/et_pb_column][et_pb_column type=\u00a0\u00bb1_3&Prime; _builder_version=\u00a0\u00bb3.25&Prime; custom_padding=\u00a0\u00bb|||\u00a0\u00bb _i=\u00a0\u00bb2&Prime; _address=\u00a0\u00bb0.1.2&Prime; custom_padding__hover=\u00a0\u00bb|||\u00a0\u00bb][et_pb_sidebar show_border=\u00a0\u00bboff\u00a0\u00bb _builder_version=\u00a0\u00bb3.29.2&Prime; header_font=\u00a0\u00bb||||||||\u00a0\u00bb header_text_align=\u00a0\u00bbjustify\u00a0\u00bb header_text_color=\u00a0\u00bb#f7a736&Prime; header_font_size=\u00a0\u00bb24px\u00a0\u00bb header_line_height=\u00a0\u00bb1.1em\u00a0\u00bb body_text_color=\u00a0\u00bb#495966&Prime; body_line_height=\u00a0\u00bb1em\u00a0\u00bb background_color=\u00a0\u00bb#ededed\u00a0\u00bb text_orientation=\u00a0\u00bbleft\u00a0\u00bb width=\u00a0\u00bb266px\u00a0\u00bb max_width=\u00a0\u00bb100%\u00a0\u00bb module_alignment=\u00a0\u00bbleft\u00a0\u00bb min_height=\u00a0\u00bb701px\u00a0\u00bb custom_margin=\u00a0\u00bb|292px|0px|0px|false|false\u00a0\u00bb custom_padding=\u00a0\u00bb15px|12px|15px|19px|false|false\u00a0\u00bb border_radii=\u00a0\u00bbon|1px|1px|1px|1px\u00a0\u00bb border_color_all=\u00a0\u00bb#f7a736&Prime; border_width_left=\u00a0\u00bb3px\u00a0\u00bb border_color_left=\u00a0\u00bb#f7a736&Prime; box_shadow_style=\u00a0\u00bbpreset2&Prime; locked=\u00a0\u00bboff\u00a0\u00bb _i=\u00a0\u00bb0&Prime; _address=\u00a0\u00bb0.1.2.0&Prime;][\/et_pb_sidebar][\/et_pb_column][\/et_pb_row][\/et_pb_section]\n","protected":false},"excerpt":{"rendered":"<p>Notre vocation Apporter des services de confiance pour une \u00e9conomie num\u00e9rique adapt\u00e9e aux entreprises et aux consommateurs. Accompagner ces changements structurels, pour des solutions concr\u00e8tes r\u00e9pondant aux attentes des populations et des entreprises Rendre simple visible l\u2019usage des technologies du num\u00e9rique Promouvoir des syst\u00e8mes de paiements fiables, simple et \u00e9lectriques Pour n\u2019importe qui, n\u2019importe o\u00f9, [&hellip;]<\/p>\n","protected":false},"author":4,"featured_media":0,"parent":0,"menu_order":0,"comment_status":"closed","ping_status":"closed","template":"","meta":{"_et_pb_use_builder":"on","_et_pb_old_content":"<div id=\"pl-495\" class=\"panel-layout\"><div id=\"pg-495-0\" class=\"panel-grid panel-no-style\" data-style=\"{\"cell_alignment\":\"flex-start\",\"vertical_gutter\":\"default\",\"background_image\":false,\"background_image_position\":\"center top\",\"background_image_style\":\"cover\",\"row_separator\":\"none\"}\" data-ratio=\"1\" data-ratio-direction=\"right\"><div id=\"pgc-495-0-0\" class=\"panel-grid-cell\" data-weight=\"0.5\"><div id=\"panel-495-0-0-0\" class=\"so-panel widget widget_text panel-first-child\" data-index=\"0\" data-style=\"{\"background_image_attachment\":false,\"background_display\":\"tile\",\"kt_animation_duration\":\"default\",\"kt_animation_delay\":\"default\"}\"><div class=\"textwidget\"><p><img class=\" wp-image-831\" src=\"http:\/\/www.istium.pro\/web\/wp-content\/uploads\/2018\/05\/Fotolia_53254180_XS.jpg\" alt=\"\" width=\"565\" height=\"375\" data-id=\"831\" \/><\/p><\/div><\/div><div id=\"panel-495-0-0-1\" class=\"so-panel widget widget_text panel-last-child\" data-index=\"1\" data-style=\"{\"class\":\"rect\",\"widget_css\":\"rect\",\"background\":\"#dd9933\",\"background_image_attachment\":false,\"background_display\":\"tile\",\"kt_animation_duration\":\"default\",\"kt_animation_delay\":\"default\",\"font_color\":\"#ffffff\"}\"><div class=\"rect panel-widget-style panel-widget-style-for-495-0-0-1\"><div class=\"textwidget\"><h3 align=\"center\">Apporter des services de confiance<br \/>pour une \u00e9conomie num\u00e9rique adapt\u00e9e<br \/>aux entreprises et aux consommateurs.<\/h3><\/div><\/div><\/div><\/div><div id=\"pgc-495-0-1\" class=\"panel-grid-cell\" data-weight=\"0.5\"><div id=\"panel-495-0-1-0\" class=\"so-panel widget widget_text panel-first-child\" data-index=\"2\" data-style=\"{\"background_image_attachment\":false,\"background_display\":\"tile\",\"kt_animation_duration\":\"default\",\"kt_animation_delay\":\"default\",\"margin\":\"50PXpx 50PXpx 50PXpx 50PXpx\"}\"><div class=\"textwidget\"><ul style=\"margin-top: 50px;\"><li><strong>Accompagner<\/strong> ces changements structurels, pour des solutions concr\u00e8tes r\u00e9pondant aux attentes des populations et des entreprises<\/li><li>Rendre <strong>simple visible l\u2019usage des technologies<\/strong> du num\u00e9rique<ul><li style=\"list-style-type: none;\">\u00a0<\/li><\/ul><\/li><li>Promouvoir des syst\u00e8mes de paiements fiables, simple et \u00e9lectriques<\/li><li style=\"list-style-type: none;\"><p style=\"color: orange; margin-left: 50px;\">Pour n\u2019importe qui, n\u2019importe o\u00f9, n\u2019importe quand<\/p><\/li><li>Respecter et faire respecter la <strong>protection des donn\u00e9es personnelles<\/strong> tout en authentifiant avec pertinence les acteurs<\/li><li style=\"list-style-type: none;\"><h3 style=\"color: orange;\">\u00a0<\/h3><\/li><\/ul><\/div><\/div><div id=\"panel-495-0-1-1\" class=\"so-panel widget widget_sow-button panel-last-child\" data-index=\"3\" data-style=\"{\"background_image_attachment\":false,\"background_display\":\"tile\",\"kt_animation_duration\":\"default\",\"kt_animation_delay\":\"default\"}\">[siteorigin_widget class=\"SiteOrigin_Widget_Button_Widget\"]<input type=\"hidden\" value=\"{\"instance\":{\"text\":\"CONTACTEZ NOS EXPERTS\",\"url\":\"http:\\\/\\\/www.istium.pro\\\/web\\\/contact-experts\\\/\",\"button_icon\":{\"icon_selected\":\"fontawesome-angle-double-right\",\"icon_color\":\"#ffffff\",\"icon\":0,\"icon_placement\":\"left\",\"so_field_container_state\":\"open\"},\"design\":{\"width\":false,\"width_unit\":\"px\",\"align\":\"center\",\"theme\":\"flat\",\"button_color\":\"#1e73be\",\"text_color\":\"#ffffff\",\"hover\":true,\"font\":\"default\",\"font_size\":\"1\",\"rounding\":\"0.25\",\"padding\":\"1\",\"so_field_container_state\":\"open\"},\"attributes\":{\"id\":\"\",\"classes\":\"\",\"title\":\"\",\"onclick\":\"\",\"rel\":\"\",\"so_field_container_state\":\"closed\"},\"_sow_form_id\":\"12533725135b2761d79628e965141251\",\"_sow_form_timestamp\":\"1529308302227\",\"new_window\":false},\"args\":{\"before_widget\":\"<div id=\\\"panel-495-0-1-1\\\" class=\\\"so-panel widget widget_sow-button panel-last-child\\\" data-index=\\\"3\\\" data-style=\\\"{\"background_image_attachment\":false,\"background_display\":\"tile\",\"kt_animation_duration\":\"default\",\"kt_animation_delay\":\"default\"}\\\" >\",\"after_widget\":\"<\\\/div>\",\"before_title\":\"<h3 class=\\\"widget-title\\\">\",\"after_title\":\"<\\\/h3>\",\"widget_id\":\"widget-0-1-1\"}}\" \/>[\/siteorigin_widget]<\/div><\/div><\/div><\/div>","_et_gb_content_width":"","footnotes":""},"class_list":["post-495","page","type-page","status-publish","hentry"],"aioseo_notices":[],"_links":{"self":[{"href":"https:\/\/www.istium.pro\/web\/wp-json\/wp\/v2\/pages\/495","targetHints":{"allow":["GET"]}}],"collection":[{"href":"https:\/\/www.istium.pro\/web\/wp-json\/wp\/v2\/pages"}],"about":[{"href":"https:\/\/www.istium.pro\/web\/wp-json\/wp\/v2\/types\/page"}],"author":[{"embeddable":true,"href":"https:\/\/www.istium.pro\/web\/wp-json\/wp\/v2\/users\/4"}],"replies":[{"embeddable":true,"href":"https:\/\/www.istium.pro\/web\/wp-json\/wp\/v2\/comments?post=495"}],"version-history":[{"count":57,"href":"https:\/\/www.istium.pro\/web\/wp-json\/wp\/v2\/pages\/495\/revisions"}],"predecessor-version":[{"id":2597,"href":"https:\/\/www.istium.pro\/web\/wp-json\/wp\/v2\/pages\/495\/revisions\/2597"}],"wp:attachment":[{"href":"https:\/\/www.istium.pro\/web\/wp-json\/wp\/v2\/media?parent=495"}],"curies":[{"name":"wp","href":"https:\/\/api.w.org\/{rel}","templated":true}]}}