{"id":492,"date":"2018-05-16T21:27:30","date_gmt":"2018-05-16T19:27:30","guid":{"rendered":"http:\/\/www.istium.pro\/web\/?page_id=492"},"modified":"2019-09-10T18:11:26","modified_gmt":"2019-09-10T16:11:26","slug":"notre-vision","status":"publish","type":"page","link":"https:\/\/www.istium.pro\/web\/notre-vision\/","title":{"rendered":"Vision des enjeux"},"content":{"rendered":"[et_pb_section][et_pb_row][et_pb_column type=\u00a0\u00bb4_4&Prime;][et_pb_text]\n<p>La <strong>transaction s\u00e9curis\u00e9e<\/strong>, combin\u00e9e \u00e0 l\u2019<strong>authentification<\/strong> des acteurs et l\u2019<strong>identit\u00e9 num\u00e9rique<\/strong>, est un pilier fondamental de l\u2019<strong>\u00e9conomique num\u00e9rique<\/strong> moderne. Ces \u00e9volutions technologiques changent les usages et les comportements.<\/p>\n<p><img loading=\"lazy\" decoding=\"async\" class=\"aligncenter size-full wp-image-645\" src=\"http:\/\/www.istium.pro\/web\/wp-content\/uploads\/2018\/05\/economie-umerique-2.jpg\" alt=\"\" width=\"850\" height=\"672\" srcset=\"https:\/\/www.istium.pro\/web\/wp-content\/uploads\/2018\/05\/economie-umerique-2.jpg 850w, https:\/\/www.istium.pro\/web\/wp-content\/uploads\/2018\/05\/economie-umerique-2-300x237.jpg 300w, https:\/\/www.istium.pro\/web\/wp-content\/uploads\/2018\/05\/economie-umerique-2-768x607.jpg 768w, https:\/\/www.istium.pro\/web\/wp-content\/uploads\/2018\/05\/economie-umerique-2-600x474.jpg 600w\" sizes=\"(max-width: 850px) 100vw, 850px\" \/><\/p>\n[\/et_pb_text][\/et_pb_column][\/et_pb_row][\/et_pb_section]\n","protected":false},"excerpt":{"rendered":"<p><div class=\"et_pb_section et_pb_section_0 et_section_regular\" >\n\t\t\t\t\n\t\t\t\t\n\t\t\t\t\n\t\t\t\t\n\t\t\t\t\n\t\t\t\t\n\t\t\t\t\n\t\t\t\t\n\t\t\t\t\n\t\t\t<\/div><div class=\"et_pb_row et_pb_row_0 et_pb_row_empty\">\n\t\t\t\t\n\t\t\t\t\n\t\t\t\t\n\t\t\t\t\n\t\t\t\t\n\t\t\t<\/div><div class=\"et_pb_module et_pb_text et_pb_text_0  et_pb_text_align_left et_pb_bg_layout_light\">\n\t\t\t\t\n\t\t\t\t\n\t\t\t\t\n\t\t\t\t\n\t\t\t\t\n\t\t\t<\/div> La transaction s\u00e9curis\u00e9e, combin\u00e9e \u00e0 l\u2019authentification des acteurs et l\u2019identit\u00e9 num\u00e9rique, est un pilier fondamental de l\u2019\u00e9conomique num\u00e9rique moderne. Ces \u00e9volutions technologiques changent les usages et les comportements.<\/p>\n","protected":false},"author":4,"featured_media":0,"parent":0,"menu_order":0,"comment_status":"closed","ping_status":"closed","template":"","meta":{"_et_pb_use_builder":"on","_et_pb_old_content":"<p>La <strong>transaction s\u00e9curis\u00e9e<\/strong>, combin\u00e9e \u00e0 l\u2019<strong>authentification<\/strong> des acteurs et l\u2019<strong>identit\u00e9 num\u00e9rique<\/strong>, est un pilier fondamental de l\u2019<strong>\u00e9conomique num\u00e9rique<\/strong> moderne. Ces \u00e9volutions technologiques changent les usages et les comportements.<\/p><p><img class=\"aligncenter size-full wp-image-645\" src=\"http:\/\/www.istium.pro\/web\/wp-content\/uploads\/2018\/05\/economie-umerique-2.jpg\" alt=\"\" width=\"850\" height=\"672\" \/><\/p>","_et_gb_content_width":"","footnotes":""},"class_list":["post-492","page","type-page","status-publish","hentry"],"aioseo_notices":[],"_links":{"self":[{"href":"https:\/\/www.istium.pro\/web\/wp-json\/wp\/v2\/pages\/492","targetHints":{"allow":["GET"]}}],"collection":[{"href":"https:\/\/www.istium.pro\/web\/wp-json\/wp\/v2\/pages"}],"about":[{"href":"https:\/\/www.istium.pro\/web\/wp-json\/wp\/v2\/types\/page"}],"author":[{"embeddable":true,"href":"https:\/\/www.istium.pro\/web\/wp-json\/wp\/v2\/users\/4"}],"replies":[{"embeddable":true,"href":"https:\/\/www.istium.pro\/web\/wp-json\/wp\/v2\/comments?post=492"}],"version-history":[{"count":8,"href":"https:\/\/www.istium.pro\/web\/wp-json\/wp\/v2\/pages\/492\/revisions"}],"predecessor-version":[{"id":2005,"href":"https:\/\/www.istium.pro\/web\/wp-json\/wp\/v2\/pages\/492\/revisions\/2005"}],"wp:attachment":[{"href":"https:\/\/www.istium.pro\/web\/wp-json\/wp\/v2\/media?parent=492"}],"curies":[{"name":"wp","href":"https:\/\/api.w.org\/{rel}","templated":true}]}}