{"id":20,"date":"2012-12-26T17:51:29","date_gmt":"2012-12-26T16:51:29","guid":{"rendered":"http:\/\/www.istium.pro\/web\/?page_id=20"},"modified":"2015-04-19T22:33:41","modified_gmt":"2015-04-19T20:33:41","slug":"offres","status":"publish","type":"page","link":"https:\/\/www.istium.pro\/web\/offres\/","title":{"rendered":"Offres"},"content":{"rendered":"<p>Des services pour vous <img loading=\"lazy\" decoding=\"async\" class=\"so-widget-image\" style=\"max-width: 100%; height: auto;\" src=\"http:\/\/www.istium.pro\/web\/wp-content\/uploads\/2013\/04\/cropped-t\u00eati\u00e8re-def91.jpg\" alt=\"\" width=\"150\" height=\"23\" \/><\/p>\n<h3 class=\"widget-title\">Cartes &amp; Mobiles<\/h3>\n<p>Acceptation (TPE, mPOS)<br \/>\nEmission &amp; Autorisation<br \/>\nAcquisition retrait paiement<br \/>\nE-Commerce<br \/>\nPaiement mobile (HCE)<\/p>\n<h3 class=\"widget-title\">Syst\u00e8mes s\u00e9curis\u00e9s<\/h3>\n<ul>\n<li>Moyens de paiement :\n<ul>\n<li>Virement<\/li>\n<li>Pr\u00e9l\u00e8vement<\/li>\n<\/ul>\n<\/li>\n<li>Fid\u00e9lit\u00e9<\/li>\n<li>Cartes cadeaux<\/li>\n<li>Syst\u00e8mes pr\u00e9pay\u00e9s<\/li>\n<\/ul>\n<p>&nbsp;<\/p>\n","protected":false},"excerpt":{"rendered":"<p>Des services pour vous Cartes &amp; Mobiles Acceptation (TPE, mPOS) Emission &amp; Autorisation Acquisition retrait paiement E-Commerce Paiement mobile (HCE) Syst\u00e8mes s\u00e9curis\u00e9s Moyens de paiement : Virement Pr\u00e9l\u00e8vement Fid\u00e9lit\u00e9 Cartes cadeaux Syst\u00e8mes pr\u00e9pay\u00e9s &nbsp;<\/p>\n","protected":false},"author":1,"featured_media":0,"parent":0,"menu_order":15,"comment_status":"closed","ping_status":"closed","template":"","meta":{"_et_pb_use_builder":"","_et_pb_old_content":"","_et_gb_content_width":"","footnotes":""},"class_list":["post-20","page","type-page","status-publish","hentry"],"aioseo_notices":[],"_links":{"self":[{"href":"https:\/\/www.istium.pro\/web\/wp-json\/wp\/v2\/pages\/20","targetHints":{"allow":["GET"]}}],"collection":[{"href":"https:\/\/www.istium.pro\/web\/wp-json\/wp\/v2\/pages"}],"about":[{"href":"https:\/\/www.istium.pro\/web\/wp-json\/wp\/v2\/types\/page"}],"author":[{"embeddable":true,"href":"https:\/\/www.istium.pro\/web\/wp-json\/wp\/v2\/users\/1"}],"replies":[{"embeddable":true,"href":"https:\/\/www.istium.pro\/web\/wp-json\/wp\/v2\/comments?post=20"}],"version-history":[{"count":10,"href":"https:\/\/www.istium.pro\/web\/wp-json\/wp\/v2\/pages\/20\/revisions"}],"predecessor-version":[{"id":225,"href":"https:\/\/www.istium.pro\/web\/wp-json\/wp\/v2\/pages\/20\/revisions\/225"}],"wp:attachment":[{"href":"https:\/\/www.istium.pro\/web\/wp-json\/wp\/v2\/media?parent=20"}],"curies":[{"name":"wp","href":"https:\/\/api.w.org\/{rel}","templated":true}]}}