{"id":1948,"date":"2015-07-25T20:32:43","date_gmt":"2012-12-12T18:05:30","guid":{"rendered":"http:\/\/www.istium.pro\/web\/?page_id=1948"},"modified":"2020-01-02T19:11:44","modified_gmt":"2020-01-02T18:11:44","slug":"inicio-2","status":"publish","type":"page","link":"https:\/\/www.istium.pro\/web\/inicio-2\/","title":{"rendered":"Inicio"},"content":{"rendered":"[et_pb_section fb_built=\u00a0\u00bb1&Prime; _builder_version=\u00a0\u00bb3.29.2&Prime; background_enable_image=\u00a0\u00bboff\u00a0\u00bb background_size=\u00a0\u00bbcontain\u00a0\u00bb background_position=\u00a0\u00bbbottom_left\u00a0\u00bb custom_padding=\u00a0\u00bb0px|||||\u00a0\u00bb][et_pb_row _builder_version=\u00a0\u00bb3.29.2&Prime; background_color=\u00a0\u00bbrgba(0,0,0,0)\u00a0\u00bb custom_margin=\u00a0\u00bb20px||||false|false\u00a0\u00bb custom_padding=\u00a0\u00bb0px||0px|||\u00a0\u00bb][et_pb_column type=\u00a0\u00bb4_4&Prime; _builder_version=\u00a0\u00bb3.27.4&Prime;][et_pb_text _builder_version=\u00a0\u00bb4.0.9&Prime; background_color=\u00a0\u00bbrgba(0,0,0,0)\u00a0\u00bb custom_padding=\u00a0\u00bb0px|||||\u00a0\u00bb]\n<div id=\"metaslider-id-2161\" style=\"width: 100%;\" class=\"ml-slider-3-104-0 metaslider metaslider-nivo metaslider-2161 ml-slider has-dots-nav ms-theme-default\" role=\"region\" aria-label=\"SLIDE SP INICIO\">\n    <div id=\"metaslider_container_2161\">\n        <div class='slider-wrapper theme-default'><div class='ribbon'><\/div><div id='metaslider_2161' class='nivoSlider'><img loading=\"lazy\" decoding=\"async\" src=\"https:\/\/www.istium.pro\/web\/wp-content\/uploads\/2018\/05\/slider1-0x0.jpg\" height=\"0\" width=\"0\" data-caption=\"&lt;h3&gt;Bienvenido al mundo de las transacciones seguras y la econom&amp;iacute;a digital!&lt;\/h3&gt;\" title=\"slider1\" alt=\"\" class=\"slider-2161 slide-2162 msDefaultImage\" \/><img loading=\"lazy\" decoding=\"async\" src=\"https:\/\/www.istium.pro\/web\/wp-content\/uploads\/2018\/05\/slider2-0x0.jpg\" height=\"0\" width=\"0\" data-caption=\"&lt;h3&gt;Soporte estrategico y operacional de nuestros clientes.&lt;\/h3&gt;\" title=\"slider2\" alt=\"\" class=\"slider-2161 slide-2163 msDefaultImage\" \/><img loading=\"lazy\" decoding=\"async\" src=\"https:\/\/www.istium.pro\/web\/wp-content\/uploads\/2018\/05\/slider3-0x0.jpg\" height=\"0\" width=\"0\" data-caption=\"&lt;h3&gt;Capacitaciones y transferencia de Habilidades.&lt;\/h3&gt;\" title=\"slider3\" alt=\"\" class=\"slider-2161 slide-2164 msDefaultImage\" \/><\/div><\/div>\n        \n    <\/div>\n<\/div>\n[\/et_pb_text][\/et_pb_column][\/et_pb_row][\/et_pb_section][et_pb_section fb_built=\u00a0\u00bb1&Prime; specialty=\u00a0\u00bbon\u00a0\u00bb _builder_version=\u00a0\u00bb3.29.2&Prime; background_image=\u00a0\u00bbhttps:\/\/www.istium.pro\/web\/wp-content\/uploads\/2019\/09\/map-1.png\u00a0\u00bb background_size=\u00a0\u00bbinitial\u00a0\u00bb background_position=\u00a0\u00bbbottom_center\u00a0\u00bb][et_pb_column type=\u00a0\u00bb3_4&Prime; specialty_columns=\u00a0\u00bb3&Prime; _builder_version=\u00a0\u00bb3.25&Prime; custom_padding=\u00a0\u00bb|||\u00a0\u00bb custom_padding__hover=\u00a0\u00bb|||\u00a0\u00bb][et_pb_row_inner _builder_version=\u00a0\u00bb3.29.2&Prime; custom_padding=\u00a0\u00bb2px||31px|||\u00a0\u00bb][et_pb_column_inner saved_specialty_column_type=\u00a0\u00bb3_4&Prime; _builder_version=\u00a0\u00bb3.29.2&Prime;][et_pb_text _builder_version=\u00a0\u00bb4.0.9&Prime;]\n<h1 style=\"text-align: center;\">Experto en transacciones seguras y desarrollo de negocios digitales.<\/h1>\n[\/et_pb_text][et_pb_divider divider_weight=\u00a0\u00bb4px\u00a0\u00bb disabled_on=\u00a0\u00bboff|off|off\u00a0\u00bb _builder_version=\u00a0\u00bb3.29.2&Prime; background_size=\u00a0\u00bbinitial\u00a0\u00bb background_position=\u00a0\u00bbtop_left\u00a0\u00bb background_repeat=\u00a0\u00bbrepeat\u00a0\u00bb max_width=\u00a0\u00bb40px\u00a0\u00bb module_alignment=\u00a0\u00bbcenter\u00a0\u00bb custom_margin=\u00a0\u00bb||10px|\u00a0\u00bb animation_style=\u00a0\u00bbzoom\u00a0\u00bb animation_direction=\u00a0\u00bbleft\u00a0\u00bb saved_tabs=\u00a0\u00bball\u00a0\u00bb locked=\u00a0\u00bboff\u00a0\u00bb][\/et_pb_divider][et_pb_text _builder_version=\u00a0\u00bb4.0.9&Prime; custom_margin=\u00a0\u00bb|||117px||\u00a0\u00bb]\n<h1>Experto en seguridad de la informaci\u00f3n y econom\u00eda digital.<\/h1>\n<h2>Actuamos activamente para desarrollar la econom\u00eda digital en todo el mundo.<\/h2>\n<ul>\n<li class=\"nivoSlider\">\n<p><span style=\"font-size: 12pt;\">Sistema de pago<\/span><\/p>\n<\/li>\n<li>\n<p><span style=\"font-size: 12pt;\">Sistemas de informaci\u00f3n para instituciones financieras (bancos, microfinanzas, emisor de dinero electr\u00f3nico)<\/span><\/p>\n<\/li>\n<li>\n<p><span style=\"font-size: 12pt;\">Sistema de lealdad<\/span><\/p>\n<\/li>\n<li>\n<p><span style=\"font-size: 12pt;\">Intercambios seguros entre empresas privadas y p\u00fablicas<\/span><\/p>\n<\/li>\n<li>\n<p><span style=\"font-size: 12pt;\">Ciberseguridad empresarial<\/span><\/p>\n<\/li>\n<\/ul>\n[\/et_pb_text][\/et_pb_column_inner][\/et_pb_row_inner][et_pb_row_inner column_structure=\u00a0\u00bb1_2,1_2&Prime; make_equal=\u00a0\u00bbon\u00a0\u00bb _builder_version=\u00a0\u00bb3.29.3&Prime; width=\u00a0\u00bb81%\u00a0\u00bb module_alignment=\u00a0\u00bbcenter\u00a0\u00bb custom_margin=\u00a0\u00bb||40px|277px|false|false\u00a0\u00bb custom_padding=\u00a0\u00bb0px|||||\u00a0\u00bb][et_pb_column_inner type=\u00a0\u00bb1_2&Prime; saved_specialty_column_type=\u00a0\u00bb3_4&Prime; _builder_version=\u00a0\u00bb3.29.2&Prime;][et_pb_blurb icon_placement=\u00a0\u00bbtop\u00a0\u00bb admin_label=\u00a0\u00bbCONSEJO ESTRAT\u00c9GICO\u00a0\u00bb _builder_version=\u00a0\u00bb4.0.9&Prime; body_text_align=\u00a0\u00bbcenter\u00a0\u00bb width=\u00a0\u00bb60.9%\u00a0\u00bb min_height=\u00a0\u00bb175px\u00a0\u00bb custom_margin=\u00a0\u00bb0px|76px|20px||false|false\u00a0\u00bb custom_padding=\u00a0\u00bb15px|0px|0px|8px|false|false\u00a0\u00bb animation_style=\u00a0\u00bbzoom\u00a0\u00bb animation_duration=\u00a0\u00bb1500ms\u00a0\u00bb animation_delay=\u00a0\u00bb200ms\u00a0\u00bb border_radii=\u00a0\u00bbon|10px|10px|10px|10px\u00a0\u00bb border_width_all=\u00a0\u00bb1px\u00a0\u00bb border_color_all=\u00a0\u00bb#f7a736&Prime; border_width_bottom=\u00a0\u00bb3px\u00a0\u00bb border_color_bottom=\u00a0\u00bb#f7a736&Prime; box_shadow_horizontal=\u00a0\u00bb6px\u00a0\u00bb box_shadow_vertical=\u00a0\u00bb6px\u00a0\u00bb box_shadow_blur=\u00a0\u00bb18px\u00a0\u00bb box_shadow_spread=\u00a0\u00bb0px\u00a0\u00bb box_shadow_color=\u00a0\u00bb#f7a736&Prime; locked=\u00a0\u00bboff\u00a0\u00bb]\n<p style=\"text-align: center;\"><span class=\"agsdi-icon\" style=\"font-size: 80px;\" data-icon=\"agsdi-bulb-options\">bulb options iconConseil Strat\u00e9gique<\/span><\/p>\n<h3 style=\"text-align: center;\">\u00a0<\/h3>\n<h3 style=\"text-align: center;\"><span style=\"font-size: 18pt;\">CONSEJO<br \/>ESTRAT\u00c9GICO<\/span><\/h3>\n[\/et_pb_blurb][et_pb_blurb url=\u00a0\u00bbhttp:\/\/Conseil%20Strat\u00e9gique\u00a0\u00bb admin_label=\u00a0\u00bbSEGURIDAD CIBERN\u00c9TICA\u00a0\u00bb _builder_version=\u00a0\u00bb4.0.9&Prime; body_text_align=\u00a0\u00bbcenter\u00a0\u00bb min_height=\u00a0\u00bb175px\u00a0\u00bb custom_margin=\u00a0\u00bb0px|161px|0px|0px|false|false\u00a0\u00bb custom_padding=\u00a0\u00bb13px|0px|0px|45px|false|false\u00a0\u00bb link_option_url=\u00a0\u00bbhttps:\/\/www.istium.pro\/web\/accompagnement-strategique-pour-les-maitrises-douvrage-2\/\u00a0\u00bb hover_enabled=\u00a0\u00bb0&Prime; border_width_bottom=\u00a0\u00bb3px\u00a0\u00bb border_color_bottom=\u00a0\u00bb#f7a736&Prime; locked=\u00a0\u00bboff\u00a0\u00bb icon_placement=\u00a0\u00bbtop\u00a0\u00bb border_width_all=\u00a0\u00bb1px\u00a0\u00bb border_color_all=\u00a0\u00bb#f7a736&Prime; border_radii=\u00a0\u00bbon|10px|10px|10px|10px\u00a0\u00bb box_shadow_horizontal=\u00a0\u00bb6px\u00a0\u00bb box_shadow_vertical=\u00a0\u00bb6px\u00a0\u00bb box_shadow_blur=\u00a0\u00bb18px\u00a0\u00bb box_shadow_spread=\u00a0\u00bb0px\u00a0\u00bb box_shadow_color=\u00a0\u00bb#f7a736&Prime; animation_style=\u00a0\u00bbzoom\u00a0\u00bb animation_duration=\u00a0\u00bb1500ms\u00a0\u00bb animation_delay=\u00a0\u00bb200ms\u00a0\u00bb]\n<p style=\"text-align: center;\"><span class=\"agsdi-icon\" style=\"font-size: 80px;\" data-icon=\"agsdi-padlock\">bulb options iconConseil Strat\u00e9gique<\/span><\/p>\n<h3 style=\"text-align: center;\">\u00a0<\/h3>\n<h3 style=\"text-align: center;\"><span style=\"font-size: 18pt;\">SEGURIDAD CIBERN\u00c9TICA<\/span><\/h3>\n[\/et_pb_blurb][\/et_pb_column_inner][et_pb_column_inner type=\u00a0\u00bb1_2&Prime; saved_specialty_column_type=\u00a0\u00bb3_4&Prime; _builder_version=\u00a0\u00bb3.29.2&Prime;][et_pb_blurb icon_placement=\u00a0\u00bbtop\u00a0\u00bb admin_label=\u00a0\u00bbSOPORTE OPERATIVO\u00a0\u00bb _builder_version=\u00a0\u00bb4.0.9&Prime; body_text_align=\u00a0\u00bbcenter\u00a0\u00bb width=\u00a0\u00bb64.9%\u00a0\u00bb min_height=\u00a0\u00bb175px\u00a0\u00bb custom_margin=\u00a0\u00bb0px|0px|20px|0px|false|false\u00a0\u00bb custom_padding=\u00a0\u00bb11px|0px|0px|25px|false|false\u00a0\u00bb animation_style=\u00a0\u00bbzoom\u00a0\u00bb animation_duration=\u00a0\u00bb1500ms\u00a0\u00bb animation_delay=\u00a0\u00bb200ms\u00a0\u00bb border_radii=\u00a0\u00bbon|10px|10px|10px|10px\u00a0\u00bb border_width_all=\u00a0\u00bb1px\u00a0\u00bb border_color_all=\u00a0\u00bb#f7a736&Prime; border_width_bottom=\u00a0\u00bb3px\u00a0\u00bb border_color_bottom=\u00a0\u00bb#f7a736&Prime; box_shadow_horizontal=\u00a0\u00bb6px\u00a0\u00bb box_shadow_vertical=\u00a0\u00bb6px\u00a0\u00bb box_shadow_blur=\u00a0\u00bb18px\u00a0\u00bb box_shadow_spread=\u00a0\u00bb0px\u00a0\u00bb box_shadow_color=\u00a0\u00bb#f7a736&Prime; locked=\u00a0\u00bboff\u00a0\u00bb]\n<p style=\"text-align: center;\"><span class=\"agsdi-icon\" style=\"font-size: 80px;\" data-icon=\"agsdi-gear\">bulb options iconConseil Strat\u00e9gique<\/span><\/p>\n<h3 style=\"text-align: center;\">\u00a0<\/h3>\n<h3 style=\"text-align: center;\"><span style=\"font-size: 18pt;\">SOPORTE<\/span><br \/><span style=\"font-size: 18pt;\">OPERATIVO<\/span><\/h3>\n[\/et_pb_blurb][et_pb_blurb icon_placement=\u00a0\u00bbtop\u00a0\u00bb admin_label=\u00a0\u00bbFORMACIONES\u00a0\u00bb _builder_version=\u00a0\u00bb4.0.9&Prime; body_text_align=\u00a0\u00bbcenter\u00a0\u00bb width=\u00a0\u00bb65.4%\u00a0\u00bb min_height=\u00a0\u00bb175px\u00a0\u00bb custom_margin=\u00a0\u00bb0px|0px|-1px|0px|false|false\u00a0\u00bb custom_padding=\u00a0\u00bb12px|0px|0px|50px|false|false\u00a0\u00bb animation_style=\u00a0\u00bbzoom\u00a0\u00bb animation_duration=\u00a0\u00bb1500ms\u00a0\u00bb animation_delay=\u00a0\u00bb250ms\u00a0\u00bb border_radii=\u00a0\u00bbon|10px|10px|10px|10px\u00a0\u00bb border_width_all=\u00a0\u00bb1px\u00a0\u00bb border_color_all=\u00a0\u00bb#f7a736&Prime; border_width_bottom=\u00a0\u00bb3px\u00a0\u00bb border_color_bottom=\u00a0\u00bb#f7a736&Prime; box_shadow_horizontal=\u00a0\u00bb6px\u00a0\u00bb box_shadow_vertical=\u00a0\u00bb6px\u00a0\u00bb box_shadow_blur=\u00a0\u00bb18px\u00a0\u00bb box_shadow_spread=\u00a0\u00bb0px\u00a0\u00bb box_shadow_color=\u00a0\u00bb#f7a736&Prime; locked=\u00a0\u00bboff\u00a0\u00bb]\n<p style=\"text-align: center;\"><span class=\"agsdi-icon\" style=\"font-size: 80px;\" data-icon=\"agsdi-learn\">bulb options iconConseil Strat\u00e9gique<\/span><\/p>\n<h3 style=\"text-align: center;\"><span style=\"font-size: 18pt;\">FORMACIONES<\/span><br \/><span style=\"font-size: 18pt;\">TRANSFERENCIA DE<\/span><br \/><span style=\"font-size: 18pt;\">COMPETENCIAS<\/span><\/h3>\n[\/et_pb_blurb][\/et_pb_column_inner][\/et_pb_row_inner][\/et_pb_column][et_pb_column type=\u00a0\u00bb1_4&Prime; _builder_version=\u00a0\u00bb3.25&Prime; custom_padding=\u00a0\u00bb|||\u00a0\u00bb custom_padding__hover=\u00a0\u00bb|||\u00a0\u00bb][et_pb_sidebar show_border=\u00a0\u00bboff\u00a0\u00bb _builder_version=\u00a0\u00bb4.0.9&Prime; header_font=\u00a0\u00bb||||||||\u00a0\u00bb header_text_align=\u00a0\u00bbjustify\u00a0\u00bb header_text_color=\u00a0\u00bb#f7a736&Prime; header_font_size=\u00a0\u00bb24px\u00a0\u00bb header_line_height=\u00a0\u00bb1.1em\u00a0\u00bb body_text_color=\u00a0\u00bb#495966&Prime; body_line_height=\u00a0\u00bb1em\u00a0\u00bb background_color=\u00a0\u00bb#ededed\u00a0\u00bb text_orientation=\u00a0\u00bbleft\u00a0\u00bb width=\u00a0\u00bb266px\u00a0\u00bb max_width=\u00a0\u00bb100%\u00a0\u00bb module_alignment=\u00a0\u00bbleft\u00a0\u00bb min_height=\u00a0\u00bb680px\u00a0\u00bb custom_margin=\u00a0\u00bb|292px|0px|0px|false|false\u00a0\u00bb custom_padding=\u00a0\u00bb15px|12px|15px|19px|false|false\u00a0\u00bb border_radii=\u00a0\u00bbon|1px|1px|1px|1px\u00a0\u00bb border_color_all=\u00a0\u00bb#f7a736&Prime; border_width_left=\u00a0\u00bb3px\u00a0\u00bb border_color_left=\u00a0\u00bb#f7a736&Prime; box_shadow_style=\u00a0\u00bbpreset2&Prime; locked=\u00a0\u00bboff\u00a0\u00bb][\/et_pb_sidebar][\/et_pb_column][\/et_pb_section]\n","protected":false},"excerpt":{"rendered":"<p><div id=\"metaslider-id-2161\" style=\"width: 100%;\" class=\"ml-slider-3-104-0 metaslider metaslider-nivo metaslider-2161 ml-slider has-dots-nav ms-theme-default\" role=\"region\" aria-label=\"SLIDE SP INICIO\">\n    <div id=\"metaslider_container_2161\">\n        <div class='slider-wrapper theme-default'><div class='ribbon'><\/div><div id='metaslider_2161' class='nivoSlider'><img loading=\"lazy\" decoding=\"async\" src=\"https:\/\/www.istium.pro\/web\/wp-content\/uploads\/2018\/05\/slider1-0x0.jpg\" height=\"0\" width=\"0\" data-caption=\"&lt;h3&gt;Bienvenido al mundo de las transacciones seguras y la econom&amp;iacute;a digital!&lt;\/h3&gt;\" title=\"slider1\" alt=\"\" class=\"slider-2161 slide-2162 msDefaultImage\" \/><img loading=\"lazy\" decoding=\"async\" src=\"https:\/\/www.istium.pro\/web\/wp-content\/uploads\/2018\/05\/slider2-0x0.jpg\" height=\"0\" width=\"0\" data-caption=\"&lt;h3&gt;Soporte estrategico y operacional de nuestros clientes.&lt;\/h3&gt;\" title=\"slider2\" alt=\"\" class=\"slider-2161 slide-2163 msDefaultImage\" \/><img loading=\"lazy\" decoding=\"async\" src=\"https:\/\/www.istium.pro\/web\/wp-content\/uploads\/2018\/05\/slider3-0x0.jpg\" height=\"0\" width=\"0\" data-caption=\"&lt;h3&gt;Capacitaciones y transferencia de Habilidades.&lt;\/h3&gt;\" title=\"slider3\" alt=\"\" class=\"slider-2161 slide-2164 msDefaultImage\" \/><\/div><\/div>\n        \n    <\/div>\n<\/div>Experto en transacciones seguras y desarrollo de negocios digitales.Experto en seguridad de la informaci\u00f3n y econom\u00eda digital. Actuamos activamente para desarrollar la econom\u00eda digital en todo el mundo. Sistema de pago Sistemas de informaci\u00f3n para instituciones financieras (bancos, microfinanzas, emisor de dinero electr\u00f3nico) Sistema de lealdad Intercambios seguros entre empresas privadas y p\u00fablicas Ciberseguridad [&hellip;]<\/p>\n","protected":false},"author":4,"featured_media":0,"parent":0,"menu_order":0,"comment_status":"closed","ping_status":"closed","template":"","meta":{"_et_pb_use_builder":"on","_et_pb_old_content":"<div id=\"pl-1948\" class=\"panel-layout\"><div id=\"pg-1948-0\" class=\"panel-grid panel-no-style\" data-style=\"{\"cell_alignment\":\"flex-start\",\"vertical_gutter\":\"default\",\"background_image\":false,\"background_image_position\":\"center top\",\"background_image_style\":\"cover\",\"row_separator\":\"none\"}\" data-ratio=\"1\" data-ratio-direction=\"right\"><div id=\"pgc-1948-0-0\" class=\"panel-grid-cell\" data-weight=\"1\"><div id=\"panel-1948-0-0-0\" class=\"so-panel widget widget_text panel-first-child\" data-index=\"0\" data-style=\"{\"background_image_attachment\":false,\"background_display\":\"tile\",\"kt_animation_duration\":\"default\",\"kt_animation_delay\":\"default\"}\"><div class=\"textwidget\"><div id=\"metaslider-id-1932\" class=\"ml-slider-3-14-0 metaslider metaslider-nivo metaslider-1932 ml-slider\" style=\"width: 100%;\"><div id=\"metaslider_container_1932\"><div class=\"slider-wrapper theme-default\"><div class=\"ribbon\">\u00a0<\/div><div id=\"metaslider_1932\" class=\"nivoSlider\"><img class=\"slider-1932 slide-1933\" title=\"slider1\" src=\"http:\/\/www.istium.pro\/web\/wp-content\/uploads\/2018\/05\/slider1-0x0.jpg\" alt=\"\" width=\"0\" height=\"0\" data-caption=\"<h3 style=\"text-align:center\";>Welcome to the world of secure transaction and the digital economy!<\/h3>\" \/><img class=\"slider-1932 slide-1934\" title=\"slider2\" src=\"http:\/\/www.istium.pro\/web\/wp-content\/uploads\/2018\/05\/slider2-0x0.jpg\" alt=\"\" width=\"0\" height=\"0\" data-caption=\"<h3 style=\"text-align:center\";>Strategic support for business management<\/h3>\" \/><img class=\"slider-1932 slide-1935\" title=\"slider3\" src=\"http:\/\/www.istium.pro\/web\/wp-content\/uploads\/2018\/05\/slider3-0x0.jpg\" alt=\"\" width=\"0\" height=\"0\" data-caption=\"<h3 style=\"text-align:center\";>Training and skills transfert<\/h3>\" \/><\/div><\/div><\/div><\/div><\/div><\/div><div id=\"panel-1948-0-0-1\" class=\"so-panel widget widget_text\" data-index=\"1\" data-style=\"{\"background_image_attachment\":false,\"background_display\":\"tile\",\"kt_animation_duration\":\"default\",\"kt_animation_delay\":\"default\"}\"><div class=\"textwidget\"><h1>Expert in securing information & digital economy<\/h1><h2>We actively act to develop digital economy worldwide.<\/h2><ul><li>Payment system<\/li><li>Syst\u00e8mes d\u2019information pour institutions financi\u00e8res (banques, micro-finances, \u00e9metteur de monnaie \u00e9lectronique)<\/li><li>Syst\u00e8me de fid\u00e9lisation<\/li><li>Echanges s\u00e9curis\u00e9s entre entreprises priv\u00e9es et publiques<\/li><li>Cyber-s\u00e9curit\u00e9 des entreprises<\/li><\/ul><\/div><\/div><div id=\"panel-1948-0-0-2\" class=\"so-panel widget panel-last-child\" data-index=\"2\" data-style=\"{\"background_image_attachment\":false,\"background_display\":\"tile\",\"kt_animation_duration\":\"default\",\"kt_animation_delay\":\"default\"}\">\u00a0<\/div><\/div><\/div><div id=\"pg-1948-1\" class=\"panel-grid panel-no-style\" data-style=\"{\"cell_alignment\":\"flex-start\",\"vertical_gutter\":\"default\",\"background_image\":false,\"background_image_position\":\"center top\",\"background_image_style\":\"cover\",\"row_separator\":\"none\"}\" data-ratio=\"1\" data-ratio-direction=\"right\"><div id=\"pgc-1948-1-0\" class=\"panel-grid-cell\" data-weight=\"0.25\"><div id=\"panel-1948-1-0-0\" class=\"so-panel widget widget_sow-editor panel-first-child panel-last-child\" data-index=\"3\" data-style=\"{\"class\":\"rect\",\"mobile_padding\":\"30px 10px 30px 10px\",\"background\":\"#465866\",\"background_image_attachment\":false,\"background_display\":\"fixed\",\"border_color\":\"#ffffff\",\"kt_animation_duration\":\"default\",\"kt_animation_delay\":\"default\",\"margin\":\"30px 0px 30px 0px\",\"font_color\":\"#ffffff\"}\"><div class=\"rect panel-widget-style panel-widget-style-for-1948-1-0-0\"><div class=\"so-widget-sow-editor so-widget-sow-editor-base\"><div class=\"siteorigin-widget-tinymce textwidget\">\u00a0<\/div><\/div><\/div><\/div><\/div><\/div><div id=\"pg-1948-2\" class=\"panel-grid panel-no-style\" data-style=\"{\"cell_alignment\":\"flex-start\",\"vertical_gutter\":\"default\",\"background_image\":false,\"background_image_position\":\"center top\",\"background_image_style\":\"cover\",\"row_separator\":\"none\"}\"><div id=\"pgc-1948-2-1\" class=\"panel-grid-cell\" data-weight=\"0.36729362591432\"><div id=\"panel-1948-2-1-0\" class=\"so-panel widget widget_do-etfw widget-do-etfw panel-first-child panel-last-child\" data-index=\"8\" data-style=\"{\"background_image_attachment\":false,\"background_display\":\"tile\",\"kt_animation_type\":\"fadeInUp\",\"kt_animation_duration\":\"300\",\"kt_animation_delay\":\"default\"}\"><div class=\"kt-pb-animation kt-pb-fadeInUp kt-pb-duration-300 kt-pb-delay-0 panel-widget-style panel-widget-style-for-1948-2-1-0\">\u00a0<\/div><\/div><\/div><\/div><\/div>","_et_gb_content_width":"","footnotes":""},"class_list":["post-1948","page","type-page","status-publish","hentry"],"aioseo_notices":[],"_links":{"self":[{"href":"https:\/\/www.istium.pro\/web\/wp-json\/wp\/v2\/pages\/1948","targetHints":{"allow":["GET"]}}],"collection":[{"href":"https:\/\/www.istium.pro\/web\/wp-json\/wp\/v2\/pages"}],"about":[{"href":"https:\/\/www.istium.pro\/web\/wp-json\/wp\/v2\/types\/page"}],"author":[{"embeddable":true,"href":"https:\/\/www.istium.pro\/web\/wp-json\/wp\/v2\/users\/4"}],"replies":[{"embeddable":true,"href":"https:\/\/www.istium.pro\/web\/wp-json\/wp\/v2\/comments?post=1948"}],"version-history":[{"count":12,"href":"https:\/\/www.istium.pro\/web\/wp-json\/wp\/v2\/pages\/1948\/revisions"}],"predecessor-version":[{"id":2770,"href":"https:\/\/www.istium.pro\/web\/wp-json\/wp\/v2\/pages\/1948\/revisions\/2770"}],"wp:attachment":[{"href":"https:\/\/www.istium.pro\/web\/wp-json\/wp\/v2\/media?parent=1948"}],"curies":[{"name":"wp","href":"https:\/\/api.w.org\/{rel}","templated":true}]}}