{"id":1945,"date":"2015-07-25T20:32:43","date_gmt":"2012-12-12T18:05:30","guid":{"rendered":"http:\/\/www.istium.pro\/web\/?page_id=1945"},"modified":"2020-01-02T18:53:40","modified_gmt":"2020-01-02T17:53:40","slug":"home","status":"publish","type":"page","link":"https:\/\/www.istium.pro\/web\/home\/","title":{"rendered":"Home"},"content":{"rendered":"[et_pb_section fb_built=\u00a0\u00bb1&Prime; _builder_version=\u00a0\u00bb3.29.2&Prime; background_enable_image=\u00a0\u00bboff\u00a0\u00bb background_size=\u00a0\u00bbcontain\u00a0\u00bb background_position=\u00a0\u00bbbottom_left\u00a0\u00bb custom_padding=\u00a0\u00bb0px|||||\u00a0\u00bb][et_pb_row _builder_version=\u00a0\u00bb3.29.2&Prime; background_color=\u00a0\u00bbrgba(0,0,0,0)\u00a0\u00bb custom_margin=\u00a0\u00bb20px||||false|false\u00a0\u00bb custom_padding=\u00a0\u00bb0px||0px|||\u00a0\u00bb][et_pb_column type=\u00a0\u00bb4_4&Prime; _builder_version=\u00a0\u00bb3.27.4&Prime;][et_pb_text admin_label=\u00a0\u00bbSlider\u00a0\u00bb _builder_version=\u00a0\u00bb4.0.9&Prime; background_color=\u00a0\u00bbrgba(0,0,0,0)\u00a0\u00bb custom_padding=\u00a0\u00bb0px|||||\u00a0\u00bb]\n<div id=\"metaslider-id-1932\" style=\"width: 100%;\" class=\"ml-slider-3-104-0 metaslider metaslider-nivo metaslider-1932 ml-slider has-dots-nav ms-theme-default\" role=\"region\" aria-label=\"SLIDE EN HOME\">\n    <div id=\"metaslider_container_1932\">\n        <div class='slider-wrapper theme-default'><div class='ribbon'><\/div><div id='metaslider_1932' class='nivoSlider'><img loading=\"lazy\" decoding=\"async\" src=\"https:\/\/www.istium.pro\/web\/wp-content\/uploads\/2018\/05\/slider1-0x0.jpg\" height=\"0\" width=\"0\" data-caption=\"&lt;h3&gt;Welcome to the world of secure transaction and the digital economy!&lt;\/h3&gt;\" title=\"slider1\" alt=\"\" class=\"slider-1932 slide-1933 msDefaultImage\" \/><img loading=\"lazy\" decoding=\"async\" src=\"https:\/\/www.istium.pro\/web\/wp-content\/uploads\/2018\/05\/slider2-0x0.jpg\" height=\"0\" width=\"0\" data-caption=\"&lt;h3&gt;Strategic and Operational support for our customers&lt;\/h3&gt;\" title=\"slider2\" alt=\"\" class=\"slider-1932 slide-1934 msDefaultImage\" \/><img loading=\"lazy\" decoding=\"async\" src=\"https:\/\/www.istium.pro\/web\/wp-content\/uploads\/2025\/01\/jeffrey-hamilton-jrRe6er0pY0-unsplash-scaled-0x0.jpg\" height=\"0\" width=\"0\" data-caption=\"&lt;h3&gt;Training and skills transfert&lt;\/h3&gt;\" title=\"jeffrey-hamilton-jrRe6er0pY0-unsplash\" alt=\"\" class=\"slider-1932 slide-1935 msDefaultImage\" \/><\/div><\/div>\n        \n    <\/div>\n<\/div>\n[\/et_pb_text][\/et_pb_column][\/et_pb_row][\/et_pb_section][et_pb_section fb_built=\u00a0\u00bb1&Prime; specialty=\u00a0\u00bbon\u00a0\u00bb _builder_version=\u00a0\u00bb3.29.2&Prime; background_image=\u00a0\u00bbhttps:\/\/www.istium.pro\/web\/wp-content\/uploads\/2019\/09\/map-1.png\u00a0\u00bb background_size=\u00a0\u00bbinitial\u00a0\u00bb background_position=\u00a0\u00bbbottom_center\u00a0\u00bb][et_pb_column type=\u00a0\u00bb3_4&Prime; specialty_columns=\u00a0\u00bb3&Prime; _builder_version=\u00a0\u00bb3.25&Prime; custom_padding=\u00a0\u00bb|||\u00a0\u00bb custom_padding__hover=\u00a0\u00bb|||\u00a0\u00bb][et_pb_row_inner _builder_version=\u00a0\u00bb3.29.2&Prime; custom_padding=\u00a0\u00bb2px||31px|||\u00a0\u00bb][et_pb_column_inner saved_specialty_column_type=\u00a0\u00bb3_4&Prime; _builder_version=\u00a0\u00bb3.29.2&Prime;][et_pb_text _builder_version=\u00a0\u00bb3.29.3&Prime;]\n<h1 style=\"text-align: center;\">Expert in Secure Transaction and Digital Business Development<\/h1>\n[\/et_pb_text][et_pb_divider divider_weight=\u00a0\u00bb4px\u00a0\u00bb disabled_on=\u00a0\u00bboff|off|off\u00a0\u00bb _builder_version=\u00a0\u00bb3.29.2&Prime; background_size=\u00a0\u00bbinitial\u00a0\u00bb background_position=\u00a0\u00bbtop_left\u00a0\u00bb background_repeat=\u00a0\u00bbrepeat\u00a0\u00bb max_width=\u00a0\u00bb40px\u00a0\u00bb module_alignment=\u00a0\u00bbcenter\u00a0\u00bb custom_margin=\u00a0\u00bb||10px|\u00a0\u00bb animation_style=\u00a0\u00bbzoom\u00a0\u00bb animation_direction=\u00a0\u00bbleft\u00a0\u00bb saved_tabs=\u00a0\u00bball\u00a0\u00bb locked=\u00a0\u00bboff\u00a0\u00bb][\/et_pb_divider][et_pb_text _builder_version=\u00a0\u00bb4.0.9&Prime; custom_margin=\u00a0\u00bb|||117px||\u00a0\u00bb]\n<h2>Expert in securing information &amp; digital economy<\/h2>\n<h3>We actively act to develop digital economy worldwide.<\/h3>\n<ul>\n<li><strong><span style=\"font-size: 12pt;\">Payment systems<\/span><\/strong><\/li>\n<li><span style=\"font-size: 12pt;\">Information system for financial institutions (banks, micro-finances, electronic money issuers)<\/span><\/li>\n<li><span style=\"font-size: 12pt;\">Loyalty programs<\/span><\/li>\n<li><span style=\"font-size: 12pt;\">Secure exchanges between companies either private or public<\/span><\/li>\n<li><strong><span style=\"font-size: 12pt;\">Cyber-security<\/span><\/strong><\/li>\n<\/ul>\n[\/et_pb_text][\/et_pb_column_inner][\/et_pb_row_inner][et_pb_row_inner column_structure=\u00a0\u00bb1_2,1_2&Prime; make_equal=\u00a0\u00bbon\u00a0\u00bb _builder_version=\u00a0\u00bb3.29.3&Prime; width=\u00a0\u00bb81%\u00a0\u00bb module_alignment=\u00a0\u00bbcenter\u00a0\u00bb custom_margin=\u00a0\u00bb||40px|204px|false|false\u00a0\u00bb custom_padding=\u00a0\u00bb0px|||||\u00a0\u00bb][et_pb_column_inner type=\u00a0\u00bb1_2&Prime; saved_specialty_column_type=\u00a0\u00bb3_4&Prime; _builder_version=\u00a0\u00bb3.29.2&Prime;][et_pb_blurb admin_label=\u00a0\u00bbSTRATEGIC ADVISORY\u00a0\u00bb _builder_version=\u00a0\u00bb4.0.9&Prime; body_text_align=\u00a0\u00bbcenter\u00a0\u00bb width=\u00a0\u00bb60.9%\u00a0\u00bb min_height=\u00a0\u00bb175px\u00a0\u00bb custom_margin=\u00a0\u00bb0px|76px|20px||false|false\u00a0\u00bb custom_padding=\u00a0\u00bb15px|0px|0px|8px|false|false\u00a0\u00bb animation_style=\u00a0\u00bbzoom\u00a0\u00bb animation_duration=\u00a0\u00bb1500ms\u00a0\u00bb animation_delay=\u00a0\u00bb200ms\u00a0\u00bb hover_enabled=\u00a0\u00bb0&Prime; border_radii=\u00a0\u00bbon|10px|10px|10px|10px\u00a0\u00bb border_width_all=\u00a0\u00bb1px\u00a0\u00bb border_color_all=\u00a0\u00bb#f7a736&Prime; border_width_bottom=\u00a0\u00bb3px\u00a0\u00bb border_color_bottom=\u00a0\u00bb#f7a736&Prime; box_shadow_horizontal=\u00a0\u00bb6px\u00a0\u00bb box_shadow_vertical=\u00a0\u00bb6px\u00a0\u00bb box_shadow_blur=\u00a0\u00bb18px\u00a0\u00bb box_shadow_spread=\u00a0\u00bb0px\u00a0\u00bb box_shadow_color=\u00a0\u00bb#f7a736&Prime; box_shadow_position_last_edited=\u00a0\u00bboff|desktop\u00a0\u00bb locked=\u00a0\u00bboff\u00a0\u00bb icon_placement=\u00a0\u00bbtop\u00a0\u00bb box_shadow_style_image=\u00a0\u00bbpreset2&Prime;]\n<p style=\"text-align: center;\"><span class=\"agsdi-icon\" style=\"font-size:80px;\" data-icon=\"agsdi-bulb-options\">bulb options iconConseil Strat\u00e9gique<\/span><\/p>\n<h3 style=\"text-align: center;\">\u00a0<\/h3>\n<h3 style=\"text-align: center;\"><span style=\"font-size: 18pt;\">STRATEGIC<br \/>ADVISORY<\/span><\/h3>\n[\/et_pb_blurb][et_pb_blurb admin_label=\u00a0\u00bbCYBER SECURITY\u00a0\u00bb _builder_version=\u00a0\u00bb4.0.9&Prime; body_text_align=\u00a0\u00bbcenter\u00a0\u00bb min_height=\u00a0\u00bb175px\u00a0\u00bb custom_margin=\u00a0\u00bb0px|161px|0px|0px|false|false\u00a0\u00bb custom_padding=\u00a0\u00bb13px|0px|0px|45px|false|false\u00a0\u00bb animation_style=\u00a0\u00bbzoom\u00a0\u00bb animation_duration=\u00a0\u00bb1500ms\u00a0\u00bb animation_delay=\u00a0\u00bb250ms\u00a0\u00bb border_radii=\u00a0\u00bbon|10px|10px|10px|10px\u00a0\u00bb border_width_all=\u00a0\u00bb1px\u00a0\u00bb border_color_all=\u00a0\u00bb#f7a736&Prime; border_width_bottom=\u00a0\u00bb3px\u00a0\u00bb border_color_bottom=\u00a0\u00bb#f7a736&Prime; box_shadow_horizontal=\u00a0\u00bb6px\u00a0\u00bb box_shadow_vertical=\u00a0\u00bb6px\u00a0\u00bb box_shadow_blur=\u00a0\u00bb18px\u00a0\u00bb box_shadow_spread=\u00a0\u00bb0px\u00a0\u00bb box_shadow_color=\u00a0\u00bb#f7a736&Prime; locked=\u00a0\u00bboff\u00a0\u00bb]\n<p style=\"text-align: center;\"><span class=\"agsdi-icon\" style=\"font-size: 80px;\" data-icon=\"agsdi-padlock\">bulb options iconConseil Strat\u00e9gique<\/span><\/p>\n<h3 style=\"text-align: center;\">\u00a0<\/h3>\n<h3 style=\"text-align: center;\"><span style=\"font-size: 18pt;\">INFORMATION<br \/>SECURITY<\/span><\/h3>\n[\/et_pb_blurb][\/et_pb_column_inner][et_pb_column_inner type=\u00a0\u00bb1_2&Prime; saved_specialty_column_type=\u00a0\u00bb3_4&Prime; _builder_version=\u00a0\u00bb3.29.2&Prime;][et_pb_blurb icon_placement=\u00a0\u00bbtop\u00a0\u00bb admin_label=\u00a0\u00bbOPERATIONAL SUPPORT\u00a0\u00bb _builder_version=\u00a0\u00bb4.0.9&Prime; header_text_align=\u00a0\u00bbcenter\u00a0\u00bb body_text_align=\u00a0\u00bbcenter\u00a0\u00bb text_orientation=\u00a0\u00bbcenter\u00a0\u00bb width=\u00a0\u00bb64.9%\u00a0\u00bb min_height=\u00a0\u00bb175px\u00a0\u00bb custom_margin=\u00a0\u00bb0px|0px|20px|0px|false|false\u00a0\u00bb custom_padding=\u00a0\u00bb11px|0px|0px|25px|false|false\u00a0\u00bb animation_style=\u00a0\u00bbzoom\u00a0\u00bb animation_duration=\u00a0\u00bb1500ms\u00a0\u00bb animation_delay=\u00a0\u00bb200ms\u00a0\u00bb border_radii=\u00a0\u00bbon|10px|10px|10px|10px\u00a0\u00bb border_width_all=\u00a0\u00bb1px\u00a0\u00bb border_color_all=\u00a0\u00bb#f7a736&Prime; border_width_bottom=\u00a0\u00bb3px\u00a0\u00bb border_color_bottom=\u00a0\u00bb#f7a736&Prime; box_shadow_horizontal=\u00a0\u00bb6px\u00a0\u00bb box_shadow_vertical=\u00a0\u00bb6px\u00a0\u00bb box_shadow_blur=\u00a0\u00bb18px\u00a0\u00bb box_shadow_spread=\u00a0\u00bb0px\u00a0\u00bb box_shadow_color=\u00a0\u00bb#f7a736&Prime; box_shadow_style_image=\u00a0\u00bbpreset2&Prime; box_shadow_color_image=\u00a0\u00bb#f7a736&Prime; locked=\u00a0\u00bboff\u00a0\u00bb]\n<p style=\"text-align: center;\"><span class=\"agsdi-icon\" style=\"font-size: 80px;\" data-icon=\"agsdi-gear\">bulb options iconConseil Strat\u00e9gique<\/span><\/p>\n<h3 style=\"text-align: center;\">\u00a0<\/h3>\n<h3 style=\"text-align: center;\"><span style=\"font-size: 24px;\">OPERATIONAL<br \/>SUPPORT<\/span><\/h3>\n[\/et_pb_blurb][et_pb_blurb admin_label=\u00a0\u00bbTRAINING\u00a0\u00bb _builder_version=\u00a0\u00bb4.0.9&Prime; width=\u00a0\u00bb65.4%\u00a0\u00bb min_height=\u00a0\u00bb175px\u00a0\u00bb custom_margin=\u00a0\u00bb0px|0px|-1px|0px|false|false\u00a0\u00bb custom_padding=\u00a0\u00bb12px|0px|0px|50px|false|false\u00a0\u00bb animation_style=\u00a0\u00bbzoom\u00a0\u00bb animation_duration=\u00a0\u00bb1500ms\u00a0\u00bb animation_delay=\u00a0\u00bb200ms\u00a0\u00bb border_radii=\u00a0\u00bbon|10px|10px|10px|10px\u00a0\u00bb border_width_all=\u00a0\u00bb1px\u00a0\u00bb border_color_all=\u00a0\u00bb#f7a736&Prime; border_width_bottom=\u00a0\u00bb3px\u00a0\u00bb border_color_bottom=\u00a0\u00bb#f7a736&Prime; box_shadow_horizontal=\u00a0\u00bb6px\u00a0\u00bb box_shadow_vertical=\u00a0\u00bb6px\u00a0\u00bb box_shadow_blur=\u00a0\u00bb18px\u00a0\u00bb box_shadow_spread=\u00a0\u00bb0px\u00a0\u00bb box_shadow_color=\u00a0\u00bb#f7a736&Prime; locked=\u00a0\u00bboff\u00a0\u00bb]\n<p style=\"text-align: center;\"><span class=\"agsdi-icon\" style=\"font-size: 80px;\" data-icon=\"agsdi-learn\">bulb options iconConseil Strat\u00e9gique<\/span><\/p>\n<h3 style=\"text-align: center;\">\u00a0<\/h3>\n<h3 style=\"text-align: center;\"><span style=\"font-size: 18pt;\">TRAINING<\/span><br \/><span style=\"font-size: 18pt;\">SKILL TRANSFER<\/span><\/h3>\n[\/et_pb_blurb][\/et_pb_column_inner][\/et_pb_row_inner][\/et_pb_column][et_pb_column type=\u00a0\u00bb1_4&Prime; _builder_version=\u00a0\u00bb3.25&Prime; custom_padding=\u00a0\u00bb|||\u00a0\u00bb custom_padding__hover=\u00a0\u00bb|||\u00a0\u00bb][et_pb_sidebar show_border=\u00a0\u00bboff\u00a0\u00bb _builder_version=\u00a0\u00bb4.0.9&Prime; header_font=\u00a0\u00bb||||||||\u00a0\u00bb header_text_align=\u00a0\u00bbjustify\u00a0\u00bb header_text_color=\u00a0\u00bb#f7a736&Prime; header_font_size=\u00a0\u00bb24px\u00a0\u00bb header_line_height=\u00a0\u00bb1.1em\u00a0\u00bb body_text_color=\u00a0\u00bb#495966&Prime; body_line_height=\u00a0\u00bb1em\u00a0\u00bb background_color=\u00a0\u00bb#ededed\u00a0\u00bb text_orientation=\u00a0\u00bbleft\u00a0\u00bb width=\u00a0\u00bb266px\u00a0\u00bb max_width=\u00a0\u00bb100%\u00a0\u00bb module_alignment=\u00a0\u00bbleft\u00a0\u00bb min_height=\u00a0\u00bb680px\u00a0\u00bb custom_margin=\u00a0\u00bb|292px|0px|0px|false|false\u00a0\u00bb custom_padding=\u00a0\u00bb15px|12px|15px|19px|false|false\u00a0\u00bb border_radii=\u00a0\u00bbon|1px|1px|1px|1px\u00a0\u00bb border_color_all=\u00a0\u00bb#f7a736&Prime; border_width_left=\u00a0\u00bb3px\u00a0\u00bb border_color_left=\u00a0\u00bb#f7a736&Prime; box_shadow_style=\u00a0\u00bbpreset2&Prime; locked=\u00a0\u00bboff\u00a0\u00bb][\/et_pb_sidebar][\/et_pb_column][\/et_pb_section]\n","protected":false},"excerpt":{"rendered":"<p><div id=\"metaslider-id-1932\" style=\"width: 100%;\" class=\"ml-slider-3-104-0 metaslider metaslider-nivo metaslider-1932 ml-slider has-dots-nav ms-theme-default\" role=\"region\" aria-label=\"SLIDE EN HOME\">\n    <div id=\"metaslider_container_1932\">\n        <div class='slider-wrapper theme-default'><div class='ribbon'><\/div><div id='metaslider_1932' class='nivoSlider'><img loading=\"lazy\" decoding=\"async\" src=\"https:\/\/www.istium.pro\/web\/wp-content\/uploads\/2018\/05\/slider1-0x0.jpg\" height=\"0\" width=\"0\" data-caption=\"&lt;h3&gt;Welcome to the world of secure transaction and the digital economy!&lt;\/h3&gt;\" title=\"slider1\" alt=\"\" class=\"slider-1932 slide-1933 msDefaultImage\" \/><img loading=\"lazy\" decoding=\"async\" src=\"https:\/\/www.istium.pro\/web\/wp-content\/uploads\/2018\/05\/slider2-0x0.jpg\" height=\"0\" width=\"0\" data-caption=\"&lt;h3&gt;Strategic and Operational support for our customers&lt;\/h3&gt;\" title=\"slider2\" alt=\"\" class=\"slider-1932 slide-1934 msDefaultImage\" \/><img loading=\"lazy\" decoding=\"async\" src=\"https:\/\/www.istium.pro\/web\/wp-content\/uploads\/2025\/01\/jeffrey-hamilton-jrRe6er0pY0-unsplash-scaled-0x0.jpg\" height=\"0\" width=\"0\" data-caption=\"&lt;h3&gt;Training and skills transfert&lt;\/h3&gt;\" title=\"jeffrey-hamilton-jrRe6er0pY0-unsplash\" alt=\"\" class=\"slider-1932 slide-1935 msDefaultImage\" \/><\/div><\/div>\n        \n    <\/div>\n<\/div>Expert in Secure Transaction and Digital Business DevelopmentExpert in securing information &amp; digital economy We actively act to develop digital economy worldwide. Payment systems Information system for financial institutions (banks, micro-finances, electronic money issuers) Loyalty programs Secure exchanges between companies either private or public Cyber-security bulb options iconConseil Strat\u00e9gique \u00a0 STRATEGICADVISORY bulb options iconConseil [&hellip;]<\/p>\n","protected":false},"author":4,"featured_media":0,"parent":0,"menu_order":0,"comment_status":"closed","ping_status":"closed","template":"","meta":{"_et_pb_use_builder":"on","_et_pb_old_content":"<div id=\"pl-1945\" class=\"panel-layout\">\r\n<div id=\"pg-1945-0\" class=\"panel-grid panel-no-style\" data-style=\"{\"cell_alignment\":\"flex-start\",\"vertical_gutter\":\"default\",\"background_image\":false,\"background_image_position\":\"center top\",\"background_image_style\":\"cover\",\"row_separator\":\"none\"}\" data-ratio=\"1\" data-ratio-direction=\"right\">\r\n<div id=\"pgc-1945-0-0\" class=\"panel-grid-cell\" data-weight=\"1\">\r\n<div id=\"panel-1945-0-0-0\" class=\"so-panel widget widget_metaslider_widget panel-first-child\" data-index=\"0\" data-style=\"{\"background_image_attachment\":false,\"background_display\":\"tile\",\"kt_animation_duration\":\"default\",\"kt_animation_delay\":\"default\"}\">[siteorigin_widget class=\"MetaSlider_Widget\"]<input type=\"hidden\" value=\"{\"instance\":{\"slider_id\":\"1932\",\"title\":\"\",\"so_sidebar_emulator_id\":\"metaslider_widget-194510000\",\"option_name\":\"widget_metaslider_widget\"},\"args\":{\"before_widget\":\"\r\n<div id=\\\"panel-1945-0-0-0\\\" class=\\\"so-panel widget widget_metaslider_widget panel-first-child\\\" data-index=\\\"0\\\" data-style=\\\"{\"background_image_attachment\":false,\"background_display\":\"tile\",\"kt_animation_duration\":\"default\",\"kt_animation_delay\":\"default\"}\\\" >\",\"after_widget\":\"<\\\/div>\",\"before_title\":\"\r\n<h3 class=\\\"widget-title\\\">\",\"after_title\":\"<\\\/h3>\",\"widget_id\":\"widget-0-0-0\"}}\">[\/siteorigin_widget]<\/div>\r\n<div id=\"panel-1945-0-0-1\" class=\"so-panel widget widget_text\" data-index=\"1\" data-style=\"{\"background_image_attachment\":false,\"background_display\":\"tile\",\"kt_animation_duration\":\"default\",\"kt_animation_delay\":\"default\"}\">\r\n<div class=\"textwidget\">\r\n<h1>Expert in securing information & digital economy<\/h1>\r\n<h2>We actively act to develop digital economy worldwide.<\/h2>\r\n<ul>\r\n \t<li>Payment system<\/li>\r\n \t<li>Syst\u00e8mes d\u2019information pour institutions financi\u00e8res (banques, micro-finances, \u00e9metteur de monnaie \u00e9lectronique)<\/li>\r\n \t<li>Syst\u00e8me de fid\u00e9lisation<\/li>\r\n \t<li>Echanges s\u00e9curis\u00e9s entre entreprises priv\u00e9es et publiques<\/li>\r\n \t<li>Cyber-s\u00e9curit\u00e9 des entreprises<\/li>\r\n<\/ul>\r\n<\/div>\r\n<\/div>\r\n<div id=\"panel-1945-0-0-2\" class=\"so-panel widget panel-last-child\" data-index=\"2\" data-style=\"{\"background_image_attachment\":false,\"background_display\":\"tile\",\"kt_animation_duration\":\"default\",\"kt_animation_delay\":\"default\"}\"><\/div>\r\n<\/div>\r\n<\/div>\r\n<div id=\"pg-1945-1\" class=\"panel-grid panel-no-style\" data-style=\"{\"cell_alignment\":\"flex-start\",\"vertical_gutter\":\"default\",\"background_image\":false,\"background_image_position\":\"center top\",\"background_image_style\":\"cover\",\"row_separator\":\"none\"}\" data-ratio=\"1\" data-ratio-direction=\"right\">\r\n<div id=\"pgc-1945-1-0\" class=\"panel-grid-cell\" data-weight=\"0.25\">\r\n<div id=\"panel-1945-1-0-0\" class=\"so-panel widget widget_sow-editor panel-first-child panel-last-child\" data-index=\"3\" data-style=\"{\"class\":\"rect\",\"mobile_padding\":\"30px 10px 30px 10px\",\"background\":\"#465866\",\"background_image_attachment\":false,\"background_display\":\"fixed\",\"border_color\":\"#ffffff\",\"kt_animation_duration\":\"default\",\"kt_animation_delay\":\"default\",\"margin\":\"30px 0px 30px 0px\",\"font_color\":\"#ffffff\"}\">\r\n<div class=\"rect panel-widget-style panel-widget-style-for-1945-1-0-0\">\r\n<div class=\"so-widget-sow-editor so-widget-sow-editor-base\">\r\n<div class=\"siteorigin-widget-tinymce textwidget\">\r\n\r\n\u00a0\r\n<p style=\"text-align: center;\"><a href=\"http:\/\/www.istium.pro\/web\/accompagnement-strategique-pour-les-maitrises-douvrage\/\">Conseil et Strat\u00e9gie<\/a><\/p>\r\n\r\n<h3 style=\"text-align: center;\"><a href=\"http:\/\/www.istium.pro\/web\/accompagnement-strategique-pour-les-maitrises-douvrage\/\"><img class=\"aligncenter wp-image-478 size-full\" src=\"http:\/\/www.istium.pro\/web\/wp-content\/uploads\/2018\/05\/icone-graph.png\" alt=\"\" width=\"64\" height=\"64\"><\/a><\/h3>\r\n<\/div>\r\n<\/div>\r\n<\/div>\r\n<\/div>\r\n<\/div>\r\n<div id=\"pgc-1945-1-1\" class=\"panel-grid-cell\" data-weight=\"0.25\">\r\n<div id=\"panel-1945-1-1-0\" class=\"so-panel widget widget_sow-editor panel-first-child panel-last-child\" data-index=\"4\" data-style=\"{\"class\":\"rect\",\"mobile_padding\":\"30px 10px 30px 10px\",\"background\":\"#f1a63c\",\"background_image_attachment\":false,\"background_display\":\"fixed\",\"border_color\":\"#ffffff\",\"kt_animation_duration\":\"default\",\"kt_animation_delay\":\"default\",\"margin\":\"30px 0px 30px 0px\",\"font_color\":\"#ffffff\"}\">\r\n<div class=\"rect panel-widget-style panel-widget-style-for-1945-1-1-0\">\r\n<div class=\"so-widget-sow-editor so-widget-sow-editor-base\">\r\n<div class=\"siteorigin-widget-tinymce textwidget\">\r\n\r\n\u00a0\r\n<p style=\"text-align: center;\"><a href=\"http:\/\/www.istium.pro\/web\/accompagnement-operationnel-des-maitres-doeuvre\/\">Projets op\u00e9rationnels<\/a><\/p>\r\n\r\n<h3 style=\"text-align: center;\"><a href=\"http:\/\/www.istium.pro\/web\/accompagnement-operationnel-des-maitres-doeuvre\/\"><img class=\"aligncenter wp-image-556 size-full\" src=\"http:\/\/www.istium.pro\/web\/wp-content\/uploads\/2018\/05\/icone-certification.png\" alt=\"\" width=\"64\" height=\"64\"><\/a><\/h3>\r\n<\/div>\r\n<\/div>\r\n<\/div>\r\n<\/div>\r\n<\/div>\r\n<div id=\"pgc-1945-1-2\" class=\"panel-grid-cell\" data-weight=\"0.25\">\r\n<div id=\"panel-1945-1-2-0\" class=\"so-panel widget widget_sow-editor panel-first-child panel-last-child\" data-index=\"5\" data-style=\"{\"class\":\"rect\",\"widget_css\":\"rect\",\"mobile_padding\":\"30px 10px 30px 10px\",\"background\":\"#2aa6c8\",\"background_image_attachment\":false,\"background_display\":\"fixed\",\"border_color\":\"#ffffff\",\"kt_animation_duration\":\"default\",\"kt_animation_delay\":\"default\",\"margin\":\"30px 0px 30px 0px\",\"font_color\":\"#ffffff\"}\">\r\n<div class=\"rect panel-widget-style panel-widget-style-for-1945-1-2-0\">\r\n<div class=\"so-widget-sow-editor so-widget-sow-editor-base\">\r\n<div class=\"siteorigin-widget-tinymce textwidget\">\r\n\r\n\u00a0\r\n<p style=\"text-align: center;\"><a href=\"http:\/\/www.istium.pro\/web\/la-formation-et-le-transfert-de-competences\/\">Formations et Transfert\r\nde comp\u00e9tences<\/a>\r\n\r\n<p style=\"text-align: center;\"><a href=\"http:\/\/www.istium.pro\/web\/la-formation-et-le-transfert-de-competences\/\"><img class=\"aligncenter wp-image-561 size-full\" src=\"http:\/\/www.istium.pro\/web\/wp-content\/uploads\/2018\/05\/icone-formation-1.png\" alt=\"\" width=\"64\" height=\"64\"><\/a><\/p>\r\n\r\n<\/div>\r\n<\/div>\r\n<\/div>\r\n<\/div>\r\n<\/div>\r\n<div id=\"pgc-1945-1-3\" class=\"panel-grid-cell\" data-weight=\"0.25\">\r\n<div id=\"panel-1945-1-3-0\" class=\"so-panel widget widget_sow-editor panel-first-child panel-last-child\" data-index=\"6\" data-style=\"{\"class\":\"rect\",\"mobile_padding\":\"30px 10px 30px 10px\",\"background\":\"#f57464\",\"background_image_attachment\":false,\"background_display\":\"fixed\",\"border_color\":\"#ffffff\",\"kt_animation_duration\":\"default\",\"kt_animation_delay\":\"default\",\"margin\":\"30px 0px 30px 0px\",\"font_color\":\"#ffffff\"}\">\r\n<div class=\"rect panel-widget-style panel-widget-style-for-1945-1-3-0\">\r\n<div class=\"so-widget-sow-editor so-widget-sow-editor-base\">\r\n<div class=\"siteorigin-widget-tinymce textwidget\">\r\n\r\n\u00a0\r\n\r\n<p style=\"text-align: center;\"><a href=\"http:\/\/www.istium.pro\/web\/la-transaction-securisee-ailleurs\/\">S\u00e9curit\u00e9\r\nde l'information<\/a>\r\n<h3 style=\"text-align: center;\"><a href=\"http:\/\/www.istium.pro\/web\/la-transaction-securisee-ailleurs\/\"><img class=\"aligncenter wp-image-555 size-full\" src=\"http:\/\/www.istium.pro\/web\/wp-content\/uploads\/2018\/05\/icone-cadenas.png\" alt=\"\" width=\"64\" height=\"64\"><\/a><\/h3>\r\n<\/div>\r\n<\/div>\r\n<\/div>\r\n<\/div>\r\n<\/div>\r\n<\/div>\r\n<div id=\"pg-1945-2\" class=\"panel-grid panel-no-style\" data-style=\"{\"cell_alignment\":\"flex-start\",\"vertical_gutter\":\"default\",\"background_image\":false,\"background_image_position\":\"center top\",\"background_image_style\":\"cover\",\"row_separator\":\"none\"}\">\r\n<div id=\"pgc-1945-2-0\" class=\"panel-grid-cell\" data-weight=\"0.63270637408568\">\r\n<div id=\"panel-1945-2-0-0\" class=\"so-panel widget widget_em_widget panel-first-child panel-last-child\" data-index=\"7\" data-style=\"{\"background_image_attachment\":false,\"background_display\":\"tile\",\"kt_animation_duration\":\"default\",\"kt_animation_delay\":\"default\"}\">[siteorigin_widget class=\"EM_Widget\"]<input type=\"hidden\" value=\"{\"instance\":{\"title\":\"\\u00c9v\\u00e8nements\",\"limit\":\"5\",\"scope\":\"future\",\"orderby\":\"event_start_date,event_start_time,event_name\",\"order\":\"ASC\",\"category\":\"0\",\"all_events\":\"on\",\"all_events_text\":\"tous les \\u00e9v\\u00e8nements\",\"format\":\"\r\n \t<li>#_EVENTLINK\r\n<ul>\r\n \t<li>#_EVENTDATES<\\\/li>\r\n \t<li>#_LOCATIONTOWN<\\\/li><\\\/ul><\\\/li>\",\"no_events_text\":\"\r\n \t<li>Aucun \\u00e9v\\u00e8nement<\\\/li>\",\"nolistwrap\":false,\"so_sidebar_emulator_id\":\"em_widget-194510007\",\"option_name\":\"widget_em_widget\"},\"args\":{\"before_widget\":\"\r\n<div id=\\\"panel-1945-2-0-0\\\" class=\\\"so-panel widget widget_em_widget panel-first-child panel-last-child\\\" data-index=\\\"7\\\" data-style=\\\"{\"background_image_attachment\":false,\"background_display\":\"tile\",\"kt_animation_duration\":\"default\",\"kt_animation_delay\":\"default\"}\\\" >\",\"after_widget\":\"<\\\/div>\",\"before_title\":\"\r\n<h3 class=\\\"widget-title\\\">\",\"after_title\":\"<\\\/h3>\",\"widget_id\":\"widget-2-0-0\"}}\">[\/siteorigin_widget]<\/div>\r\n<\/div>\r\n<div id=\"pgc-1945-2-1\" class=\"panel-grid-cell\" data-weight=\"0.36729362591432\">\r\n<div id=\"panel-1945-2-1-0\" class=\"so-panel widget widget_do-etfw widget-do-etfw panel-first-child panel-last-child\" data-index=\"8\" data-style=\"{\"background_image_attachment\":false,\"background_display\":\"tile\",\"kt_animation_type\":\"fadeInUp\",\"kt_animation_duration\":\"300\",\"kt_animation_delay\":\"default\"}\">\r\n<div class=\"kt-pb-animation kt-pb-fadeInUp kt-pb-duration-300 kt-pb-delay-0 panel-widget-style panel-widget-style-for-1945-2-1-0\">[siteorigin_widget class=\"DO_ETFW_Widget\"]<input type=\"hidden\" value=\"{\"instance\":{\"title\":\"\",\"twitter_timeline_type\":\"username\",\"twitter_widget_username\":\"istium_infos\",\"twitter_widget_id\":\"\",\"twitter_widget_width\":\"\",\"twitter_widget_height\":520,\"twitter_widget_tweet_limit\":null,\"twitter_widget_theme\":\"light\",\"twitter_widget_link_color\":\"#3b94d9\",\"twitter_widget_border_color\":\"#f5f5f5\",\"twitter_widget_chrome\":[],\"so_sidebar_emulator_id\":\"do-etfw-194510008\",\"option_name\":\"widget_do-etfw\"},\"args\":{\"before_widget\":\"\r\n<div id=\\\"panel-1945-2-1-0\\\" class=\\\"so-panel widget widget_do-etfw widget-do-etfw panel-first-child panel-last-child\\\" data-index=\\\"8\\\" data-style=\\\"{\"background_image_attachment\":false,\"background_display\":\"tile\",\"kt_animation_type\":\"fadeInUp\",\"kt_animation_duration\":\"300\",\"kt_animation_delay\":\"default\"}\\\" >\r\n<div class=\\\"kt-pb-animation kt-pb-fadeInUp kt-pb-duration-300 kt-pb-delay-0 panel-widget-style panel-widget-style-for-1945-2-1-0\\\" >\",\"after_widget\":\"<\\\/div><\\\/div>\",\"before_title\":\"\r\n<h3 class=\\\"widget-title\\\">\",\"after_title\":\"<\\\/h3>\",\"widget_id\":\"widget-2-1-0\"}}\">[\/siteorigin_widget]<\/div>\r\n<\/div>\r\n<\/div>\r\n<\/div>\r\n<\/div>","_et_gb_content_width":"","footnotes":""},"class_list":["post-1945","page","type-page","status-publish","hentry"],"aioseo_notices":[],"_links":{"self":[{"href":"https:\/\/www.istium.pro\/web\/wp-json\/wp\/v2\/pages\/1945","targetHints":{"allow":["GET"]}}],"collection":[{"href":"https:\/\/www.istium.pro\/web\/wp-json\/wp\/v2\/pages"}],"about":[{"href":"https:\/\/www.istium.pro\/web\/wp-json\/wp\/v2\/types\/page"}],"author":[{"embeddable":true,"href":"https:\/\/www.istium.pro\/web\/wp-json\/wp\/v2\/users\/4"}],"replies":[{"embeddable":true,"href":"https:\/\/www.istium.pro\/web\/wp-json\/wp\/v2\/comments?post=1945"}],"version-history":[{"count":39,"href":"https:\/\/www.istium.pro\/web\/wp-json\/wp\/v2\/pages\/1945\/revisions"}],"predecessor-version":[{"id":2750,"href":"https:\/\/www.istium.pro\/web\/wp-json\/wp\/v2\/pages\/1945\/revisions\/2750"}],"wp:attachment":[{"href":"https:\/\/www.istium.pro\/web\/wp-json\/wp\/v2\/media?parent=1945"}],"curies":[{"name":"wp","href":"https:\/\/api.w.org\/{rel}","templated":true}]}}