{"id":1885,"date":"2018-05-18T14:47:31","date_gmt":"2018-05-18T12:47:31","guid":{"rendered":"http:\/\/www.istium.pro\/web\/?page_id=1885"},"modified":"2019-09-02T10:49:39","modified_gmt":"2019-09-02T08:49:39","slug":"politica-de-privacidad-y-proteccion-de-los-datos","status":"publish","type":"page","link":"https:\/\/www.istium.pro\/web\/politica-de-privacidad-y-proteccion-de-los-datos\/","title":{"rendered":"Pol\u00edtica de Privacidad y protecci\u00f3n de los datos."},"content":{"rendered":"<h2>Introduction<\/h2>\n<p>ISTIUM se compromete a cumplir la normativa vigente aplicable al tratamiento de datos personales y, en particular, el Reglamento (UE) 2016\/679 del Parlamento Europeo y del Consejo, de 27 de abril de 2016, aplicable a partir del 25 de mayo de 2018 (tambi\u00e9n llamado \u00ab\u00a0Reglamento general de protecci\u00f3n de datos &#8211; GDPR\u00a0\u00bb).<\/p>\n<h2>1- Recolecci\u00f3n de informaci\u00f3n<\/h2>\n<p>Recopilamos informaci\u00f3n cuando navega por nuestro sitio, se registra en nuestro sitio. La informaci\u00f3n recopilada incluye su nombre, su nombre, su direcci\u00f3n de correo electr\u00f3nico, su n\u00famero de tel\u00e9fono, su funci\u00f3n.<\/p>\n<p>Adem\u00e1s, recibimos y almacenamos autom\u00e1ticamente informaci\u00f3n de su computadora y navegador, incluida su direcci\u00f3n IP, software y hardware, y la p\u00e1gina que solicita.<\/p>\n<h2>2- Uso de la informaci\u00f3n<\/h2>\n<p>Cualquier informaci\u00f3n que recopilemos de usted puede ser utilizada para:<\/p>\n<ul>\n<li>Responda a sus solicitudes de contacto<\/li>\n<li>Proporcionar informaci\u00f3n adecuada.<\/li>\n<li>Enviar contenido<\/li>\n<li>Contactarlo por correo electr\u00f3nico con su consentimiento, incluido el env\u00edo de una carta de noticias<\/li>\n<\/ul>\n<h2>3- Confidentialidad de los datos<\/h2>\n<p>Somos los \u00fanicos propietarios de la informaci\u00f3n recopilada en este sitio.<\/p>\n<p>Su informaci\u00f3n personal no se vende, intercambia ni transfiere a otra compa\u00f1\u00eda, a excepci\u00f3n de cualquier tercero de confianza con quien colaboremos en el desempe\u00f1o de nuestras tareas, siempre que estas partes acuerden mantener dicha informaci\u00f3n confidencial.<\/p>\n<h2>4- Protecci\u00f3n de la informaci\u00f3n<\/h2>\n<p>Implementamos un conjunto de medidas de seguridad para salvaguardar la seguridad de su informaci\u00f3n personal. Las computadoras y los servidores utilizados para almacenar informaci\u00f3n de identificaci\u00f3n personal se mantienen en un entorno seguro.<\/p>\n<h2>5- Uso de cookies<\/h2>\n<p>Este sitio utiliza cookies para mejorar el funcionamiento y la navegaci\u00f3n. Identifican visitantes regulares. Adem\u00e1s, nuestras cookies mejoran la experiencia del usuario al rastrear y orientar sus intereses. Sin embargo, este uso de cookies no est\u00e1 vinculado de ninguna manera a la informaci\u00f3n de identificaci\u00f3n personal en nuestro sitio<\/p>\n<h2>6- Derecho de los usuarios (Acceso, actualizaci\u00f3n, oposici\u00f3n, retirada y olvido&rsquo;<\/h2>\n<p>Nos comprometemos a otorgarle el derecho de acceder, oponerse y excluirse de su informaci\u00f3n personal.<\/p>\n<p>El derecho de acceso se entiende como la posibilidad ofrecida a los internautas de consultar, modificar o incluso cancelar la informaci\u00f3n que les concierne.<\/p>\n<p>El derecho de oposici\u00f3n se entiende como la posibilidad ofrecida a los usuarios de Internet de rechazar que su informaci\u00f3n personal sea utilizada para ciertos fines mencionados durante la recopilaci\u00f3n.<\/p>\n<p>El derecho de desistimiento se entiende como la posibilidad ofrecida a los usuarios de Internet de solicitar que su informaci\u00f3n personal ya no aparezca, por ejemplo, en una lista de correo.<\/p>\n<p>Para ejercer estos derechos, puede contactarnos. ver qbqjo;<\/p>\n<p>Su solicitud ser\u00e1 procesada dentro de los 30 d\u00edas de haberla recibido.<\/p>\n<h2>7- Data and System Security<\/h2>\n<p>La informaci\u00f3n personal que recopilamos se mantiene en un entorno seguro. Las personas que trabajan para nosotros deben respetar la confidencialidad de su informaci\u00f3n.<\/p>\n<p>Estamos comprometidos a mantener un alto grado de privacidad con respecto a sus datos personales. Sin embargo, dado que ning\u00fan mecanismo ofrece la m\u00e1xima seguridad, siempre existe un riesgo al utilizar Internet para transmitir informaci\u00f3n personal.<\/p>\n<h2>8- DPO Contact<\/h2>\n<h3>\n\t\t\t\t\tDPO<\/h3>\n<p>Email: dpo@istium.pro<\/p>\n<h3>\n\t\t\t\t\tCompany<\/h3>\n<p>Email: infos@istium.pro<br \/>\nCorreo postal. 19 allee du Puisard &#8211; 13127 VITROLLES France<\/p>\n","protected":false},"excerpt":{"rendered":"<p>Introduction ISTIUM se compromete a cumplir la normativa vigente aplicable al tratamiento de datos personales y, en particular, el Reglamento (UE) 2016\/679 del Parlamento Europeo y del Consejo, de 27 de abril de 2016, aplicable a partir del 25 de mayo de 2018 (tambi\u00e9n llamado \u00ab\u00a0Reglamento general de protecci\u00f3n de datos &#8211; GDPR\u00a0\u00bb). 1- Recolecci\u00f3n [&hellip;]<\/p>\n","protected":false},"author":1,"featured_media":0,"parent":0,"menu_order":0,"comment_status":"closed","ping_status":"closed","template":"","meta":{"_et_pb_use_builder":"","_et_pb_old_content":"","_et_gb_content_width":"","footnotes":""},"class_list":["post-1885","page","type-page","status-publish","hentry"],"aioseo_notices":[],"_links":{"self":[{"href":"https:\/\/www.istium.pro\/web\/wp-json\/wp\/v2\/pages\/1885","targetHints":{"allow":["GET"]}}],"collection":[{"href":"https:\/\/www.istium.pro\/web\/wp-json\/wp\/v2\/pages"}],"about":[{"href":"https:\/\/www.istium.pro\/web\/wp-json\/wp\/v2\/types\/page"}],"author":[{"embeddable":true,"href":"https:\/\/www.istium.pro\/web\/wp-json\/wp\/v2\/users\/1"}],"replies":[{"embeddable":true,"href":"https:\/\/www.istium.pro\/web\/wp-json\/wp\/v2\/comments?post=1885"}],"version-history":[{"count":3,"href":"https:\/\/www.istium.pro\/web\/wp-json\/wp\/v2\/pages\/1885\/revisions"}],"predecessor-version":[{"id":1889,"href":"https:\/\/www.istium.pro\/web\/wp-json\/wp\/v2\/pages\/1885\/revisions\/1889"}],"wp:attachment":[{"href":"https:\/\/www.istium.pro\/web\/wp-json\/wp\/v2\/media?parent=1885"}],"curies":[{"name":"wp","href":"https:\/\/api.w.org\/{rel}","templated":true}]}}