{"id":136,"date":"2014-08-14T15:51:03","date_gmt":"2012-12-10T13:46:45","guid":{"rendered":"http:\/\/www.istium.pro\/web\/?page_id=136"},"modified":"2019-09-02T09:08:39","modified_gmt":"2019-09-02T07:08:39","slug":"site-map","status":"publish","type":"page","link":"https:\/\/www.istium.pro\/web\/welcome-2\/site-map\/","title":{"rendered":"Site map"},"content":{"rendered":"<style type=\"text\/css\">.simple-sitemap-container-69ef27fbd7b15.tab-enabled .panel { border-top: 4px solid #de5737; } .simple-sitemap-container-69ef27fbd7b15.tab-enabled input:checked + label { background-color: #de5737; } .simple-sitemap-container-69ef27fbd7b15.tab-enabled input:checked + label > * { color: #ffffff; } <\/style><div id=\"simple-sitemap-container-69ef27fbd7b15\" class=\"simple-sitemap-container simple-sitemap-container-69ef27fbd7b15 tab-enabled\"><input type=\"radio\" name=\"tab-69ef27fbd7b15\" id=\"simple-sitemap-tab-1-69ef27fbd7b15\" checked>\n\t\t\t\t<label style=&quot;padding:10px 20px;&quot; for=\"simple-sitemap-tab-1-69ef27fbd7b15\"><h3 class=\"post-type\">Pages<\/h3><\/label><input type=\"radio\" name=\"tab-69ef27fbd7b15\" id=\"simple-sitemap-tab-2-69ef27fbd7b15\" >\n\t\t\t\t<label style=&quot;padding:10px 20px;&quot; for=\"simple-sitemap-tab-2-69ef27fbd7b15\"><h3 class=\"post-type\">Articles<\/h3><\/label><div class=\"simple-sitemap-content\"><div class=\"simple-sitemap-wrap simple-sitemap-tab-1 panel\"><ul class=\"simple-sitemap-page main\"><li class=\"sitemap-item page_item page-item-671\"><a href=\"https:\/\/www.istium.pro\/web\/accompagnement-operationnel-des-maitres-doeuvre\/\">Accompagnement op\u00e9rationnel des ma\u00eetres d\u2019\u0153uvre<\/a><\/li>\n<li class=\"sitemap-item page_item page-item-667\"><a href=\"https:\/\/www.istium.pro\/web\/accompagnement-strategique-pour-les-maitrises-douvrage-2\/\">Accompagnement strat\u00e9gique pour les ma\u00eetrises d\u2019ouvrage<\/a><\/li>\n<li class=\"sitemap-item page_item page-item-15 page_item_has_children\">Accueil\n<ul class='children'>\n\t<li class=\"sitemap-item page_item page-item-258\"><a href=\"https:\/\/www.istium.pro\/web\/accueil\/conditions-generales-de-vente\/\">Conditions g\u00e9n\u00e9rales de vente<\/a><\/li>\n\t<li class=\"sitemap-item page_item page-item-52\"><a href=\"https:\/\/www.istium.pro\/web\/accueil\/mentions-legales\/\">Mentions L\u00e9gales<\/a><\/li>\n\t<li class=\"sitemap-item page_item page-item-11\"><a href=\"https:\/\/www.istium.pro\/web\/accueil\/plan-du-site\/\">Plan du site<\/a><\/li>\n<\/ul>\n<\/li>\n<li class=\"sitemap-item page_item page-item-206\"><a href=\"https:\/\/www.istium.pro\/web\/actualites\/\">Actualit\u00e9s<\/a><\/li>\n<li class=\"sitemap-item page_item page-item-143\"><a href=\"https:\/\/www.istium.pro\/web\/calendar\/\">Calendar<\/a><\/li>\n<li class=\"sitemap-item page_item page-item-144\"><a href=\"https:\/\/www.istium.pro\/web\/calendar-2\/\">Calendar<\/a><\/li>\n<li class=\"sitemap-item page_item page-item-86\"><a href=\"https:\/\/www.istium.pro\/web\/compania\/\">Compania<\/a><\/li>\n<li class=\"sitemap-item page_item page-item-85\"><a href=\"https:\/\/www.istium.pro\/web\/company-2\/\">Company<\/a><\/li>\n<li class=\"sitemap-item page_item page-item-899\"><a href=\"https:\/\/www.istium.pro\/web\/login-3\/\">Conexi\u00f3n<\/a><\/li>\n<li class=\"sitemap-item page_item page-item-897\"><a href=\"https:\/\/www.istium.pro\/web\/login-2\/\">Connection<\/a><\/li>\n<li class=\"sitemap-item page_item page-item-894\"><a href=\"https:\/\/www.istium.pro\/web\/login\/\">Connexion<\/a><\/li>\n<li class=\"sitemap-item page_item page-item-29\"><a href=\"https:\/\/www.istium.pro\/web\/contacts\/\">Contact<\/a><\/li>\n<li class=\"sitemap-item page_item page-item-306\"><a href=\"https:\/\/www.istium.pro\/web\/contact-us\/\">Contact us<\/a><\/li>\n<li class=\"sitemap-item page_item page-item-303\"><a href=\"https:\/\/www.istium.pro\/web\/contactenos\/\">Cont\u00e1ctenos<\/a><\/li>\n<li class=\"sitemap-item page_item page-item-1189\"><a href=\"https:\/\/www.istium.pro\/web\/contact-experts\/\">Contactez nos experts<\/a><\/li>\n<li class=\"sitemap-item page_item page-item-804\"><a href=\"https:\/\/www.istium.pro\/web\/la-transaction-securisee-ailleurs\/\">D&rsquo;autres types de transactions s\u00e9curis\u00e9es<\/a><\/li>\n<li class=\"sitemap-item page_item page-item-460\"><a href=\"https:\/\/www.istium.pro\/web\/nos-domaines-dintervention\/\">Domaines d&rsquo;intervention<\/a><\/li>\n<li class=\"sitemap-item page_item page-item-182\"><a href=\"https:\/\/www.istium.pro\/web\/evenements-2\/\">Ev\u00e8nements<\/a><\/li>\n<li class=\"sitemap-item page_item page-item-174 page_item_has_children\">\u00c9v\u00e9nements\n<ul class='children'>\n\t<li class=\"sitemap-item page_item page-item-177\"><a href=\"https:\/\/www.istium.pro\/web\/evenements\/categories\/\">Cat\u00e9gories<\/a><\/li>\n\t<li class=\"sitemap-item page_item page-item-176\"><a href=\"https:\/\/www.istium.pro\/web\/evenements\/emplacements\/\">Emplacements<\/a><\/li>\n\t<li class=\"sitemap-item page_item page-item-179\"><a href=\"https:\/\/www.istium.pro\/web\/evenements\/mes-reservations\/\">Mes r\u00e9servations<\/a><\/li>\n\t<li class=\"sitemap-item page_item page-item-178\"><a href=\"https:\/\/www.istium.pro\/web\/evenements\/mots-clef\/\">Mots-clef<\/a><\/li>\n<\/ul>\n<\/li>\n<li class=\"sitemap-item page_item page-item-2490\"><a href=\"https:\/\/www.istium.pro\/web\/events\/\">Events<\/a><\/li>\n<li class=\"sitemap-item page_item page-item-24\"><a href=\"https:\/\/www.istium.pro\/web\/formations\/\">Formations<\/a><\/li>\n<li class=\"sitemap-item page_item page-item-1967\"><a href=\"https:\/\/www.istium.pro\/web\/home-2\/\">Home<\/a><\/li>\n<li class=\"sitemap-item page_item page-item-1945 page_item_has_children\">Home\n<ul class='children'>\n\t<li class=\"sitemap-item page_item page-item-283\"><a href=\"https:\/\/www.istium.pro\/web\/home\/legal-notice\/\">Legal notice<\/a><\/li>\n<\/ul>\n<\/li>\n<li class=\"sitemap-item page_item page-item-2 page_item_has_children\">Identit\u00e9\n<ul class='children'>\n\t<li class=\"sitemap-item page_item page-item-43\"><a href=\"https:\/\/www.istium.pro\/web\/company\/competences\/\">Comp\u00e9tences<\/a><\/li>\n<\/ul>\n<\/li>\n<li class=\"sitemap-item page_item page-item-1948 page_item_has_children\">Inicio\n<ul class='children'>\n\t<li class=\"sitemap-item page_item page-item-285\"><a href=\"https:\/\/www.istium.pro\/web\/inicio-2\/aviso-legal\/\">Aviso legal<\/a><\/li>\n<\/ul>\n<\/li>\n<li class=\"sitemap-item page_item page-item-81 page_item_has_children\">Inicio\n<ul class='children'>\n\t<li class=\"sitemap-item page_item page-item-138\"><a href=\"https:\/\/www.istium.pro\/web\/inicio\/plan-del-sitio\/\">Plan del sitio<\/a><\/li>\n\t<li class=\"sitemap-item page_item page-item-267\"><a href=\"https:\/\/www.istium.pro\/web\/inicio\/terminos-y-condiciones\/\">T\u00e9rminos y condiciones<\/a><\/li>\n<\/ul>\n<\/li>\n<li class=\"sitemap-item page_item page-item-753\"><a href=\"https:\/\/www.istium.pro\/web\/la-formation-et-le-transfert-de-competences\/\">La formation et le transfert de comp\u00e9tences<\/a><\/li>\n<li class=\"sitemap-item page_item page-item-765\"><a href=\"https:\/\/www.istium.pro\/web\/la-transaction-securisee-dans-la-monetique-cartes\/\">La transaction s\u00e9curis\u00e9e dans la mon\u00e9tique (cartes)<\/a><\/li>\n<li class=\"sitemap-item page_item page-item-295\"><a href=\"https:\/\/www.istium.pro\/web\/news\/\">News<\/a><\/li>\n<li class=\"sitemap-item page_item page-item-508\"><a href=\"https:\/\/www.istium.pro\/web\/nos-formations\/\">Nos Formations<\/a><\/li>\n<li class=\"sitemap-item page_item page-item-297\"><a href=\"https:\/\/www.istium.pro\/web\/noticias\/\">Noticias<\/a><\/li>\n<li class=\"sitemap-item page_item page-item-20\"><a href=\"https:\/\/www.istium.pro\/web\/offres\/\">Offres<\/a><\/li>\n<li class=\"sitemap-item page_item page-item-505\"><a href=\"https:\/\/www.istium.pro\/web\/nos-offres\/\">Offres<\/a><\/li>\n<li class=\"sitemap-item page_item page-item-347\"><a href=\"https:\/\/www.istium.pro\/web\/page-inexistante\/\">Page inexistante<\/a><\/li>\n<li class=\"sitemap-item page_item page-item-1024\"><a href=\"https:\/\/www.istium.pro\/web\/page-not-found\/\">Page Not found<\/a><\/li>\n<li class=\"sitemap-item page_item page-item-1885\"><a href=\"https:\/\/www.istium.pro\/web\/politica-de-privacidad-y-proteccion-de-los-datos\/\">Pol\u00edtica de Privacidad y protecci\u00f3n de los datos.<\/a><\/li>\n<li class=\"sitemap-item page_item page-item-545\"><a href=\"https:\/\/www.istium.pro\/web\/confidentialite-protection-donnees\/\">Politique de Confidentialit\u00e9 et de Protection des Donn\u00e9es<\/a><\/li>\n<li class=\"sitemap-item page_item page-item-1877\"><a href=\"https:\/\/www.istium.pro\/web\/privacy-rule-and-data-protection\/\">Privacy rule and Data protection<\/a><\/li>\n<li class=\"sitemap-item page_item page-item-1958\"><a href=\"https:\/\/www.istium.pro\/web\/test-home\/\">TEST HOME<\/a><\/li>\n<li class=\"sitemap-item page_item page-item-498\"><a href=\"https:\/\/www.istium.pro\/web\/nos-valeurs\/\">Valeurs<\/a><\/li>\n<li class=\"sitemap-item page_item page-item-2182\"><a href=\"https:\/\/www.istium.pro\/web\/nos-valeurs-2\/\">Valeurs<\/a><\/li>\n<li class=\"sitemap-item page_item page-item-2201\"><a href=\"https:\/\/www.istium.pro\/web\/vision\/\">Vision<\/a><\/li>\n<li class=\"sitemap-item page_item page-item-492\"><a href=\"https:\/\/www.istium.pro\/web\/notre-vision\/\">Vision des enjeux<\/a><\/li>\n<li class=\"sitemap-item page_item page-item-495\"><a href=\"https:\/\/www.istium.pro\/web\/notre-vocation\/\">Vocation<\/a><\/li>\n<li class=\"sitemap-item page_item page-item-78\"><a href=\"https:\/\/www.istium.pro\/web\/welcome\/\">Welcome<\/a><\/li>\n<li class=\"sitemap-item page_item page-item-254 page_item_has_children\">Welcome\n<ul class='children'>\n\t<li class=\"sitemap-item page_item page-item-136\"><a href=\"https:\/\/www.istium.pro\/web\/welcome-2\/site-map\/\">Site map<\/a><\/li>\n\t<li class=\"sitemap-item page_item page-item-264\"><a href=\"https:\/\/www.istium.pro\/web\/welcome-2\/terms-conditions\/\">Terms &amp; Conditions<\/a><\/li>\n<\/ul>\n<\/li>\n<\/ul><\/div><div class=\"simple-sitemap-wrap simple-sitemap-tab-2 panel\"><ul class=\"simple-sitemap-post main\"><li class=\"sitemap-item\"><a href=\"https:\/\/www.istium.pro\/web\/africa-forum-banking-abf-2025-les-29-20-fevrier-2025-a-tunis\/\">Africa Forum Banking 2025 les 29-20\/02\/2025 \u00e0 Tunis<\/a><\/li><li class=\"sitemap-item\"><a href=\"https:\/\/www.istium.pro\/web\/bienvenidos-a-todos\/\">Bienvenidos a todos<\/a><\/li><li class=\"sitemap-item\"><a href=\"https:\/\/www.istium.pro\/web\/bonne-annee-2020\/\">Bonne Ann\u00e9e 2020 !<\/a><\/li><li class=\"sitemap-item\"><a href=\"https:\/\/www.istium.pro\/web\/istium-membre-associe-nexo\/\">ISTIUM devient membre associ\u00e9 de nexo-standards<\/a><\/li><li class=\"sitemap-item\"><a href=\"https:\/\/www.istium.pro\/web\/istium-is-appointed-as-associate-member-of-nexo-standards\/\">ISTIUM is appointed as Associate Member of nexo-standards<\/a><\/li><li class=\"sitemap-item\"><a href=\"https:\/\/www.istium.pro\/web\/istium-se-convierte-en-miembro-asociado-de-nexo-standards\/\">ISTIUM se convierte en miembro asociado de nexo-standards<\/a><\/li><li class=\"sitemap-item\"><a href=\"https:\/\/www.istium.pro\/web\/iso20022-approuve-le-protocole-marchand-nexo\/\">L&rsquo;autorit\u00e9 d&rsquo;enregistrement ISO 20022 approuve le protocole marchand de nexo-standards<\/a><\/li><li class=\"sitemap-item\"><a href=\"https:\/\/www.istium.pro\/web\/la-autoridad-de-registro-iso-20022-aprueba-el-protocolo-de-commercios-elaborado-por-nexo-standards\/\">La autoridad de registro ISO 20022 aprueba el protocolo de Comerciantes elaborado por &lsquo;nexo-standards&rsquo;.<\/a><\/li><li class=\"sitemap-item\"><a href=\"https:\/\/www.istium.pro\/web\/the-iso-20022-registering-authority-approves-retailer-protocol-from-nexo-standards\/\">The ISO 20022 Registering Authority approves Retailer protocol from nexo-standards<\/a><\/li><\/ul><\/div><\/div><\/div><br style=\"clear: both;\">","protected":false},"excerpt":{"rendered":"","protected":false},"author":1,"featured_media":0,"parent":254,"menu_order":99,"comment_status":"closed","ping_status":"closed","template":"","meta":{"_et_pb_use_builder":"","_et_pb_old_content":"","_et_gb_content_width":"","footnotes":""},"class_list":["post-136","page","type-page","status-publish","hentry"],"aioseo_notices":[],"_links":{"self":[{"href":"https:\/\/www.istium.pro\/web\/wp-json\/wp\/v2\/pages\/136","targetHints":{"allow":["GET"]}}],"collection":[{"href":"https:\/\/www.istium.pro\/web\/wp-json\/wp\/v2\/pages"}],"about":[{"href":"https:\/\/www.istium.pro\/web\/wp-json\/wp\/v2\/types\/page"}],"author":[{"embeddable":true,"href":"https:\/\/www.istium.pro\/web\/wp-json\/wp\/v2\/users\/1"}],"replies":[{"embeddable":true,"href":"https:\/\/www.istium.pro\/web\/wp-json\/wp\/v2\/comments?post=136"}],"version-history":[{"count":3,"href":"https:\/\/www.istium.pro\/web\/wp-json\/wp\/v2\/pages\/136\/revisions"}],"predecessor-version":[{"id":1874,"href":"https:\/\/www.istium.pro\/web\/wp-json\/wp\/v2\/pages\/136\/revisions\/1874"}],"up":[{"embeddable":true,"href":"https:\/\/www.istium.pro\/web\/wp-json\/wp\/v2\/pages\/254"}],"wp:attachment":[{"href":"https:\/\/www.istium.pro\/web\/wp-json\/wp\/v2\/media?parent=136"}],"curies":[{"name":"wp","href":"https:\/\/api.w.org\/{rel}","templated":true}]}}